{"id":67166,"date":"2024-03-01T18:17:03","date_gmt":"2024-03-01T21:17:03","guid":{"rendered":"https:\/\/www.dommodesto.com.br\/?post_type=product&#038;p=67166"},"modified":"2024-03-01T23:02:23","modified_gmt":"2024-03-02T02:02:23","slug":"diferencialidades-e-inquietudes-no-direito","status":"publish","type":"product","link":"https:\/\/www.dommodesto.com.br\/en\/product\/diferencialidades-e-inquietudes-no-direito\/","title":{"rendered":"Diferencialidades e inquietudes no Direito"},"content":{"rendered":"<p>&#8220;Diferencialidades e Inquietudes no Direito&#8221; apresenta uma an\u00e1lise aprofundada das complexidades e nuances do Direito na contemporaneidade. Este comp\u00eandio jur\u00eddico, enraizado em rigorosa pesquisa acad\u00eamica, explora aspectos fundamentais do Direito Constitucional, Hermen\u00eautica Jur\u00eddica e Direitos Humanos, oferecendo uma vis\u00e3o abrangente e multifacetada dos desafios e oportunidades no campo jur\u00eddico.<\/p>\n<p>A obra \u00e9 composta por treze cap\u00edtulos que oferecem uma vis\u00e3o cr\u00edtica sobre a intersec\u00e7\u00e3o entre lei, sociedade e \u00e9tica, resultando das pesquisas desenvolvidas por mestrandos e doutorandos do Programa de P\u00f3s-Gradua\u00e7\u00e3o em Direito da Universidade do Vale do Rio dos Sinos (UNISINOS), nas linhas de pesquisa: <em>Hermen\u00eautica, Constitui\u00e7\u00e3o e Concretiza\u00e7\u00e3o de Direitos<\/em> e <em>Sociedade, Novos Direitos e Transnacionaliza\u00e7\u00e3o<\/em>.<\/p>","protected":false},"excerpt":{"rendered":"<p>Lais Nardon Martins<br \/>Bruna Hoisler Sallet<br \/>Luciane Lourdes Webber Toss<br \/>Camila Fenalti Salla<br \/>Guilherme Carneiro de Rezende<br \/>(Orgs.)<\/p>\n<p><strong>E-book gratuito &#8211; Clique no bot\u00e3o Download.<\/strong><br \/><strong>Vers\u00e3o impressa &#8211; indispon\u00edvel.<\/strong><\/p>","protected":false},"featured_media":67169,"template":"","meta":{"_joinchat":[]},"product_brand":[],"product_cat":[57],"product_tag":[275],"class_list":{"0":"post-67166","1":"product","2":"type-product","3":"status-publish","4":"has-post-thumbnail","6":"product_cat-ciencias-sociais-aplicadas","7":"product_tag-diferencialidades-e-inquietudes-no-direito","8":"align-center","9":"box-shadow-1","10":"box-shadow-3-hover","11":"ast-product-gallery-layout-horizontal","12":"ast-product-gallery-with-no-image","13":"ast-product-tabs-layout-horizontal","15":"first","16":"instock","17":"downloadable","18":"virtual","19":"purchasable","20":"product-type-simple"},"_links":{"self":[{"href":"https:\/\/www.dommodesto.com.br\/en\/wp-json\/wp\/v2\/product\/67166","targetHints":{"allow":["GET"]}}],"collection":[{"href":"https:\/\/www.dommodesto.com.br\/en\/wp-json\/wp\/v2\/product"}],"about":[{"href":"https:\/\/www.dommodesto.com.br\/en\/wp-json\/wp\/v2\/types\/product"}],"wp:featuredmedia":[{"embeddable":true,"href":"https:\/\/www.dommodesto.com.br\/en\/wp-json\/wp\/v2\/media\/67169"}],"wp:attachment":[{"href":"https:\/\/www.dommodesto.com.br\/en\/wp-json\/wp\/v2\/media?parent=67166"}],"wp:term":[{"taxonomy":"product_brand","embeddable":true,"href":"https:\/\/www.dommodesto.com.br\/en\/wp-json\/wp\/v2\/product_brand?post=67166"},{"taxonomy":"product_cat","embeddable":true,"href":"https:\/\/www.dommodesto.com.br\/en\/wp-json\/wp\/v2\/product_cat?post=67166"},{"taxonomy":"product_tag","embeddable":true,"href":"https:\/\/www.dommodesto.com.br\/en\/wp-json\/wp\/v2\/product_tag?post=67166"}],"curies":[{"name":"wp","href":"https:\/\/api.w.org\/{rel}","templated":true}]}}