{"id":67138,"date":"2024-02-19T10:52:00","date_gmt":"2024-02-19T13:52:00","guid":{"rendered":"https:\/\/www.dommodesto.com.br\/?post_type=product&#038;p=67138"},"modified":"2024-03-07T10:17:44","modified_gmt":"2024-03-07T13:17:44","slug":"o-estado-de-emergencia-e-a-protecao-dos-direitos-humanos-em-tempos-de-covid-19-perspectivas-angolana-brasileira-e-mocambicana","status":"publish","type":"product","link":"https:\/\/www.dommodesto.com.br\/en\/product\/o-estado-de-emergencia-e-a-protecao-dos-direitos-humanos-em-tempos-de-covid-19-perspectivas-angolana-brasileira-e-mocambicana\/","title":{"rendered":"O Estado de Emerg\u00eancia e a prote\u00e7\u00e3o dos Direitos Humanos em tempos de COVID-19: perspectivas angolana, brasileira e mo\u00e7ambicana"},"content":{"rendered":"<p>&#8220;O Estado de Emerg\u00eancia e a Prote\u00e7\u00e3o dos Direitos Humanos em Tempos de COVID-19: Perspectivas Angolana, Brasileira e Mo\u00e7ambicana&#8221; \u00e9 uma obra coletiva que explora as respostas dos sistemas jur\u00eddicos de Angola, Brasil e Mo\u00e7ambique \u00e0 pandemia de COVID-19. Esta an\u00e1lise multidisciplinar aborda como os estados de emerg\u00eancia afetaram a prote\u00e7\u00e3o dos direitos humanos nestes pa\u00edses, com foco na constitucionalidade e nas implica\u00e7\u00f5es do sistema penal. O livro \u00e9 resultado de um interc\u00e2mbio acad\u00eamico e institucional entre a Universidade Federal de Pelotas (Brasil), a Universidade Cat\u00f3lica de Mo\u00e7ambique e a Universidade Rovuma (Mo\u00e7ambique), enfatizando a import\u00e2ncia da colabora\u00e7\u00e3o internacional no avan\u00e7o do conhecimento e da pesquisa em direitos humanos e justi\u00e7a criminal, refletindo sobre o equil\u00edbrio entre medidas de sa\u00fade p\u00fablica e liberdades fundamentais e oferecendo insights valiosos para pesquisadores, profissionais do direito e formuladores de pol\u00edticas interessados nos impactos jur\u00eddicos e sociais da pandemia.<\/p>","protected":false},"excerpt":{"rendered":"<p>Arc\u00e9nio Francisco Cuco<br \/>\nBruno Rotta Almeida<br \/>\nZacarias Filipe Zinocassa<br \/>\n(Orgs.)<\/p>\n<p><strong>E-book gratuito &#8211; Clique no bot\u00e3o Download.<\/strong><br \/>\n<strong>Vers\u00e3o impressa &#8211; indispon\u00edvel.<\/strong><\/p>","protected":false},"featured_media":67139,"template":"","meta":{"_joinchat":[]},"product_brand":[],"product_cat":[57],"product_tag":[270,269],"class_list":{"0":"post-67138","1":"product","2":"type-product","3":"status-publish","4":"has-post-thumbnail","6":"product_cat-ciencias-sociais-aplicadas","7":"product_tag-brasileira-e-mocambicana","8":"product_tag-o-estado-de-emergencia-e-a-protecao-dos-direitos-humanos-em-tempos-de-covid-19-perspectivas-angolana","9":"align-center","10":"box-shadow-1","11":"box-shadow-3-hover","12":"ast-product-gallery-layout-horizontal","13":"ast-product-gallery-with-no-image","14":"ast-product-tabs-layout-horizontal","16":"first","17":"instock","18":"downloadable","19":"virtual","20":"purchasable","21":"product-type-simple"},"_links":{"self":[{"href":"https:\/\/www.dommodesto.com.br\/en\/wp-json\/wp\/v2\/product\/67138","targetHints":{"allow":["GET"]}}],"collection":[{"href":"https:\/\/www.dommodesto.com.br\/en\/wp-json\/wp\/v2\/product"}],"about":[{"href":"https:\/\/www.dommodesto.com.br\/en\/wp-json\/wp\/v2\/types\/product"}],"wp:featuredmedia":[{"embeddable":true,"href":"https:\/\/www.dommodesto.com.br\/en\/wp-json\/wp\/v2\/media\/67139"}],"wp:attachment":[{"href":"https:\/\/www.dommodesto.com.br\/en\/wp-json\/wp\/v2\/media?parent=67138"}],"wp:term":[{"taxonomy":"product_brand","embeddable":true,"href":"https:\/\/www.dommodesto.com.br\/en\/wp-json\/wp\/v2\/product_brand?post=67138"},{"taxonomy":"product_cat","embeddable":true,"href":"https:\/\/www.dommodesto.com.br\/en\/wp-json\/wp\/v2\/product_cat?post=67138"},{"taxonomy":"product_tag","embeddable":true,"href":"https:\/\/www.dommodesto.com.br\/en\/wp-json\/wp\/v2\/product_tag?post=67138"}],"curies":[{"name":"wp","href":"https:\/\/api.w.org\/{rel}","templated":true}]}}