{"id":67136,"date":"2024-02-18T23:47:39","date_gmt":"2024-02-19T02:47:39","guid":{"rendered":"https:\/\/www.dommodesto.com.br\/?post_type=product&#038;p=67136"},"modified":"2024-02-19T17:43:50","modified_gmt":"2024-02-19T20:43:50","slug":"consumo-vulnerabilidade-e-acesso-a-justica-no-seculo-xxi","status":"publish","type":"product","link":"https:\/\/www.dommodesto.com.br\/en\/product\/consumo-vulnerabilidade-e-acesso-a-justica-no-seculo-xxi\/","title":{"rendered":"Consumo, vulnerabilidade e acesso \u00e0 justi\u00e7a no S\u00e9culo XXI"},"content":{"rendered":"<p style=\"text-align: justify;\">\u201cConsumo, Vulnerabilidade e Acesso \u00e0 Justi\u00e7a no S\u00e9culo XXI&#8221; aprofunda-se nas nuances das intera\u00e7\u00f5es de consumo contempor\u00e2neas, destacando a posi\u00e7\u00e3o prec\u00e1ria dos consumidores frente \u00e0s pr\u00e1ticas de mercado agressivas e \u00e0 inadequa\u00e7\u00e3o das estruturas regulat\u00f3rias e legais. A obra investiga a complexidade da vulnerabilidade do consumidor em um contexto globalizado, onde as tecnologias digitais transformam os modos de consumo e desafiam os marcos regulat\u00f3rios existentes. Analisando a legisla\u00e7\u00e3o de prote\u00e7\u00e3o ao consumidor e a efic\u00e1cia dos sistemas judiciais em garantir direitos, prop\u00f5e uma reflex\u00e3o cr\u00edtica sobre as pol\u00edticas p\u00fablicas e as estrat\u00e9gias legais necess\u00e1rias para melhorar o acesso \u00e0 justi\u00e7a. Este estudo interdisciplinar n\u00e3o apenas mapeia as falhas no sistema de prote\u00e7\u00e3o ao consumidor mas tamb\u00e9m sugere caminhos para a sua otimiza\u00e7\u00e3o, visando fortalecer a defesa dos consumidores e promover uma sociedade mais equitativa.<\/p>","protected":false},"excerpt":{"rendered":"<p>Fernando Costa de Azevedo<br \/>Karinne Emanoela Goettems dos Santos<br \/>(Orgs.)<\/p>\n<p><strong>E-book gratuito &#8211; Clique no bot\u00e3o Download.<\/strong><br \/><strong>Vers\u00e3o impressa &#8211; indispon\u00edvel.<\/strong><\/p>","protected":false},"featured_media":67141,"template":"","meta":{"_joinchat":[]},"product_brand":[],"product_cat":[57],"product_tag":[266,267],"class_list":{"0":"post-67136","1":"product","2":"type-product","3":"status-publish","4":"has-post-thumbnail","6":"product_cat-ciencias-sociais-aplicadas","7":"product_tag-consumo","8":"product_tag-vulnerabilidade-e-acesso-a-justica-no-seculo-xxi","9":"align-center","10":"box-shadow-1","11":"box-shadow-3-hover","12":"ast-product-gallery-layout-horizontal","13":"ast-product-gallery-with-no-image","14":"ast-product-tabs-layout-horizontal","16":"first","17":"instock","18":"downloadable","19":"virtual","20":"purchasable","21":"product-type-simple"},"_links":{"self":[{"href":"https:\/\/www.dommodesto.com.br\/en\/wp-json\/wp\/v2\/product\/67136","targetHints":{"allow":["GET"]}}],"collection":[{"href":"https:\/\/www.dommodesto.com.br\/en\/wp-json\/wp\/v2\/product"}],"about":[{"href":"https:\/\/www.dommodesto.com.br\/en\/wp-json\/wp\/v2\/types\/product"}],"wp:featuredmedia":[{"embeddable":true,"href":"https:\/\/www.dommodesto.com.br\/en\/wp-json\/wp\/v2\/media\/67141"}],"wp:attachment":[{"href":"https:\/\/www.dommodesto.com.br\/en\/wp-json\/wp\/v2\/media?parent=67136"}],"wp:term":[{"taxonomy":"product_brand","embeddable":true,"href":"https:\/\/www.dommodesto.com.br\/en\/wp-json\/wp\/v2\/product_brand?post=67136"},{"taxonomy":"product_cat","embeddable":true,"href":"https:\/\/www.dommodesto.com.br\/en\/wp-json\/wp\/v2\/product_cat?post=67136"},{"taxonomy":"product_tag","embeddable":true,"href":"https:\/\/www.dommodesto.com.br\/en\/wp-json\/wp\/v2\/product_tag?post=67136"}],"curies":[{"name":"wp","href":"https:\/\/api.w.org\/{rel}","templated":true}]}}