{"id":67114,"date":"2024-01-19T21:45:57","date_gmt":"2024-01-20T00:45:57","guid":{"rendered":"https:\/\/www.dommodesto.com.br\/?post_type=product&#038;p=67114"},"modified":"2024-01-24T11:33:49","modified_gmt":"2024-01-24T14:33:49","slug":"o-estado-social-em-xeque-democracia-e-contemporaneidade-2","status":"publish","type":"product","link":"https:\/\/www.dommodesto.com.br\/en\/product\/o-estado-social-em-xeque-democracia-e-contemporaneidade-2\/","title":{"rendered":"O Estado Social em xeque: democracia e contemporaneidade \u2013 vol. III"},"content":{"rendered":"<p>\u201cAs tem\u00e1ticas desenvolvidas ao longo das pesquisas aqui apresentadas, remetem \u00e0 complexidade do panorama pol\u00edtico-constitucional dos Estados Democr\u00e1ticos e os seus paradoxos fabricados em dimens\u00f5es globais. Sendo assim, sabe-se que o di\u00e1rio experiencial do s\u00e9culo XXI narra a ascens\u00e3o de processos forjadores que delineiam os contornos do decl\u00ednio da democracia no mundo, \u00e0 medida em que d\u00e9ficits estruturais, como um projeto ardilosamente arquitetado, enrijecem as fr\u00e1geis camadas do Estado Social e instigam um (re)pensar sobre seus limites e possibilidades de atua\u00e7\u00e3o frente a um cen\u00e1rio que convulsiona.\u201d<\/p>\n<p><em>Gabrielle Scola Dutra<\/em><\/p>","protected":false},"excerpt":{"rendered":"<p>Giancarlo Montagner Copelli<br \/>Clarissa Tassinari<br \/>Isadora Ferreira Neves<\/p>\n<p><em>Toda a receita l\u00edquida obtida com a comercializa\u00e7\u00e3o da obra na vers\u00e3o e-book e impressa ser\u00e1 revertida \u00e0 causa da educa\u00e7\u00e3o infantil no Brasil.<\/em><\/p>\n<p><strong>Vers\u00e3o impressa &#8211; em breve na Amazon e nos principais marketplaces da internet<\/strong><br \/><strong>Vers\u00e3o digital (e-book) &#8211; Clique no bot\u00e3o Comprar<\/strong><\/p>","protected":false},"featured_media":67116,"template":"","meta":{"_joinchat":[]},"product_brand":[],"product_cat":[57],"product_tag":[],"class_list":{"0":"post-67114","1":"product","2":"type-product","3":"status-publish","4":"has-post-thumbnail","6":"product_cat-ciencias-sociais-aplicadas","7":"align-center","8":"box-shadow-1","9":"box-shadow-3-hover","10":"ast-product-gallery-layout-horizontal","11":"ast-product-gallery-with-no-image","12":"ast-product-tabs-layout-horizontal","14":"first","15":"instock","16":"downloadable","17":"virtual","18":"purchasable","19":"product-type-simple"},"_links":{"self":[{"href":"https:\/\/www.dommodesto.com.br\/en\/wp-json\/wp\/v2\/product\/67114","targetHints":{"allow":["GET"]}}],"collection":[{"href":"https:\/\/www.dommodesto.com.br\/en\/wp-json\/wp\/v2\/product"}],"about":[{"href":"https:\/\/www.dommodesto.com.br\/en\/wp-json\/wp\/v2\/types\/product"}],"wp:featuredmedia":[{"embeddable":true,"href":"https:\/\/www.dommodesto.com.br\/en\/wp-json\/wp\/v2\/media\/67116"}],"wp:attachment":[{"href":"https:\/\/www.dommodesto.com.br\/en\/wp-json\/wp\/v2\/media?parent=67114"}],"wp:term":[{"taxonomy":"product_brand","embeddable":true,"href":"https:\/\/www.dommodesto.com.br\/en\/wp-json\/wp\/v2\/product_brand?post=67114"},{"taxonomy":"product_cat","embeddable":true,"href":"https:\/\/www.dommodesto.com.br\/en\/wp-json\/wp\/v2\/product_cat?post=67114"},{"taxonomy":"product_tag","embeddable":true,"href":"https:\/\/www.dommodesto.com.br\/en\/wp-json\/wp\/v2\/product_tag?post=67114"}],"curies":[{"name":"wp","href":"https:\/\/api.w.org\/{rel}","templated":true}]}}