{"id":67111,"date":"2023-12-22T10:23:17","date_gmt":"2023-12-22T13:23:17","guid":{"rendered":"https:\/\/www.dommodesto.com.br\/?post_type=product&#038;p=67111"},"modified":"2023-12-22T10:23:17","modified_gmt":"2023-12-22T13:23:17","slug":"a-mediacao-em-luis-alberto-warat-aplicada-ao-tratamento-de-conflitos-em-empresas-familiares-brasileiras","status":"publish","type":"product","link":"https:\/\/www.dommodesto.com.br\/en\/product\/a-mediacao-em-luis-alberto-warat-aplicada-ao-tratamento-de-conflitos-em-empresas-familiares-brasileiras\/","title":{"rendered":"A media\u00e7\u00e3o em Luis Alberto Warat aplicada ao tratamento de conflitos em empresas familiares brasileiras"},"content":{"rendered":"<p>\u201cEste livro tem por objetivo central e inovador, abordar a aplicabilidade da media\u00e7\u00e3o em Luis Alberto Warat nas empresas brasileiras de \u00e2mbito familiar, realizando reflex\u00f5es sobre um novo olhar frente aos desafios de gest\u00e3o familiares. A media\u00e7\u00e3o em Warat possui um papel de grande relev\u00e2ncia social nos conflitos de \u00e2mbito empresarial, sendo uma t\u00e9cnica de tratamento de conflitos capaz de elucidar e sanar as poss\u00edveis controv\u00e9rsias com base no di\u00e1logo, respeito e na transforma\u00e7\u00e3o dos envolvidos. Nesse vi\u00e9s, a media\u00e7\u00e3o transforma o conflito em uma oportunidade de crescimento ocasionando uma mudan\u00e7a para os envolvidos e na \u00e1rea empresarial pode ser uma aliada na busca por conquistas positivas na (re)constru\u00e7\u00e3o de um novo olhar nas atividades empresariais. Destaca-se que os conflitos empresariais familiares carecem de um novo olhar, haja vista que o mercado competitivo precisa de um vi\u00e9s transformativo que fomente as atividades empresariais, os lucros e o clima positivo para os envolvidos prosperarem.\u201d<\/p>\n<p><em>Leonel Severo Rocha<\/em><\/p>","protected":false},"excerpt":{"rendered":"<p>Francisco Ribeiro Lopes<\/p>\n<p><strong>Vers\u00e3o impressa &#8211; <a href=\"https:\/\/www.amazon.com.br\/media%C3%A7%C3%A3o-tratamento-conflitos-familiares-brasileiras\/dp\/6581399388\/ref=sr_1_26?__mk_pt_BR=%C3%85M%C3%85%C5%BD%C3%95%C3%91&amp;crid=1D2BD9Y8SR1EV&amp;keywords=%22dom+modesto%22&amp;qid=1703251178&amp;sprefix=dom+modesto+%2Caps%2C257&amp;sr=8-26\">Clique aqui<\/a><\/strong><br \/><strong>Vers\u00e3o digital (e-book) &#8211; ainda n\u00e3o dispon\u00edvel<\/strong><\/p>","protected":false},"featured_media":67112,"template":"","meta":{"_joinchat":[]},"product_brand":[],"product_cat":[57],"product_tag":[],"class_list":{"0":"post-67111","1":"product","2":"type-product","3":"status-publish","4":"has-post-thumbnail","6":"product_cat-ciencias-sociais-aplicadas","7":"align-center","8":"box-shadow-1","9":"box-shadow-3-hover","10":"ast-product-gallery-layout-horizontal","11":"ast-product-gallery-with-no-image","12":"ast-product-tabs-layout-horizontal","14":"first","15":"instock","16":"downloadable","17":"virtual","18":"product-type-simple"},"_links":{"self":[{"href":"https:\/\/www.dommodesto.com.br\/en\/wp-json\/wp\/v2\/product\/67111","targetHints":{"allow":["GET"]}}],"collection":[{"href":"https:\/\/www.dommodesto.com.br\/en\/wp-json\/wp\/v2\/product"}],"about":[{"href":"https:\/\/www.dommodesto.com.br\/en\/wp-json\/wp\/v2\/types\/product"}],"wp:featuredmedia":[{"embeddable":true,"href":"https:\/\/www.dommodesto.com.br\/en\/wp-json\/wp\/v2\/media\/67112"}],"wp:attachment":[{"href":"https:\/\/www.dommodesto.com.br\/en\/wp-json\/wp\/v2\/media?parent=67111"}],"wp:term":[{"taxonomy":"product_brand","embeddable":true,"href":"https:\/\/www.dommodesto.com.br\/en\/wp-json\/wp\/v2\/product_brand?post=67111"},{"taxonomy":"product_cat","embeddable":true,"href":"https:\/\/www.dommodesto.com.br\/en\/wp-json\/wp\/v2\/product_cat?post=67111"},{"taxonomy":"product_tag","embeddable":true,"href":"https:\/\/www.dommodesto.com.br\/en\/wp-json\/wp\/v2\/product_tag?post=67111"}],"curies":[{"name":"wp","href":"https:\/\/api.w.org\/{rel}","templated":true}]}}