{"id":67099,"date":"2023-12-15T11:13:43","date_gmt":"2023-12-15T14:13:43","guid":{"rendered":"https:\/\/www.dommodesto.com.br\/?post_type=product&#038;p=67099"},"modified":"2023-12-16T09:31:40","modified_gmt":"2023-12-16T12:31:40","slug":"colecao-ruptura-ensaios-sobre-desafios-socioambientais-e-climaticos-do-seculo-xxi-vol-i","status":"publish","type":"product","link":"https:\/\/www.dommodesto.com.br\/en\/product\/colecao-ruptura-ensaios-sobre-desafios-socioambientais-e-climaticos-do-seculo-xxi-vol-i\/","title":{"rendered":"Cole\u00e7\u00e3o Ruptura: ensaios sobre desafios socioambientais e clim\u00e1ticos do s\u00e9culo XXI \u2013 vol. I"},"content":{"rendered":"<p>O Ruptura \u00e9 uma Organiza\u00e7\u00e3o da Sociedade Civil que se dedica \u00e0 produ\u00e7\u00e3o, promo\u00e7\u00e3o e divulga\u00e7\u00e3o de estudos e a\u00e7\u00f5es para a constru\u00e7\u00e3o de uma sociedade mais justa e equ\u00e2nime, focalizando, de maneira sist\u00eamica e interdisciplinar, temas relacionados \u00e0 prote\u00e7\u00e3o da Natureza, dos direitos humanos e da sociobiodiversidade; ao enfrentamento da emerg\u00eancia clim\u00e1tica; aos efeitos socioambientais da corrup\u00e7\u00e3o e do crime organizado; e aos aspectos que conectam a vitimologia e a sustentabilidade.<\/p>\n<p>Dentre as atividades desenvolvidas pelo Ruptura se encontra o ramo da \u201cpesquisa e ensino\u201d que envolve a publica\u00e7\u00e3o semanal de ensaios e\/ou artigos produzidos pelos membros da ONG, Diretores e\/ou Colaboradores, sobre aspectos relacionados aos eixos tem\u00e1ticos do projeto. Nesse sentido, o volume I da \u201cCole\u00e7\u00e3o Ruptura: Ensaios sobre desafios socioambientais e clim\u00e1ticos do s\u00e9culo XXI\u201d corresponde a uma colet\u00e2nea de ensaios e artigos publicados pelo Ruptura no ano de 2023. O objetivo deste volume, portanto, \u00e9 reunir as contribui\u00e7\u00f5es do Ruptura durante seu primeiro ano de atividades. Os textos aqui publicados foram tamb\u00e9m adaptados e atualizados pelos autores para compor a cole\u00e7\u00e3o que foi dividida de acordo com os cinco eixos tem\u00e1ticos da ONG: i) direitos da Natureza; ii) sociobiodiversidade; iii) emerg\u00eancia clim\u00e1tica; iv) efeitos socioambientais da corrup\u00e7\u00e3o e do crime organizado; e v) vitimologia e sustentabilidade.<\/p>","protected":false},"excerpt":{"rendered":"<p>Leura Dalla Riva<br \/>Francieli Iung Izolani<\/p>\n<p><strong>Download gratuito<\/strong><\/p>\n<p><strong>Vers\u00e3o digital (e-book) &#8211; Clique no bot\u00e3o Download<\/strong><\/p>","protected":false},"featured_media":67101,"template":"","meta":{"_joinchat":[]},"product_brand":[],"product_cat":[57],"product_tag":[255],"class_list":{"0":"post-67099","1":"product","2":"type-product","3":"status-publish","4":"has-post-thumbnail","6":"product_cat-ciencias-sociais-aplicadas","7":"product_tag-colecao-ruptura","8":"align-center","9":"box-shadow-1","10":"box-shadow-3-hover","11":"ast-product-gallery-layout-horizontal","12":"ast-product-gallery-with-no-image","13":"ast-product-tabs-layout-horizontal","15":"first","16":"instock","17":"downloadable","18":"virtual","19":"purchasable","20":"product-type-simple"},"_links":{"self":[{"href":"https:\/\/www.dommodesto.com.br\/en\/wp-json\/wp\/v2\/product\/67099","targetHints":{"allow":["GET"]}}],"collection":[{"href":"https:\/\/www.dommodesto.com.br\/en\/wp-json\/wp\/v2\/product"}],"about":[{"href":"https:\/\/www.dommodesto.com.br\/en\/wp-json\/wp\/v2\/types\/product"}],"wp:featuredmedia":[{"embeddable":true,"href":"https:\/\/www.dommodesto.com.br\/en\/wp-json\/wp\/v2\/media\/67101"}],"wp:attachment":[{"href":"https:\/\/www.dommodesto.com.br\/en\/wp-json\/wp\/v2\/media?parent=67099"}],"wp:term":[{"taxonomy":"product_brand","embeddable":true,"href":"https:\/\/www.dommodesto.com.br\/en\/wp-json\/wp\/v2\/product_brand?post=67099"},{"taxonomy":"product_cat","embeddable":true,"href":"https:\/\/www.dommodesto.com.br\/en\/wp-json\/wp\/v2\/product_cat?post=67099"},{"taxonomy":"product_tag","embeddable":true,"href":"https:\/\/www.dommodesto.com.br\/en\/wp-json\/wp\/v2\/product_tag?post=67099"}],"curies":[{"name":"wp","href":"https:\/\/api.w.org\/{rel}","templated":true}]}}