{"id":67090,"date":"2023-12-07T22:12:50","date_gmt":"2023-12-08T01:12:50","guid":{"rendered":"https:\/\/www.dommodesto.com.br\/?post_type=product&#038;p=67090"},"modified":"2023-12-07T22:12:50","modified_gmt":"2023-12-08T01:12:50","slug":"democracia-e-constitucionalismo-em-pauta-reflexoes-sobre-direito-e-justica","status":"publish","type":"product","link":"https:\/\/www.dommodesto.com.br\/en\/product\/democracia-e-constitucionalismo-em-pauta-reflexoes-sobre-direito-e-justica\/","title":{"rendered":"Democracia e constitucionalismo em pauta: reflex\u00f5es sobre Direito e Justi\u00e7a"},"content":{"rendered":"<p style=\"text-align: justify;\">\u201cNa esteira dos debates centrados no di\u00e1logo entre Direito e Pol\u00edtica, este livro re\u00fane cap\u00edtulos que transitam entre o Constitucionalismo em Teubner (Alo\u00edsio Cansian Segundo) e as reflex\u00f5es sobre o relativismo moral e a objetividade em Dworkin (C\u00e9sar Bisol e Andrielle Barboza Bernart), o aquecimento global em perspectiva jur\u00eddica (Carla Nunes) e a \u00f3tica de Raz no Positivismo (C\u00e9sar Bisol e Andrielle Barboza Bernart), a ordem de exce\u00e7\u00e3o a partir de Schmitt (F\u00e1bio Alexandre Klein) e o Direito como integridade frente \u00e0 quest\u00e3o racial (Helen Ramos Brum), as rela\u00e7\u00f5es entre Direito e poder no Estado Constitucional (Jana\u00edna Magali Cordeiro da Silva) e as manifesta\u00e7\u00f5es de Junho de 2013 (Jean Talon), an\u00e1lises sobre o modelo de delibera\u00e7\u00e3o nos Tribunais Colegiados Brasileiros (Maria Laura Maciel Fernandez e Carem Barbosa de Castro) e leituras sobre o STF como um efetivo Leviat\u00e3 hobbesiano (Priscilla Iba\u00f1ez Maciel) e, como oportuno desfecho, uma prof\u00edcua an\u00e1lise da atua\u00e7\u00e3o do Judici\u00e1rio na garantia de direitos fundamentais (Rosmeri de Almeida).<\/p>\n<p style=\"text-align: justify;\">N\u00e3o por outra raz\u00e3o, diante dessa bel\u00edssima cole\u00e7\u00e3o de textos que atravessam e atualizam o estado da arte em torno do di\u00e1logo entre Direito e Pol\u00edtica, \u00e9 que \u201cDemocracia e Constitucionalismo em pauta: reflex\u00f5es sobre Direito e Justi\u00e7a\u201d, permite desvelar novos insights e olhares perspicazes para problemas que prometem ser dominantes no s\u00e9culo XXI.\u201d<\/p>\n<p><em>Giancarlo Montagner Copelli<\/em><\/p>","protected":false},"excerpt":{"rendered":"<p>Carem Barbosa de Castro<br \/>Maria Laura Maciel Fernandez<\/p>\n<p><em>Toda a receita l\u00edquida obtida com a comercializa\u00e7\u00e3o da obra na vers\u00e3o e-book ser\u00e1 revertida \u00e0 causa da educa\u00e7\u00e3o infantil no Brasil.<\/em><\/p>\n<p><strong>Vers\u00e3o impressa &#8211; indispon\u00edvel<\/strong><br \/><strong>Vers\u00e3o digital (e-book) &#8211; Clique no bot\u00e3o Comprar<\/strong><\/p>","protected":false},"featured_media":67092,"template":"","meta":{"_joinchat":[]},"product_brand":[],"product_cat":[57],"product_tag":[],"class_list":{"0":"post-67090","1":"product","2":"type-product","3":"status-publish","4":"has-post-thumbnail","6":"product_cat-ciencias-sociais-aplicadas","7":"align-center","8":"box-shadow-1","9":"box-shadow-3-hover","10":"ast-product-gallery-layout-horizontal","11":"ast-product-gallery-with-no-image","12":"ast-product-tabs-layout-horizontal","14":"first","15":"instock","16":"downloadable","17":"virtual","18":"purchasable","19":"product-type-simple"},"_links":{"self":[{"href":"https:\/\/www.dommodesto.com.br\/en\/wp-json\/wp\/v2\/product\/67090","targetHints":{"allow":["GET"]}}],"collection":[{"href":"https:\/\/www.dommodesto.com.br\/en\/wp-json\/wp\/v2\/product"}],"about":[{"href":"https:\/\/www.dommodesto.com.br\/en\/wp-json\/wp\/v2\/types\/product"}],"wp:featuredmedia":[{"embeddable":true,"href":"https:\/\/www.dommodesto.com.br\/en\/wp-json\/wp\/v2\/media\/67092"}],"wp:attachment":[{"href":"https:\/\/www.dommodesto.com.br\/en\/wp-json\/wp\/v2\/media?parent=67090"}],"wp:term":[{"taxonomy":"product_brand","embeddable":true,"href":"https:\/\/www.dommodesto.com.br\/en\/wp-json\/wp\/v2\/product_brand?post=67090"},{"taxonomy":"product_cat","embeddable":true,"href":"https:\/\/www.dommodesto.com.br\/en\/wp-json\/wp\/v2\/product_cat?post=67090"},{"taxonomy":"product_tag","embeddable":true,"href":"https:\/\/www.dommodesto.com.br\/en\/wp-json\/wp\/v2\/product_tag?post=67090"}],"curies":[{"name":"wp","href":"https:\/\/api.w.org\/{rel}","templated":true}]}}