{"id":67088,"date":"2023-12-07T21:56:02","date_gmt":"2023-12-08T00:56:02","guid":{"rendered":"https:\/\/www.dommodesto.com.br\/?post_type=product&#038;p=67088"},"modified":"2024-04-04T13:09:40","modified_gmt":"2024-04-04T16:09:40","slug":"mulheres-do-iab-liberdade-lideranca-e-autonomia-para-uma-acao-transformadora","status":"publish","type":"product","link":"https:\/\/www.dommodesto.com.br\/en\/product\/mulheres-do-iab-liberdade-lideranca-e-autonomia-para-uma-acao-transformadora\/","title":{"rendered":"Mulheres do IAB: liberdade, lideran\u00e7a e autonomia para uma a\u00e7\u00e3o transformadora"},"content":{"rendered":"<p>\u201cNestas p\u00e1ginas, encontraremos relatos de conquistas e contribui\u00e7\u00f5es not\u00e1veis. Cada cap\u00edtulo \u00e9 uma pe\u00e7a que comp\u00f5e a riqueza da talentosa advocacia feminina no Brasil. As narrativas aqui contidas destacam n\u00e3o apenas as habilidades jur\u00eddicas excepcionais, mas tamb\u00e9m a \u00e9tica e o compromisso com a justi\u00e7a que caracterizam essas mulheres not\u00e1veis. Mas n\u00e3o encontraremos apenas registros de \u00eaxitos profissionais not\u00e1veis, mas tamb\u00e9m narrativas que revelam a resili\u00eancia, a determina\u00e7\u00e3o e a paix\u00e3o que caracterizam as mulheres que escolheram trilhar o caminho muitas vezes desafiador do mundo jur\u00eddico. Enfim, um tributo \u00e0s conquistas, aos obst\u00e1culos superados e \u00e0 not\u00e1vel contribui\u00e7\u00e3o das advogadas para a constru\u00e7\u00e3o de uma sociedade mais justa e igualit\u00e1ria.\u201d<\/p>\n<p><em>Sydney Limeira Sanches<\/em><br \/>Presidente Nacional do Instituto dos Advogados Brasileiros<\/p>\n<p>\u201cQuando deitamos um olhar feminino sobre as pol\u00edticas p\u00fablicas que afetam diretamente as nossas vidas, tais como o combate ao feminic\u00eddio e \u00e0 viol\u00eancia dom\u00e9stica; amplia\u00e7\u00e3o dos servi\u00e7os de sa\u00fade p\u00fablica; e aumento dos postos de trabalho, apenas para citar alguns exemplos, n\u00f3s amplificamos as nossas possibilidades de superar os obst\u00e1culos e quebrar barreiras.<\/p>\n<p>A luta de todas as mulheres contra a domina\u00e7\u00e3o e a opress\u00e3o masculinas, \u00e9 luta por igualdade de direitos e por emancipa\u00e7\u00e3o social.\u201d<\/p>\n<p><em>Rita de C\u00e1ssia Sant\u2019anna Cortez<\/em><br \/>Presidente da Comiss\u00e3o dos Direitos da Mulher \u2013 IAB Nacional<\/p>","protected":false},"excerpt":{"rendered":"<p>Rita de C\u00e1ssia Sant\u2019anna Cortez<br \/>Adriana Brasil Guimar\u00e3es<br \/>D\u00e9bora Martins<br \/>Maria da Gl\u00f3ria Costa Gon\u00e7alves de Sousa Aquino<\/p>\n<p><strong>Vers\u00e3o impressa &#8211; <a href=\"https:\/\/www.amazon.com.br\/Mulheres-Iab-Igualdade-lideran%C3%A7a-transformadora\/dp\/6581399507\">Clique aqui<\/a><\/strong><br \/><strong>Vers\u00e3o digital (e-book) &#8211; indispon\u00edvel<\/strong><\/p>","protected":false},"featured_media":67089,"template":"","meta":{"_joinchat":[]},"product_brand":[],"product_cat":[57],"product_tag":[],"class_list":{"0":"post-67088","1":"product","2":"type-product","3":"status-publish","4":"has-post-thumbnail","6":"product_cat-ciencias-sociais-aplicadas","7":"align-center","8":"box-shadow-1","9":"box-shadow-3-hover","10":"ast-product-gallery-layout-horizontal","11":"ast-product-gallery-with-no-image","12":"ast-product-tabs-layout-horizontal","14":"first","15":"instock","16":"downloadable","17":"virtual","18":"product-type-simple"},"_links":{"self":[{"href":"https:\/\/www.dommodesto.com.br\/en\/wp-json\/wp\/v2\/product\/67088","targetHints":{"allow":["GET"]}}],"collection":[{"href":"https:\/\/www.dommodesto.com.br\/en\/wp-json\/wp\/v2\/product"}],"about":[{"href":"https:\/\/www.dommodesto.com.br\/en\/wp-json\/wp\/v2\/types\/product"}],"wp:featuredmedia":[{"embeddable":true,"href":"https:\/\/www.dommodesto.com.br\/en\/wp-json\/wp\/v2\/media\/67089"}],"wp:attachment":[{"href":"https:\/\/www.dommodesto.com.br\/en\/wp-json\/wp\/v2\/media?parent=67088"}],"wp:term":[{"taxonomy":"product_brand","embeddable":true,"href":"https:\/\/www.dommodesto.com.br\/en\/wp-json\/wp\/v2\/product_brand?post=67088"},{"taxonomy":"product_cat","embeddable":true,"href":"https:\/\/www.dommodesto.com.br\/en\/wp-json\/wp\/v2\/product_cat?post=67088"},{"taxonomy":"product_tag","embeddable":true,"href":"https:\/\/www.dommodesto.com.br\/en\/wp-json\/wp\/v2\/product_tag?post=67088"}],"curies":[{"name":"wp","href":"https:\/\/api.w.org\/{rel}","templated":true}]}}