{"id":67065,"date":"2023-11-22T15:46:32","date_gmt":"2023-11-22T18:46:32","guid":{"rendered":"https:\/\/www.dommodesto.com.br\/?post_type=product&#038;p=67065"},"modified":"2023-11-22T15:46:32","modified_gmt":"2023-11-22T18:46:32","slug":"vozes-academicas-sobre-temas-emergentes-em-direito-uma-homenagem-a-professora-tais-martins","status":"publish","type":"product","link":"https:\/\/www.dommodesto.com.br\/en\/product\/vozes-academicas-sobre-temas-emergentes-em-direito-uma-homenagem-a-professora-tais-martins\/","title":{"rendered":"Vozes acad\u00eamicas sobre temas emergentes em Direito: uma homenagem \u00e0 professora Tais Martins"},"content":{"rendered":"<p>&#8220;\u00c9 evidente, ao folhear estas p\u00e1ginas, que os t\u00f3picos escolhidos n\u00e3o somente retratam as quest\u00f5es jur\u00eddicas mais prementes da atualidade, mas tamb\u00e9m demonstram a capacidade cr\u00edtica, anal\u00edtica e propositiva de seus autores. Trabalhos como esses provam que o futuro do Direito brasileiro est\u00e1 nas m\u00e3os de profissionais capazes, conscientes e, acima de tudo, comprometidos com a constru\u00e7\u00e3o de uma sociedade mais justa e igualit\u00e1ria.&#8221;<\/p>\n<p><em>Magn\u00edfico Reitor, Professor Dr. Daniel Roberto de Almeida<\/em><\/p>","protected":false},"excerpt":{"rendered":"<p>Ademar Francisco Sim\u00f5es<br \/>Andr\u00e9a Arruda Vaz<br \/>Barbara Lucia Tiradentes de Souza<br \/>Fl\u00e1via Jeanne Ferrari<br \/>Paulo de Tarso de Oliveira Tavares<br \/>Pedro de Oliveira Santos J\u00fanior<\/p>\n<p><em>Toda a receita l\u00edquida obtida com a comercializa\u00e7\u00e3o da obra na vers\u00e3o e-book ser\u00e1 revertida \u00e0 causa da educa\u00e7\u00e3o infantil no Brasil.<\/em><\/p>\n<p><strong>Vers\u00e3o impressa &#8211; em breve dispon\u00edvel na Amazon e em outros grandes marketplaces.<\/strong><br \/><strong>Vers\u00e3o digital (e-book) &#8211; Clique no bot\u00e3o Comprar<\/strong><\/p>","protected":false},"featured_media":67067,"template":"","meta":{"_joinchat":[]},"product_brand":[],"product_cat":[57],"product_tag":[],"class_list":{"0":"post-67065","1":"product","2":"type-product","3":"status-publish","4":"has-post-thumbnail","6":"product_cat-ciencias-sociais-aplicadas","7":"align-center","8":"box-shadow-1","9":"box-shadow-3-hover","10":"ast-product-gallery-layout-horizontal","11":"ast-product-gallery-with-no-image","12":"ast-product-tabs-layout-horizontal","14":"first","15":"instock","16":"downloadable","17":"virtual","18":"purchasable","19":"product-type-simple"},"_links":{"self":[{"href":"https:\/\/www.dommodesto.com.br\/en\/wp-json\/wp\/v2\/product\/67065","targetHints":{"allow":["GET"]}}],"collection":[{"href":"https:\/\/www.dommodesto.com.br\/en\/wp-json\/wp\/v2\/product"}],"about":[{"href":"https:\/\/www.dommodesto.com.br\/en\/wp-json\/wp\/v2\/types\/product"}],"wp:featuredmedia":[{"embeddable":true,"href":"https:\/\/www.dommodesto.com.br\/en\/wp-json\/wp\/v2\/media\/67067"}],"wp:attachment":[{"href":"https:\/\/www.dommodesto.com.br\/en\/wp-json\/wp\/v2\/media?parent=67065"}],"wp:term":[{"taxonomy":"product_brand","embeddable":true,"href":"https:\/\/www.dommodesto.com.br\/en\/wp-json\/wp\/v2\/product_brand?post=67065"},{"taxonomy":"product_cat","embeddable":true,"href":"https:\/\/www.dommodesto.com.br\/en\/wp-json\/wp\/v2\/product_cat?post=67065"},{"taxonomy":"product_tag","embeddable":true,"href":"https:\/\/www.dommodesto.com.br\/en\/wp-json\/wp\/v2\/product_tag?post=67065"}],"curies":[{"name":"wp","href":"https:\/\/api.w.org\/{rel}","templated":true}]}}