{"id":67033,"date":"2023-10-13T22:39:20","date_gmt":"2023-10-14T01:39:20","guid":{"rendered":"https:\/\/www.dommodesto.com.br\/?post_type=product&#038;p=67033"},"modified":"2023-10-13T22:39:20","modified_gmt":"2023-10-14T01:39:20","slug":"os-direitos-humanos-e-os-refugiados-na-atualidade-uma-analise-dos-sistemas-regionais-de-protecao","status":"publish","type":"product","link":"https:\/\/www.dommodesto.com.br\/en\/product\/os-direitos-humanos-e-os-refugiados-na-atualidade-uma-analise-dos-sistemas-regionais-de-protecao\/","title":{"rendered":"Os Direitos Humanos e os refugiados na atualidade: uma an\u00e1lise dos sistemas regionais de prote\u00e7\u00e3o"},"content":{"rendered":"<p><em><span style=\"font-weight: 400;\">\u201cA atual realidade de crise migrat\u00f3ria \u00e9 um fen\u00f4meno social e hist\u00f3rico que precisa ser compreendido adequadamente para sugerir caminhos que possam ser \u00fateis na constru\u00e7\u00e3o de solu\u00e7\u00f5es. Trata-se de reconhecer a gravidade do problema e identificar as dificuldades que as na\u00e7\u00f5es diretamente envolvidas enfrentam. A lament\u00e1vel repeti\u00e7\u00e3o da hist\u00f3ria de desamparo de grupos humanos deslocados por conflitos armados e outras dificuldades precisa ser revertida a fim de dar efetividade aos preceitos de direitos humanos universais.<\/span><\/em><\/p>\n<p><em><span style=\"font-weight: 400;\">(&#8230;)<\/span><\/em><\/p>\n<p><em><span style=\"font-weight: 400;\">O resultado da pesquisa de Bruno de Lima Silva reflete a qualidade do profissional do Direito do presente, uma vez que foi mestrando dedicado a sua pesquisa, sabedor de seu compromisso com as gera\u00e7\u00f5es futuras e com o estudo de um grande mal que aflige uma importante parcela da humanidade, a qual precisa de urgente interven\u00e7\u00e3o em seu favor, sob pena de se repetirem os mesmos erros do passado.\u201d<\/span><\/em><\/p>\n<p><span style=\"font-weight: 400;\">Prof. Dr. Andr\u00e9 Rafael Weyerm\u00fcller<\/span><\/p>","protected":false},"excerpt":{"rendered":"<p>Bruno de Lima Silva<\/p>\n<p><strong>Vers\u00e3o impressa &#8211; <a href=\"https:\/\/www.amazon.com.br\/Direitos-Humanos-refugiados-atualidade-regionais\/dp\/6581399434\/ref=sr_1_22?__mk_pt_BR=%C3%85M%C3%85%C5%BD%C3%95%C3%91&amp;crid=2I3FRKLVNU01Y&amp;keywords=%22dom+modesto%22&amp;qid=1697247501&amp;sprefix=dom+modesto+%2Caps%2C298&amp;sr=8-22\">Clique aqui<\/a><\/strong><br \/><strong>Vers\u00e3o digital (e-book) &#8211; ainda n\u00e3o dispon\u00edvel<\/strong><\/p>","protected":false},"featured_media":67034,"template":"","meta":{"_joinchat":[]},"product_brand":[],"product_cat":[57],"product_tag":[],"class_list":{"0":"post-67033","1":"product","2":"type-product","3":"status-publish","4":"has-post-thumbnail","6":"product_cat-ciencias-sociais-aplicadas","7":"align-center","8":"box-shadow-1","9":"box-shadow-3-hover","10":"ast-product-gallery-layout-horizontal","11":"ast-product-gallery-with-no-image","12":"ast-product-tabs-layout-horizontal","14":"first","15":"instock","16":"downloadable","17":"virtual","18":"product-type-simple"},"_links":{"self":[{"href":"https:\/\/www.dommodesto.com.br\/en\/wp-json\/wp\/v2\/product\/67033","targetHints":{"allow":["GET"]}}],"collection":[{"href":"https:\/\/www.dommodesto.com.br\/en\/wp-json\/wp\/v2\/product"}],"about":[{"href":"https:\/\/www.dommodesto.com.br\/en\/wp-json\/wp\/v2\/types\/product"}],"wp:featuredmedia":[{"embeddable":true,"href":"https:\/\/www.dommodesto.com.br\/en\/wp-json\/wp\/v2\/media\/67034"}],"wp:attachment":[{"href":"https:\/\/www.dommodesto.com.br\/en\/wp-json\/wp\/v2\/media?parent=67033"}],"wp:term":[{"taxonomy":"product_brand","embeddable":true,"href":"https:\/\/www.dommodesto.com.br\/en\/wp-json\/wp\/v2\/product_brand?post=67033"},{"taxonomy":"product_cat","embeddable":true,"href":"https:\/\/www.dommodesto.com.br\/en\/wp-json\/wp\/v2\/product_cat?post=67033"},{"taxonomy":"product_tag","embeddable":true,"href":"https:\/\/www.dommodesto.com.br\/en\/wp-json\/wp\/v2\/product_tag?post=67033"}],"curies":[{"name":"wp","href":"https:\/\/api.w.org\/{rel}","templated":true}]}}