{"id":67012,"date":"2023-09-15T18:17:05","date_gmt":"2023-09-15T21:17:05","guid":{"rendered":"https:\/\/www.dommodesto.com.br\/?post_type=product&#038;p=67012"},"modified":"2023-09-15T18:17:05","modified_gmt":"2023-09-15T21:17:05","slug":"estudos-de-mediacao-e-outros-meios-autocompositivos-alteridade-fraternidade-e-cidadania-para-o-presente-e-futuro","status":"publish","type":"product","link":"https:\/\/www.dommodesto.com.br\/en\/product\/estudos-de-mediacao-e-outros-meios-autocompositivos-alteridade-fraternidade-e-cidadania-para-o-presente-e-futuro\/","title":{"rendered":"Estudos de media\u00e7\u00e3o e outros meios autocompositivos: alteridade, fraternidade e cidadania para o presente e futuro"},"content":{"rendered":"<p>\u201cCom perspic\u00e1cia, a obra explora a riqueza da media\u00e7\u00e3o e de m\u00e9todos autocompositivos, revelando caminhos para transformar tens\u00f5es em entendimento. Sob a \u00e9gide da alteridade, desvenda-se a arte de compreender o outro, enquanto a fraternidade emerge como fio condutor para harmonia social. A cidadania, intr\u00ednseca ao tecido da sociedade, se renova como propulsora da coexist\u00eancia. Nessa colet\u00e2nea, navega-se por horizontes de coopera\u00e7\u00e3o que moldar\u00e3o o presente e tecer\u00e3o o futuro com la\u00e7os de paz.<br \/>Neste momento da hist\u00f3ria em que os conflitos parecem proliferar, compreender e abra\u00e7ar a media\u00e7\u00e3o e os m\u00e9todos autocompositivos \u00e9 essencial para pavimentar um caminho em dire\u00e7\u00e3o a uma sociedade mais justa e colaborativa.\u201d<\/p>\n<p>Prof. Dra. Edna Raquel Hogemann<\/p>","protected":false},"excerpt":{"rendered":"<p>Charlise Paula Colet Gimenez<br \/>\nFrancisco Ribeiro Lopes<\/p>\n<p><em>Toda a receita l\u00edquida obtida com a comercializa\u00e7\u00e3o da obra nas vers\u00f5es e-book e impressa ser\u00e1 revertida \u00e0 causa da educa\u00e7\u00e3o infantil no Brasil.<\/em><\/p>\n<p><strong>Vers\u00e3o impressa &#8211; em breve dispon\u00edvel na Amazon e em outros grandes marketplaces.<\/strong><br \/>\n<strong>Vers\u00e3o digital (e-book) &#8211; Clique no bot\u00e3o Comprar<\/strong><\/p>","protected":false},"featured_media":67014,"template":"","meta":{"_joinchat":[]},"product_brand":[],"product_cat":[57],"product_tag":[],"class_list":{"0":"post-67012","1":"product","2":"type-product","3":"status-publish","4":"has-post-thumbnail","6":"product_cat-ciencias-sociais-aplicadas","7":"align-center","8":"box-shadow-1","9":"box-shadow-3-hover","10":"ast-product-gallery-layout-horizontal","11":"ast-product-gallery-with-no-image","12":"ast-product-tabs-layout-horizontal","14":"first","15":"instock","16":"downloadable","17":"virtual","18":"purchasable","19":"product-type-simple"},"_links":{"self":[{"href":"https:\/\/www.dommodesto.com.br\/en\/wp-json\/wp\/v2\/product\/67012","targetHints":{"allow":["GET"]}}],"collection":[{"href":"https:\/\/www.dommodesto.com.br\/en\/wp-json\/wp\/v2\/product"}],"about":[{"href":"https:\/\/www.dommodesto.com.br\/en\/wp-json\/wp\/v2\/types\/product"}],"wp:featuredmedia":[{"embeddable":true,"href":"https:\/\/www.dommodesto.com.br\/en\/wp-json\/wp\/v2\/media\/67014"}],"wp:attachment":[{"href":"https:\/\/www.dommodesto.com.br\/en\/wp-json\/wp\/v2\/media?parent=67012"}],"wp:term":[{"taxonomy":"product_brand","embeddable":true,"href":"https:\/\/www.dommodesto.com.br\/en\/wp-json\/wp\/v2\/product_brand?post=67012"},{"taxonomy":"product_cat","embeddable":true,"href":"https:\/\/www.dommodesto.com.br\/en\/wp-json\/wp\/v2\/product_cat?post=67012"},{"taxonomy":"product_tag","embeddable":true,"href":"https:\/\/www.dommodesto.com.br\/en\/wp-json\/wp\/v2\/product_tag?post=67012"}],"curies":[{"name":"wp","href":"https:\/\/api.w.org\/{rel}","templated":true}]}}