{"id":67007,"date":"2023-09-06T21:01:19","date_gmt":"2023-09-07T00:01:19","guid":{"rendered":"https:\/\/www.dommodesto.com.br\/?post_type=product&#038;p=67007"},"modified":"2023-09-15T18:08:58","modified_gmt":"2023-09-15T21:08:58","slug":"estado-social-e-contemporaneidade","status":"publish","type":"product","link":"https:\/\/www.dommodesto.com.br\/en\/product\/estado-social-e-contemporaneidade\/","title":{"rendered":"Estado Social e contemporaneidade"},"content":{"rendered":"<p style=\"text-align: justify;\">\u201c\u00c9 ineg\u00e1vel que, embora se tenha uma constitui\u00e7\u00e3o h\u00e1 mais de tr\u00eas d\u00e9cadas, o mais formalmente humana e solid\u00e1ria poss\u00edvel, os direitos fundamentais nela consagrados ainda ocupam um espa\u00e7o que melhor pode ser descrito como ut\u00f3pico. Por vezes, parecem que correspondem a meros institutos jur\u00eddicos que, n\u00f3s da academia, nos ocupamos, sem que possam transcender a restrita condi\u00e7\u00e3o de promessas vazias.<br \/>\u00c9 evidente que as v\u00edtimas priorit\u00e1rias desse contexto \u2013 muito bem apontadas no conjunto desse trabalho \u2013 convivem com um processo de (so)nega\u00e7\u00e3o de seus mais elementares direitos \u2013 embora, na maioria das vezes, sequer percebam isso \u2013 uma vez que se adaptaram e aceitam a condi\u00e7\u00e3o de \u201cdeserdados de expectativas\u201d, como se a vida fosse apenas um amontoado de dias \u00e0 espera da finitude, enquanto asseguram a mera sobreviv\u00eancia.\u201d<\/p>\n<p><em>Marciano Buffon<\/em><\/p>","protected":false},"excerpt":{"rendered":"<p>Giancarlo Montagner Copelli<\/p>\n<p><em>Toda a receita l\u00edquida obtida com a comercializa\u00e7\u00e3o da obra nas vers\u00f5es e-book e impressa ser\u00e1 revertida \u00e0 causa da educa\u00e7\u00e3o infantil no Brasil.<\/em><\/p>\n<p><strong>Vers\u00e3o impressa &#8211; em breve dispon\u00edvel na Amazon e em outros grandes marketplaces.<\/strong><br \/><strong>Vers\u00e3o digital (e-book) &#8211; Clique no bot\u00e3o Comprar<\/strong><\/p>","protected":false},"featured_media":67009,"template":"","meta":{"_joinchat":[]},"product_brand":[],"product_cat":[57],"product_tag":[],"class_list":{"0":"post-67007","1":"product","2":"type-product","3":"status-publish","4":"has-post-thumbnail","6":"product_cat-ciencias-sociais-aplicadas","7":"align-center","8":"box-shadow-1","9":"box-shadow-3-hover","10":"ast-product-gallery-layout-horizontal","11":"ast-product-gallery-with-no-image","12":"ast-product-tabs-layout-horizontal","14":"first","15":"instock","16":"downloadable","17":"virtual","18":"purchasable","19":"product-type-simple"},"_links":{"self":[{"href":"https:\/\/www.dommodesto.com.br\/en\/wp-json\/wp\/v2\/product\/67007","targetHints":{"allow":["GET"]}}],"collection":[{"href":"https:\/\/www.dommodesto.com.br\/en\/wp-json\/wp\/v2\/product"}],"about":[{"href":"https:\/\/www.dommodesto.com.br\/en\/wp-json\/wp\/v2\/types\/product"}],"wp:featuredmedia":[{"embeddable":true,"href":"https:\/\/www.dommodesto.com.br\/en\/wp-json\/wp\/v2\/media\/67009"}],"wp:attachment":[{"href":"https:\/\/www.dommodesto.com.br\/en\/wp-json\/wp\/v2\/media?parent=67007"}],"wp:term":[{"taxonomy":"product_brand","embeddable":true,"href":"https:\/\/www.dommodesto.com.br\/en\/wp-json\/wp\/v2\/product_brand?post=67007"},{"taxonomy":"product_cat","embeddable":true,"href":"https:\/\/www.dommodesto.com.br\/en\/wp-json\/wp\/v2\/product_cat?post=67007"},{"taxonomy":"product_tag","embeddable":true,"href":"https:\/\/www.dommodesto.com.br\/en\/wp-json\/wp\/v2\/product_tag?post=67007"}],"curies":[{"name":"wp","href":"https:\/\/api.w.org\/{rel}","templated":true}]}}