{"id":66987,"date":"2023-08-31T17:52:31","date_gmt":"2023-08-31T20:52:31","guid":{"rendered":"https:\/\/www.dommodesto.com.br\/?post_type=product&#038;p=66987"},"modified":"2023-09-05T17:04:24","modified_gmt":"2023-09-05T20:04:24","slug":"dialogos-interdisciplinares-e-transfronteiricos-pela-efetivacao-da-agenda-2030","status":"publish","type":"product","link":"https:\/\/www.dommodesto.com.br\/en\/product\/dialogos-interdisciplinares-e-transfronteiricos-pela-efetivacao-da-agenda-2030\/","title":{"rendered":"Di\u00e1logos interdisciplinares e transfronteiri\u00e7os pela efetiva\u00e7\u00e3o da Agenda 2030"},"content":{"rendered":"<p><span style=\"font-weight: 400;\">A relev\u00e2ncia da pesquisa e sua contribui\u00e7\u00e3o para o avan\u00e7o cient\u00edfico sustentam-se na produ\u00e7\u00e3o e divulga\u00e7\u00e3o de conhecimento, objetivo da obra <\/span><i><span style=\"font-weight: 400;\">Di\u00e1logos Interdisciplinares e Transfronteiri\u00e7os pela Efetiva\u00e7\u00e3o da Agenda 2030<\/span><\/i><span style=\"font-weight: 400;\">, que nasce como resultado das confer\u00eancias e apresenta\u00e7\u00f5es realizadas no <\/span><i><span style=\"font-weight: 400;\">I Semin\u00e1rio Internacional <\/span><\/i><i><span style=\"font-weight: 400;\">da Rede de Observat\u00f3rios Latino-Americanos pela Efetiva\u00e7\u00e3o da Agenda 2030<\/span><\/i><span style=\"font-weight: 400;\">.\u00a0<\/span><\/p>\n<p><span style=\"font-weight: 400;\">Organizado pelo Grupo de Pesquisa (CNPq) Direitos Humanos, Justi\u00e7a Social e Sustentabilidade e pelo Observat\u00f3rio de Direitos Humanos (Projeto de Extens\u00e3o), do Programa de P\u00f3s-Gradua\u00e7\u00e3o Stricto Sensu em Direito da UNIJU\u00cd (Cursos de Mestrado e Doutorado em Direitos Humanos), entre os dias 14 e 15 de junho de 2023, o evento teve por objetivo apresentar os estudos desenvolvidos por pesquisadores(as) nacionais e internacionais de diferentes Institui\u00e7\u00f5es de Ensino Superior e Observat\u00f3rios, retratando as suas compreens\u00f5es sobre a realidade a partir da Agenda 2030 e seus Objetivos de Desenvolvimento Sustent\u00e1vel.\u00a0<\/span><\/p>\n<p><span style=\"font-weight: 400;\">Ao leitor, cabe a oportunidade especial de conhecer pesquisas que possuem o compromisso \u00e9tico de proporcionar an\u00e1lises e discuss\u00f5es acerca de tem\u00e1ticas fundamentais para pensar o presente e o futuro das sociedades.<\/span><\/p>","protected":false},"excerpt":{"rendered":"<p>Anna Paula Bagetti Zeifert<br \/>Maria Aparecida Lucca Caovilla<br \/>Diana Mabel Arellano<br \/>Daniel Rubens Cenci<\/p>\n<p><strong>Download gratuito &#8211; projeto financiado pela Funda\u00e7\u00e3o de Amparo \u00e0 Pesquisa do Estado do RS (FAPERGS)<\/strong><\/p>\n<p><strong>Vers\u00e3o digital (e-book) &#8211; Clique no bot\u00e3o Download<\/strong><\/p>","protected":false},"featured_media":66990,"template":"","meta":{"_joinchat":[]},"product_brand":[],"product_cat":[57],"product_tag":[237],"class_list":{"0":"post-66987","1":"product","2":"type-product","3":"status-publish","4":"has-post-thumbnail","6":"product_cat-ciencias-sociais-aplicadas","7":"product_tag-dialogos-interdisciplinares-e-transfronteiricos-pela-efetivacao-da-agenda-2030","8":"align-center","9":"box-shadow-1","10":"box-shadow-3-hover","11":"ast-product-gallery-layout-horizontal","12":"ast-product-gallery-with-no-image","13":"ast-product-tabs-layout-horizontal","15":"first","16":"instock","17":"downloadable","18":"virtual","19":"purchasable","20":"product-type-simple"},"_links":{"self":[{"href":"https:\/\/www.dommodesto.com.br\/en\/wp-json\/wp\/v2\/product\/66987","targetHints":{"allow":["GET"]}}],"collection":[{"href":"https:\/\/www.dommodesto.com.br\/en\/wp-json\/wp\/v2\/product"}],"about":[{"href":"https:\/\/www.dommodesto.com.br\/en\/wp-json\/wp\/v2\/types\/product"}],"wp:featuredmedia":[{"embeddable":true,"href":"https:\/\/www.dommodesto.com.br\/en\/wp-json\/wp\/v2\/media\/66990"}],"wp:attachment":[{"href":"https:\/\/www.dommodesto.com.br\/en\/wp-json\/wp\/v2\/media?parent=66987"}],"wp:term":[{"taxonomy":"product_brand","embeddable":true,"href":"https:\/\/www.dommodesto.com.br\/en\/wp-json\/wp\/v2\/product_brand?post=66987"},{"taxonomy":"product_cat","embeddable":true,"href":"https:\/\/www.dommodesto.com.br\/en\/wp-json\/wp\/v2\/product_cat?post=66987"},{"taxonomy":"product_tag","embeddable":true,"href":"https:\/\/www.dommodesto.com.br\/en\/wp-json\/wp\/v2\/product_tag?post=66987"}],"curies":[{"name":"wp","href":"https:\/\/api.w.org\/{rel}","templated":true}]}}