{"id":66960,"date":"2023-08-11T16:04:40","date_gmt":"2023-08-11T19:04:40","guid":{"rendered":"https:\/\/www.dommodesto.com.br\/?post_type=product&#038;p=66960"},"modified":"2023-08-31T17:48:32","modified_gmt":"2023-08-31T20:48:32","slug":"a-atuacao-da-corte-interamericana-de-direitos-humanos-na-consolidacao-de-standards-minimos-de-tutela-dos-trabalhadores-na-america-latina","status":"publish","type":"product","link":"https:\/\/www.dommodesto.com.br\/en\/product\/a-atuacao-da-corte-interamericana-de-direitos-humanos-na-consolidacao-de-standards-minimos-de-tutela-dos-trabalhadores-na-america-latina\/","title":{"rendered":"A atua\u00e7\u00e3o da Corte Interamericana de Direitos Humanos na consolida\u00e7\u00e3o de standards m\u00ednimos de tutela dos trabalhadores na Am\u00e9rica Latina"},"content":{"rendered":"<p>\u201cO texto de \u00c9lida foge de qualquer padr\u00e3o esperado. A autora sobe nos \u2018ombros do gigante\u2019 Eligio Resta, aprofunda seus conceitos e encontra, na Metateoria do Direito fraterno, a \u2018lupa\u2019 para analisar seu tema de pesquisa \u2013 a prote\u00e7\u00e3o internacional dos direitos sociais trabalhistas. Parte do pressuposto de que o Direito nada mais \u00e9 do que o pharmakon grego. O desafio \u00e9 ver o quanto as institui\u00e7\u00f5es protetivas realmente operam com o rem\u00e9dio e n\u00e3o com o veneno, ou como \u00e9 poss\u00edvel encontrar direitos esquecidos e escondidos. Trabalhar com Direito Fraterno \u00e9 constantemente buscar o desvelamento de paradoxos; \u00e9 recordar que a fraternidade (como a prima pobre e esquecida ap\u00f3s Revolu\u00e7\u00e3o Francesa) reaparece atualmente, mostrando que a \u00fanica forma de combater a viol\u00eancia \u00e9 por meio da n\u00e3o viol\u00eancia.\u201d<\/p>\n<p><em>Sandra Regina Martini<\/em><\/p>","protected":false},"excerpt":{"rendered":"<p>\u00c9lida Martins de Oliveira Taveira<\/p>\n<p><strong>Vers\u00e3o impressa &#8211; <a href=\"https:\/\/loja.umlivro.com.br\/a-atuacao-da-corte-interamericana-de-direitos-humanos-na-consolidacao-de-standards-minimos-de-tutela-dos-trabalhadores--6827191\/p\">Clique aqui<\/a><\/strong><br \/><strong>Vers\u00e3o digital (e-book) &#8211; Download gratuito &#8211; Clique no bot\u00e3o Download<\/strong><\/p>","protected":false},"featured_media":66961,"template":"","meta":{"_joinchat":[]},"product_brand":[],"product_cat":[57],"product_tag":[234],"class_list":{"0":"post-66960","1":"product","2":"type-product","3":"status-publish","4":"has-post-thumbnail","6":"product_cat-ciencias-sociais-aplicadas","7":"product_tag-a-atuacao-da-corte-interamericana-de-direitos-humanos","8":"align-center","9":"box-shadow-1","10":"box-shadow-3-hover","11":"ast-product-gallery-layout-horizontal","12":"ast-product-gallery-with-no-image","13":"ast-product-tabs-layout-horizontal","15":"first","16":"instock","17":"downloadable","18":"virtual","19":"purchasable","20":"product-type-simple"},"_links":{"self":[{"href":"https:\/\/www.dommodesto.com.br\/en\/wp-json\/wp\/v2\/product\/66960","targetHints":{"allow":["GET"]}}],"collection":[{"href":"https:\/\/www.dommodesto.com.br\/en\/wp-json\/wp\/v2\/product"}],"about":[{"href":"https:\/\/www.dommodesto.com.br\/en\/wp-json\/wp\/v2\/types\/product"}],"wp:featuredmedia":[{"embeddable":true,"href":"https:\/\/www.dommodesto.com.br\/en\/wp-json\/wp\/v2\/media\/66961"}],"wp:attachment":[{"href":"https:\/\/www.dommodesto.com.br\/en\/wp-json\/wp\/v2\/media?parent=66960"}],"wp:term":[{"taxonomy":"product_brand","embeddable":true,"href":"https:\/\/www.dommodesto.com.br\/en\/wp-json\/wp\/v2\/product_brand?post=66960"},{"taxonomy":"product_cat","embeddable":true,"href":"https:\/\/www.dommodesto.com.br\/en\/wp-json\/wp\/v2\/product_cat?post=66960"},{"taxonomy":"product_tag","embeddable":true,"href":"https:\/\/www.dommodesto.com.br\/en\/wp-json\/wp\/v2\/product_tag?post=66960"}],"curies":[{"name":"wp","href":"https:\/\/api.w.org\/{rel}","templated":true}]}}