{"id":66939,"date":"2023-08-09T11:14:26","date_gmt":"2023-08-09T14:14:26","guid":{"rendered":"https:\/\/www.dommodesto.com.br\/?post_type=product&#038;p=66939"},"modified":"2023-08-09T11:14:26","modified_gmt":"2023-08-09T14:14:26","slug":"anais-do-i-seminario-internacional-da-rede-de-observatorios-latino-americanos-pela-efetivacao-da-agenda-2030","status":"publish","type":"product","link":"https:\/\/www.dommodesto.com.br\/en\/product\/anais-do-i-seminario-internacional-da-rede-de-observatorios-latino-americanos-pela-efetivacao-da-agenda-2030\/","title":{"rendered":"Anais do I Semin\u00e1rio Internacional da Rede de Observat\u00f3rios Latino-Americanos pela Efetiva\u00e7\u00e3o da Agenda 2030"},"content":{"rendered":"<p style=\"text-align: justify;\">Este livro re\u00fane os trabalhos apresentados durante a realiza\u00e7\u00e3o do <em>I Semin\u00e1rio Internacional da Rede de Observat\u00f3rios Latino-Americanos pela Efetiva\u00e7\u00e3o da Agenda 2030<\/em>, organizado pelo Grupo de Pesquisa (CNPq) Direitos Humanos, Justi\u00e7a Social e Sustentabilidade e pelo Observat\u00f3rio de Direitos Humanos (Projeto de Extens\u00e3o), do Programa de P\u00f3s-Gradua\u00e7\u00e3o Stricto Sensu em Direito da UNIJU\u00cd (Cursos de Mestrado e Doutorado em Direitos Humanos), entre os dias 14 e 15 de junho de 2023. O evento aconteceu em ambiente virtual, tendo por objetivo fortalecer a atua\u00e7\u00e3o conjunta de pesquisadores e divulgar os resultados das investiga\u00e7\u00f5es realizadas pelos Observat\u00f3rios que comp\u00f5em a Rede Latino-Americana: Observat\u00f3rio de Direitos Humanos (PPGD\/UNIJU\u00cd), Observat\u00f3rio de Pol\u00edticas Constitucionais Descolonizadoras para a Am\u00e9rica Latina (PPGD\/UNOCHAPEC\u00d3) e Observatorio Permanente de Trabajo Decente de la Triple Frontera (Universidade Nacional de Misiones\/ UNaM &#8211; Argentina).<br \/>As apresenta\u00e7\u00f5es de trabalhos foram organizadas a partir de grupos tem\u00e1ticos (GT 1 &#8211; Sociedades Pac\u00edficas e Institui\u00e7\u00f5es Eficazes; GT 2 &#8211; Direitos Humanos e Desigualdades Sociais; GT 3 &#8211; Pol\u00edticas P\u00fablicas e Bem-Estar Social; GT 4 \u2013 Agenda 2030 e Sociedades Sustent\u00e1veis), para orientar a produ\u00e7\u00e3o de conhecimento entre os pesquisadores e Observat\u00f3rios parceiros, aprofundando as an\u00e1lises acerca da Agenda 2030 e seus Objetivos de Desenvolvimento Sustent\u00e1vel.<br \/>A presente obra foi financiada pela Funda\u00e7\u00e3o de Amparo \u00e0 Pesquisa do Estado do Rio Grande do Sul (FAPERGS), no \u00e2mbito do Processo 23\/2551-0000543-3, Edital FAPERGS 12\/2022 &#8211; Aux\u00edlio para Organiza\u00e7\u00e3o de Eventos (AOE), no curso do I Semin\u00e1rio Internacional da Rede de Observat\u00f3rios Latino-Americanos pela Efetiva\u00e7\u00e3o da Agenda 2030.<\/p>","protected":false},"excerpt":{"rendered":"<p>Anna Paula Bagetti Zeifert<br \/>Maria Aparecida Lucca Caovilla<br \/>Daniel Rubens Cenci<\/p>\n<p><strong>Download gratuito &#8211; projeto financiado pela Funda\u00e7\u00e3o de Amparo \u00e0 Pesquisa do Estado do RS (FAPERGS)<\/strong><\/p>\n<p><strong>Vers\u00e3o digital (e-book) &#8211; Clique no bot\u00e3o Download<\/strong><\/p>","protected":false},"featured_media":66941,"template":"","meta":{"_joinchat":[]},"product_brand":[],"product_cat":[57],"product_tag":[228],"class_list":{"0":"post-66939","1":"product","2":"type-product","3":"status-publish","4":"has-post-thumbnail","6":"product_cat-ciencias-sociais-aplicadas","7":"product_tag-anais-do-i-seminario-internacional-da-rede-de-observatorios-latino-americanos-pela-efetivacao-da-agenda-2030","8":"align-center","9":"box-shadow-1","10":"box-shadow-3-hover","11":"ast-product-gallery-layout-horizontal","12":"ast-product-gallery-with-no-image","13":"ast-product-tabs-layout-horizontal","15":"first","16":"instock","17":"downloadable","18":"virtual","19":"product-type-simple"},"_links":{"self":[{"href":"https:\/\/www.dommodesto.com.br\/en\/wp-json\/wp\/v2\/product\/66939","targetHints":{"allow":["GET"]}}],"collection":[{"href":"https:\/\/www.dommodesto.com.br\/en\/wp-json\/wp\/v2\/product"}],"about":[{"href":"https:\/\/www.dommodesto.com.br\/en\/wp-json\/wp\/v2\/types\/product"}],"wp:featuredmedia":[{"embeddable":true,"href":"https:\/\/www.dommodesto.com.br\/en\/wp-json\/wp\/v2\/media\/66941"}],"wp:attachment":[{"href":"https:\/\/www.dommodesto.com.br\/en\/wp-json\/wp\/v2\/media?parent=66939"}],"wp:term":[{"taxonomy":"product_brand","embeddable":true,"href":"https:\/\/www.dommodesto.com.br\/en\/wp-json\/wp\/v2\/product_brand?post=66939"},{"taxonomy":"product_cat","embeddable":true,"href":"https:\/\/www.dommodesto.com.br\/en\/wp-json\/wp\/v2\/product_cat?post=66939"},{"taxonomy":"product_tag","embeddable":true,"href":"https:\/\/www.dommodesto.com.br\/en\/wp-json\/wp\/v2\/product_tag?post=66939"}],"curies":[{"name":"wp","href":"https:\/\/api.w.org\/{rel}","templated":true}]}}