{"id":66936,"date":"2023-08-09T10:09:15","date_gmt":"2023-08-09T13:09:15","guid":{"rendered":"https:\/\/www.dommodesto.com.br\/?post_type=product&#038;p=66936"},"modified":"2023-08-09T10:09:15","modified_gmt":"2023-08-09T13:09:15","slug":"mediacao-sanitaria-nas-relacoes-de-trabalho-limites-e-possibilidades","status":"publish","type":"product","link":"https:\/\/www.dommodesto.com.br\/en\/product\/mediacao-sanitaria-nas-relacoes-de-trabalho-limites-e-possibilidades\/","title":{"rendered":"Media\u00e7\u00e3o sanit\u00e1ria nas rela\u00e7\u00f5es de trabalho: limites e possibilidades"},"content":{"rendered":"<p>&#8220;No que tange \u00e0 tem\u00e1tica da sa\u00fade e seguran\u00e7a no trabalho, a media\u00e7\u00e3o sanit\u00e1ria apresenta-se como uma ferramenta especialmente relevante. Por meio desse mecanismo, \u00e9 poss\u00edvel abordar quest\u00f5es como o cumprimento de normas e regulamentos sanit\u00e1rios; a implementa\u00e7\u00e3o de medidas preventivas; o fornecimento de equipamentos de prote\u00e7\u00e3o individual (EPIs) adequados; entre outros aspectos relacionados \u00e0 preserva\u00e7\u00e3o da sa\u00fade e bem-estar dos trabalhadores.<\/p>\n<p>No entanto, \u00e9 importante ressaltar que a media\u00e7\u00e3o sanit\u00e1ria nas rela\u00e7\u00f5es trabalhistas n\u00e3o substitui a atua\u00e7\u00e3o do Estado na fiscaliza\u00e7\u00e3o e aplica\u00e7\u00e3o das normas de prote\u00e7\u00e3o \u00e0 sa\u00fade e seguran\u00e7a no trabalho. A media\u00e7\u00e3o sanit\u00e1ria funciona como um complemento ao sistema jur\u00eddico existente, proporcionando um espa\u00e7o de di\u00e1logo e negocia\u00e7\u00e3o para as partes, com o intuito de alcan\u00e7ar solu\u00e7\u00f5es que atendam aos interesses individuais e coletivos.<\/p>\n<p>Em suma, a media\u00e7\u00e3o sanit\u00e1ria nas rela\u00e7\u00f5es trabalhistas constitui uma ferramenta valiosa para a resolu\u00e7\u00e3o de conflitos relacionados \u00e0 sa\u00fade e seguran\u00e7a no ambiente de trabalho. Ao adotar uma abordagem baseada na comunica\u00e7\u00e3o, na negocia\u00e7\u00e3o e na busca de solu\u00e7\u00f5es consensuais, a media\u00e7\u00e3o sanit\u00e1ria contribui para a promo\u00e7\u00e3o de rela\u00e7\u00f5es laborais saud\u00e1veis e para a preven\u00e7\u00e3o de processos judiciais, fortalecendo, assim, o sistema de prote\u00e7\u00e3o ao trabalhador.&#8221;<\/p>\n<p><em>Fabiana Marion Spengler<\/em><\/p>","protected":false},"excerpt":{"rendered":"<p>Rosane Teresinha Carvalho Porto<br \/>Ezequiel Cruz de Souza<br \/>\u00c9lida Martins de Oliveira Taveira<\/p>\n<p><strong>Download gratuito &#8211; projeto financiado pela Funda\u00e7\u00e3o de Amparo \u00e0 Pesquisa do Estado do RS (FAPERGS)<\/strong><\/p>\n<p><strong>Vers\u00e3o impressa &#8211; Tiragem limitada, n\u00e3o comercial, destinada exclusivamente \u00e0 finalidade acad\u00eamica do projeto.<\/strong><br \/><strong>Vers\u00e3o digital (e-book) &#8211; Clique no bot\u00e3o Download.<\/strong><\/p>","protected":false},"featured_media":66937,"template":"","meta":{"_joinchat":[]},"product_brand":[],"product_cat":[57],"product_tag":[227],"class_list":{"0":"post-66936","1":"product","2":"type-product","3":"status-publish","4":"has-post-thumbnail","6":"product_cat-ciencias-sociais-aplicadas","7":"product_tag-mediacao-sanitaria-nas-relacoes-de-trabalho-limites-e-possibilidades","8":"align-center","9":"box-shadow-1","10":"box-shadow-3-hover","11":"ast-product-gallery-layout-horizontal","12":"ast-product-gallery-with-no-image","13":"ast-product-tabs-layout-horizontal","15":"first","16":"instock","17":"downloadable","18":"virtual","19":"product-type-simple"},"_links":{"self":[{"href":"https:\/\/www.dommodesto.com.br\/en\/wp-json\/wp\/v2\/product\/66936","targetHints":{"allow":["GET"]}}],"collection":[{"href":"https:\/\/www.dommodesto.com.br\/en\/wp-json\/wp\/v2\/product"}],"about":[{"href":"https:\/\/www.dommodesto.com.br\/en\/wp-json\/wp\/v2\/types\/product"}],"wp:featuredmedia":[{"embeddable":true,"href":"https:\/\/www.dommodesto.com.br\/en\/wp-json\/wp\/v2\/media\/66937"}],"wp:attachment":[{"href":"https:\/\/www.dommodesto.com.br\/en\/wp-json\/wp\/v2\/media?parent=66936"}],"wp:term":[{"taxonomy":"product_brand","embeddable":true,"href":"https:\/\/www.dommodesto.com.br\/en\/wp-json\/wp\/v2\/product_brand?post=66936"},{"taxonomy":"product_cat","embeddable":true,"href":"https:\/\/www.dommodesto.com.br\/en\/wp-json\/wp\/v2\/product_cat?post=66936"},{"taxonomy":"product_tag","embeddable":true,"href":"https:\/\/www.dommodesto.com.br\/en\/wp-json\/wp\/v2\/product_tag?post=66936"}],"curies":[{"name":"wp","href":"https:\/\/api.w.org\/{rel}","templated":true}]}}