{"id":66923,"date":"2023-07-21T18:55:49","date_gmt":"2023-07-21T21:55:49","guid":{"rendered":"https:\/\/www.dommodesto.com.br\/?post_type=product&#038;p=66923"},"modified":"2023-07-21T18:55:49","modified_gmt":"2023-07-21T21:55:49","slug":"politicas-publicas-de-acesso-a-justica-trabalho-e-saude-dialogos-necessarios-entre-brasil-argentina-e-italia","status":"publish","type":"product","link":"https:\/\/www.dommodesto.com.br\/en\/product\/politicas-publicas-de-acesso-a-justica-trabalho-e-saude-dialogos-necessarios-entre-brasil-argentina-e-italia\/","title":{"rendered":"Pol\u00edticas p\u00fablicas de acesso \u00e0 justi\u00e7a, trabalho e sa\u00fade: di\u00e1logos necess\u00e1rios entre Brasil, Argentina e It\u00e1lia"},"content":{"rendered":"<p>&#8220;Ao longo de toda a obra nos deparamos com a problem\u00e1tica acerca das pol\u00edticas p\u00fablicas de acesso \u00e0 justi\u00e7a, trabalho e sa\u00fade, com a certeza de que a pesquisa, os estudos e o debate contribuem para uma sociedade mais justa e fraterna. Se n\u00e3o a ideal ainda, pelo menos em constante transforma\u00e7\u00e3o e evolu\u00e7\u00e3o.&#8221;<\/p>\n<p><em>T\u00e2nia Regina Silva Reckziegel<\/em><\/p>","protected":false},"excerpt":{"rendered":"<p>Rosane Teresinha Carvalho Porto (Brasil)<br \/>Mario Luis Gambacorta (Argentina)<br \/>Carlo Alberto Ciaralli (It\u00e1lia)<\/p>\n<p><strong>Download gratuito &#8211; projeto financiado pela Funda\u00e7\u00e3o de Amparo \u00e0 Pesquisa do Estado do RS (FAPERGS)<\/strong><\/p>\n<p><strong>Vers\u00e3o impressa &#8211; Tiragem limitada, n\u00e3o comercial, destinada exclusivamente \u00e0 finalidade acad\u00eamica do projeto.<\/strong><br \/><strong>Vers\u00e3o digital (e-book) &#8211; Clique no bot\u00e3o Download.<\/strong><\/p>","protected":false},"featured_media":66927,"template":"","meta":{"_joinchat":[]},"product_brand":[],"product_cat":[57],"product_tag":[222],"class_list":{"0":"post-66923","1":"product","2":"type-product","3":"status-publish","4":"has-post-thumbnail","6":"product_cat-ciencias-sociais-aplicadas","7":"product_tag-politicas-publicas-de-acesso-a-justica","8":"align-center","9":"box-shadow-1","10":"box-shadow-3-hover","11":"ast-product-gallery-layout-horizontal","12":"ast-product-gallery-with-no-image","13":"ast-product-tabs-layout-horizontal","15":"first","16":"instock","17":"downloadable","18":"virtual","19":"product-type-simple"},"_links":{"self":[{"href":"https:\/\/www.dommodesto.com.br\/en\/wp-json\/wp\/v2\/product\/66923","targetHints":{"allow":["GET"]}}],"collection":[{"href":"https:\/\/www.dommodesto.com.br\/en\/wp-json\/wp\/v2\/product"}],"about":[{"href":"https:\/\/www.dommodesto.com.br\/en\/wp-json\/wp\/v2\/types\/product"}],"wp:featuredmedia":[{"embeddable":true,"href":"https:\/\/www.dommodesto.com.br\/en\/wp-json\/wp\/v2\/media\/66927"}],"wp:attachment":[{"href":"https:\/\/www.dommodesto.com.br\/en\/wp-json\/wp\/v2\/media?parent=66923"}],"wp:term":[{"taxonomy":"product_brand","embeddable":true,"href":"https:\/\/www.dommodesto.com.br\/en\/wp-json\/wp\/v2\/product_brand?post=66923"},{"taxonomy":"product_cat","embeddable":true,"href":"https:\/\/www.dommodesto.com.br\/en\/wp-json\/wp\/v2\/product_cat?post=66923"},{"taxonomy":"product_tag","embeddable":true,"href":"https:\/\/www.dommodesto.com.br\/en\/wp-json\/wp\/v2\/product_tag?post=66923"}],"curies":[{"name":"wp","href":"https:\/\/api.w.org\/{rel}","templated":true}]}}