{"id":66891,"date":"2023-06-22T22:14:39","date_gmt":"2023-06-23T01:14:39","guid":{"rendered":"https:\/\/www.dommodesto.com.br\/?post_type=product&#038;p=66891"},"modified":"2023-07-21T14:34:25","modified_gmt":"2023-07-21T17:34:25","slug":"constitucionalismo-intersistemico-sistemas-sociais-e-constituicao-em-rede","status":"publish","type":"product","link":"https:\/\/www.dommodesto.com.br\/en\/product\/constitucionalismo-intersistemico-sistemas-sociais-e-constituicao-em-rede\/","title":{"rendered":"Constitucionalismo Intersist\u00eamico: sistemas sociais e Constitui\u00e7\u00e3o em rede"},"content":{"rendered":"<p>&#8220;Sem d\u00favida, como defendem os autores, o sistema jur\u00eddico precisa se relacionar com as demais inst\u00e2ncias sociais para que possa reproduzir-se, autopoieticamente com efetividade, no s\u00e9culo XXI. Nessa linha de racioc\u00ednio, o Direito coevolui com diferentes racionalidades que operam mediante codifica\u00e7\u00f5es pr\u00f3prias. Observa-se que na sociedade informacional, digital e massificada atual, os sistemas precisam se \u201cconstituir-se globalmente\u201d, o que induz ao gradativo rompimento com processos institucionalizados e com inst\u00e2ncias centralizadas de poder, uma vez que o efeito geral desses processos globais tem sido o de fortalecimento dos direitos humanos.&#8221;<\/p>\n<p><em>Claudia Lima Marques<br \/>Professora Titular e Diretora da Faculdade de Direito da UFRGS.<\/em><\/p>","protected":false},"excerpt":{"rendered":"<p>Leonel Severo Rocha<br \/>Bernardo Leandro Carvalho Costa<\/p>\n<p><strong>Vers\u00e3o impressa &#8211; <a href=\"https:\/\/www.amazon.com.br\/Constitucionalismo-intersist%C3%AAmico-Bernardo-Leandro-Carvalho\/dp\/6581399116\/ref=sr_1_1?__mk_pt_BR=%C3%85M%C3%85%C5%BD%C3%95%C3%91&amp;crid=1XH6ZRNNNZCNG&amp;keywords=%22constitucionalismo+intersistemico%22&amp;qid=1689960617&amp;sprefix=constitucionalismo+intersistemico+%2Caps%2C220&amp;sr=8-1\">Clique aqui<\/a><\/strong><br \/><strong>Vers\u00e3o digital (e-book) &#8211; ainda n\u00e3o dispon\u00edvel<\/strong><\/p>","protected":false},"featured_media":66892,"template":"","meta":{"_joinchat":[]},"product_brand":[],"product_cat":[57],"product_tag":[],"class_list":{"0":"post-66891","1":"product","2":"type-product","3":"status-publish","4":"has-post-thumbnail","6":"product_cat-ciencias-sociais-aplicadas","7":"align-center","8":"box-shadow-1","9":"box-shadow-3-hover","10":"ast-product-gallery-layout-horizontal","11":"ast-product-gallery-with-no-image","12":"ast-product-tabs-layout-horizontal","14":"first","15":"instock","16":"downloadable","17":"virtual","18":"product-type-simple"},"_links":{"self":[{"href":"https:\/\/www.dommodesto.com.br\/en\/wp-json\/wp\/v2\/product\/66891","targetHints":{"allow":["GET"]}}],"collection":[{"href":"https:\/\/www.dommodesto.com.br\/en\/wp-json\/wp\/v2\/product"}],"about":[{"href":"https:\/\/www.dommodesto.com.br\/en\/wp-json\/wp\/v2\/types\/product"}],"wp:featuredmedia":[{"embeddable":true,"href":"https:\/\/www.dommodesto.com.br\/en\/wp-json\/wp\/v2\/media\/66892"}],"wp:attachment":[{"href":"https:\/\/www.dommodesto.com.br\/en\/wp-json\/wp\/v2\/media?parent=66891"}],"wp:term":[{"taxonomy":"product_brand","embeddable":true,"href":"https:\/\/www.dommodesto.com.br\/en\/wp-json\/wp\/v2\/product_brand?post=66891"},{"taxonomy":"product_cat","embeddable":true,"href":"https:\/\/www.dommodesto.com.br\/en\/wp-json\/wp\/v2\/product_cat?post=66891"},{"taxonomy":"product_tag","embeddable":true,"href":"https:\/\/www.dommodesto.com.br\/en\/wp-json\/wp\/v2\/product_tag?post=66891"}],"curies":[{"name":"wp","href":"https:\/\/api.w.org\/{rel}","templated":true}]}}