{"id":66889,"date":"2023-06-22T22:01:18","date_gmt":"2023-06-23T01:01:18","guid":{"rendered":"https:\/\/www.dommodesto.com.br\/?post_type=product&#038;p=66889"},"modified":"2023-06-22T22:01:18","modified_gmt":"2023-06-23T01:01:18","slug":"direito-fundamental-a-protecao-climatica","status":"publish","type":"product","link":"https:\/\/www.dommodesto.com.br\/en\/product\/direito-fundamental-a-protecao-climatica\/","title":{"rendered":"Direito fundamental \u00e0 prote\u00e7\u00e3o clim\u00e1tica"},"content":{"rendered":"<p>\u201cA obra conduz o leitor para a percep\u00e7\u00e3o da constru\u00e7\u00e3o de um direito fundamental ao clima. Usa como suporte te\u00f3rico a teoria sist\u00eamica, para descrever o fen\u00f4meno que est\u00e3o associados as mudan\u00e7as clim\u00e1ticas, e que por sua alta complexidade aos sistemas social, especialmente \u00e0 Ci\u00eancia, \u00e0 Pol\u00edtica, \u00e0 Econ\u00f4mica e ao Direito, expondo que precisa ser melhor discutido e compreendido.<br \/>(&#8230;)<br \/>Al\u00e9m do tema ser vibrante e envolver um problema muito s\u00e9rio e atual, a autora utiliza vasto referencial te\u00f3rico para sustentar seus argumentos, utilizando v\u00e1rios autores da atualidade al\u00e9m dos cl\u00e1ssicos que abordam sobre o assunto. O que faz com que a leitura da obra seja muito interessante e relevante, de forma a provocar reflex\u00f5es e despertar para a abrang\u00eancia do direito do clima.\u201d<\/p>\n<p><em>Prof. Dr. Nicolau Cardoso Neto<\/em><\/p>","protected":false},"excerpt":{"rendered":"<p>Sabrina Lehnen Stoll<\/p>\n<p><strong>Vers\u00e3o impressa &#8211; em breve na Amazon e em outros grandes marketplaces.<\/strong><br \/><strong>Vers\u00e3o digital (e-book) &#8211; ainda n\u00e3o dispon\u00edvel<\/strong><\/p>","protected":false},"featured_media":66890,"template":"","meta":{"_joinchat":[]},"product_brand":[],"product_cat":[57],"product_tag":[],"class_list":{"0":"post-66889","1":"product","2":"type-product","3":"status-publish","4":"has-post-thumbnail","6":"product_cat-ciencias-sociais-aplicadas","7":"align-center","8":"box-shadow-1","9":"box-shadow-3-hover","10":"ast-product-gallery-layout-horizontal","11":"ast-product-gallery-with-no-image","12":"ast-product-tabs-layout-horizontal","14":"first","15":"instock","16":"downloadable","17":"virtual","18":"product-type-simple"},"_links":{"self":[{"href":"https:\/\/www.dommodesto.com.br\/en\/wp-json\/wp\/v2\/product\/66889","targetHints":{"allow":["GET"]}}],"collection":[{"href":"https:\/\/www.dommodesto.com.br\/en\/wp-json\/wp\/v2\/product"}],"about":[{"href":"https:\/\/www.dommodesto.com.br\/en\/wp-json\/wp\/v2\/types\/product"}],"wp:featuredmedia":[{"embeddable":true,"href":"https:\/\/www.dommodesto.com.br\/en\/wp-json\/wp\/v2\/media\/66890"}],"wp:attachment":[{"href":"https:\/\/www.dommodesto.com.br\/en\/wp-json\/wp\/v2\/media?parent=66889"}],"wp:term":[{"taxonomy":"product_brand","embeddable":true,"href":"https:\/\/www.dommodesto.com.br\/en\/wp-json\/wp\/v2\/product_brand?post=66889"},{"taxonomy":"product_cat","embeddable":true,"href":"https:\/\/www.dommodesto.com.br\/en\/wp-json\/wp\/v2\/product_cat?post=66889"},{"taxonomy":"product_tag","embeddable":true,"href":"https:\/\/www.dommodesto.com.br\/en\/wp-json\/wp\/v2\/product_tag?post=66889"}],"curies":[{"name":"wp","href":"https:\/\/api.w.org\/{rel}","templated":true}]}}