{"id":66879,"date":"2023-06-16T10:47:26","date_gmt":"2023-06-16T13:47:26","guid":{"rendered":"https:\/\/www.dommodesto.com.br\/?post_type=product&#038;p=66879"},"modified":"2023-06-16T10:47:26","modified_gmt":"2023-06-16T13:47:26","slug":"direitos-da-personalidade-e-abuso-do-direito","status":"publish","type":"product","link":"https:\/\/www.dommodesto.com.br\/en\/product\/direitos-da-personalidade-e-abuso-do-direito\/","title":{"rendered":"Direitos da personalidade e abuso do direito"},"content":{"rendered":"<p style=\"text-align: justify;\">Este livro apresenta o tratamento do C\u00f3digo Civil brasileiro ao abuso do direito em sua interface com os direitos da personalidade, sem, contudo, revelar as consequ\u00eancias advindas dessa modalidade de ato il\u00edcito.<br \/>A partir de uma linha de racioc\u00ednio l\u00f3gica, inicialmente discorre-se sobre uma teoria do fato jur\u00eddico, com o conceito de direito e suas rela\u00e7\u00f5es com a moral e o poder e, por fim, apresentam-se aspectos elementares sobre fato jur\u00eddico em sentido amplo.<br \/>Em seguida, s\u00e3o expostas as principais ideias sobre o ato il\u00edcito, com no\u00e7\u00f5es conceituais, al\u00e9m do hist\u00f3rico e de elementos caracterizadores, para finalizar apresentando o tratamento normativo do ato il\u00edcito no C\u00f3digo Civil brasileiro de 2002.<br \/>\u00c9 apresentada, ainda, a exist\u00eancia de abuso do direito no C\u00f3digo Civil brasileiro de 2002, bem como seus aspectos gerais e seu conceito, as origens da teoria do abuso do direito, o tratamento normativo do abuso de direito no C\u00f3digo Civil brasileiro \u2013 tanto no revogado quanto no atual.<\/p>","protected":false},"excerpt":{"rendered":"<p>Jo\u00e3o Vicente Nunes Leal<\/p>\n<p><strong>Vers\u00e3o impressa &#8211; Ainda n\u00e3o dispon\u00edvel.<\/strong><br \/><strong>Vers\u00e3o digital (e-book) &#8211; Clique no bot\u00e3o Comprar<\/strong><\/p>","protected":false},"featured_media":66881,"template":"","meta":{"_joinchat":[]},"product_brand":[],"product_cat":[57],"product_tag":[],"class_list":{"0":"post-66879","1":"product","2":"type-product","3":"status-publish","4":"has-post-thumbnail","6":"product_cat-ciencias-sociais-aplicadas","7":"align-center","8":"box-shadow-1","9":"box-shadow-3-hover","10":"ast-product-gallery-layout-horizontal","11":"ast-product-gallery-with-no-image","12":"ast-product-tabs-layout-horizontal","14":"first","15":"instock","16":"downloadable","17":"virtual","18":"purchasable","19":"product-type-simple"},"_links":{"self":[{"href":"https:\/\/www.dommodesto.com.br\/en\/wp-json\/wp\/v2\/product\/66879","targetHints":{"allow":["GET"]}}],"collection":[{"href":"https:\/\/www.dommodesto.com.br\/en\/wp-json\/wp\/v2\/product"}],"about":[{"href":"https:\/\/www.dommodesto.com.br\/en\/wp-json\/wp\/v2\/types\/product"}],"wp:featuredmedia":[{"embeddable":true,"href":"https:\/\/www.dommodesto.com.br\/en\/wp-json\/wp\/v2\/media\/66881"}],"wp:attachment":[{"href":"https:\/\/www.dommodesto.com.br\/en\/wp-json\/wp\/v2\/media?parent=66879"}],"wp:term":[{"taxonomy":"product_brand","embeddable":true,"href":"https:\/\/www.dommodesto.com.br\/en\/wp-json\/wp\/v2\/product_brand?post=66879"},{"taxonomy":"product_cat","embeddable":true,"href":"https:\/\/www.dommodesto.com.br\/en\/wp-json\/wp\/v2\/product_cat?post=66879"},{"taxonomy":"product_tag","embeddable":true,"href":"https:\/\/www.dommodesto.com.br\/en\/wp-json\/wp\/v2\/product_tag?post=66879"}],"curies":[{"name":"wp","href":"https:\/\/api.w.org\/{rel}","templated":true}]}}