{"id":66823,"date":"2023-05-15T23:46:56","date_gmt":"2023-05-16T02:46:56","guid":{"rendered":"https:\/\/www.dommodesto.com.br\/?post_type=product&#038;p=66823"},"modified":"2023-05-16T08:56:07","modified_gmt":"2023-05-16T11:56:07","slug":"ciencias-criminais-pelo-desencarceramento","status":"publish","type":"product","link":"https:\/\/www.dommodesto.com.br\/en\/product\/ciencias-criminais-pelo-desencarceramento\/","title":{"rendered":"Ci\u00eancias criminais pelo desencarceramento"},"content":{"rendered":"<p>Fruto de pesquisas desenvolvidas pelo Grupo Direito Penal e Democracia, algumas apresentadas no IX Semin\u00e1rio Direito Penal e Democracia com o tema \u201cCi\u00eancias Criminais pelo Desencarceramento\u201d, ocorrido na Universidade Federal do Par\u00e1, nos dias 10 e 11 de novembro de 2022, esta \u00e9 a primeira obra publicada, neste formato, no bojo do Projeto de Pesquisa \u201cREDE DE COOPERA\u00c7\u00c3O ACAD\u00caMICA E DE PESQUISA: EFICI\u00caNCIA, EFETIVIDADE E ECONOMICIDADE NAS POL\u00cdTICAS DE SEGURAN\u00c7A P\u00daBLICA COM UTILIZA\u00c7\u00c3O DE MONITORA\u00c7\u00c3O ELETR\u00d4NICA E INTEGRA\u00c7\u00c3O DE BANCOS DE DADOS\u201d, desenvolvido a partir do Edital Procad\/CAPES n\u00ba 16\/2020 \u2013 Ci\u00eancias Forenses e Seguran\u00e7a P\u00fablica.<\/p>\n<p>O referido projeto foi respons\u00e1vel pelo estabelecimento de uma rede de coopera\u00e7\u00e3o acad\u00eamica que congrega duas institui\u00e7\u00f5es de ensino superior de car\u00e1ter comunit\u00e1rio (UNIJU\u00cd\/RS e UNESC\/SC) e uma institui\u00e7\u00e3o p\u00fablica (Universidade Federal do Par\u00e1\/PA), bem como institui\u00e7\u00f5es ligadas \u00e0 \u00e1rea da Seguran\u00e7a P\u00fablica (Pol\u00edcia Civil do Estado do Rio Grande do Sul e Conselho Nacional de Justi\u00e7a, por meio do Departamento de Monitoramento e Fiscaliza\u00e7\u00e3o do Sistema Carcer\u00e1rio e do Sistema de Execu\u00e7\u00e3o de Medidas Socioeducativas), estabelecendo uma importante interlocu\u00e7\u00e3o entre a regi\u00e3o Sul e a regi\u00e3o Norte do Pa\u00eds no que se refere \u00e0 sua tem\u00e1tica central.<\/p>","protected":false},"excerpt":{"rendered":"<p>Coordena\u00e7\u00e3o:<br \/><em>Luanna Tomaz de Souza<br \/>Maiquel \u00c2ngelo Dezordi Wermuth<\/em><\/p>\n<p>Organiza\u00e7\u00e3o:<br \/><em>Anna Izabel Silva Santos<br \/>Lucas Morgado dos Santos<br \/>Monica Maciel Soares Fonseca<br \/>Nilton Carlos Noronha Ferreira<\/em><\/p>","protected":false},"featured_media":66825,"template":"","meta":{"_joinchat":[]},"product_brand":[],"product_cat":[57],"product_tag":[204],"class_list":{"0":"post-66823","1":"product","2":"type-product","3":"status-publish","4":"has-post-thumbnail","6":"product_cat-ciencias-sociais-aplicadas","7":"product_tag-ciencias-criminais-pelo-desencarceramento","8":"align-center","9":"box-shadow-1","10":"box-shadow-3-hover","11":"ast-product-gallery-layout-horizontal","12":"ast-product-gallery-with-no-image","13":"ast-product-tabs-layout-horizontal","15":"first","16":"instock","17":"downloadable","18":"virtual","19":"purchasable","20":"product-type-simple"},"_links":{"self":[{"href":"https:\/\/www.dommodesto.com.br\/en\/wp-json\/wp\/v2\/product\/66823","targetHints":{"allow":["GET"]}}],"collection":[{"href":"https:\/\/www.dommodesto.com.br\/en\/wp-json\/wp\/v2\/product"}],"about":[{"href":"https:\/\/www.dommodesto.com.br\/en\/wp-json\/wp\/v2\/types\/product"}],"wp:featuredmedia":[{"embeddable":true,"href":"https:\/\/www.dommodesto.com.br\/en\/wp-json\/wp\/v2\/media\/66825"}],"wp:attachment":[{"href":"https:\/\/www.dommodesto.com.br\/en\/wp-json\/wp\/v2\/media?parent=66823"}],"wp:term":[{"taxonomy":"product_brand","embeddable":true,"href":"https:\/\/www.dommodesto.com.br\/en\/wp-json\/wp\/v2\/product_brand?post=66823"},{"taxonomy":"product_cat","embeddable":true,"href":"https:\/\/www.dommodesto.com.br\/en\/wp-json\/wp\/v2\/product_cat?post=66823"},{"taxonomy":"product_tag","embeddable":true,"href":"https:\/\/www.dommodesto.com.br\/en\/wp-json\/wp\/v2\/product_tag?post=66823"}],"curies":[{"name":"wp","href":"https:\/\/api.w.org\/{rel}","templated":true}]}}