{"id":66821,"date":"2023-05-13T19:55:25","date_gmt":"2023-05-13T22:55:25","guid":{"rendered":"https:\/\/www.dommodesto.com.br\/?post_type=product&#038;p=66821"},"modified":"2023-05-13T19:55:25","modified_gmt":"2023-05-13T22:55:25","slug":"o-narcisismo-e-o-cinema-frente-ao-espelho-um-ensaio-com-o-filme-her-de-spike-jonze","status":"publish","type":"product","link":"https:\/\/www.dommodesto.com.br\/en\/product\/o-narcisismo-e-o-cinema-frente-ao-espelho-um-ensaio-com-o-filme-her-de-spike-jonze\/","title":{"rendered":"O narcisismo e o Cinema frente ao espelho: um ensaio com o filme her, de Spike Jonze"},"content":{"rendered":"<p>\u201cO Narcisismo e o Cinema frente ao Espelho \u2013 Um ensaio com o filme Her, de Spike Jonze\u201d \u00e9 minha disserta\u00e7\u00e3o de mestrado em Psican\u00e1lise: Cl\u00ednica e Cultura da Universidade Federal do Rio Grande do Sul \u2013 UFRGS. Ao longo do texto o leitor ir\u00e1 se deparar com aproxima\u00e7\u00f5es entre o cinema e a psican\u00e1lise sob uma perspectiva de encontro de duas artes que dialogam e mant\u00e9m alteridade entre si sem qualquer hierarquia entre elas. A narrativa do filme de Jonze \u00e9 contada juntamente com considera\u00e7\u00f5es sobre elementos que comp\u00f5em essa obra do cineasta bem como uma contextualiza\u00e7\u00e3o geral de seus outros trabalhos.<\/p>\n<p>Em seguida, convido o leitor a pensar junto comigo sobre o Narcisismo, desde o mito de Narciso at\u00e9 as cl\u00e1ssicas considera\u00e7\u00f5es da psican\u00e1lise, principalmente na teoria de Freud e Winnicott, com algumas incurs\u00f5es e refer\u00eancias a autores contempor\u00e2neos como Andr\u00e9 Green.<\/p>\n<p>Por fim, o leitor ir\u00e1 encontrar reflex\u00f5es de recortes de tr\u00eas cenas do filme Her analisadas \u00e0 luz do cinema e da psican\u00e1lise dentro de um contexto de espelhamentos que refletem, nomeiam e d\u00e3o algum sentido (sem esgot\u00e1-los) a alguns elementos presentes nessa obra cinematogr\u00e1fica de Jonze.<\/p>\n<p>Boa leitura e boas reflex\u00f5es.<\/p>","protected":false},"excerpt":{"rendered":"<p>Gustavo Carvalho Coutinho Rosa<\/p>\n<p><strong>Vers\u00e3o impressa &#8211; <a href=\"https:\/\/www.amazon.com.br\/narcisismo-Cinema-frente-espelho-ensaio\/dp\/6586537932\/ref=sr_1_32?keywords=%22dom+modesto%22&#038;qid=1684018093&#038;sprefix=%2Caps%2C216&#038;sr=8-32\">Clique aqui<\/a><br \/>\nVers\u00e3o digital (e-book) &#8211; ainda n\u00e3o dispon\u00edvel na vers\u00e3o eletr\u00f4nica.<\/strong><\/p>","protected":false},"featured_media":66822,"template":"","meta":{"_joinchat":[]},"product_brand":[],"product_cat":[15],"product_tag":[],"class_list":{"0":"post-66821","1":"product","2":"type-product","3":"status-publish","4":"has-post-thumbnail","6":"product_cat-sem-categoria","7":"align-center","8":"box-shadow-1","9":"box-shadow-3-hover","10":"ast-product-gallery-layout-horizontal","11":"ast-product-gallery-with-no-image","12":"ast-product-tabs-layout-horizontal","14":"first","15":"instock","16":"downloadable","17":"virtual","18":"product-type-simple"},"_links":{"self":[{"href":"https:\/\/www.dommodesto.com.br\/en\/wp-json\/wp\/v2\/product\/66821","targetHints":{"allow":["GET"]}}],"collection":[{"href":"https:\/\/www.dommodesto.com.br\/en\/wp-json\/wp\/v2\/product"}],"about":[{"href":"https:\/\/www.dommodesto.com.br\/en\/wp-json\/wp\/v2\/types\/product"}],"wp:featuredmedia":[{"embeddable":true,"href":"https:\/\/www.dommodesto.com.br\/en\/wp-json\/wp\/v2\/media\/66822"}],"wp:attachment":[{"href":"https:\/\/www.dommodesto.com.br\/en\/wp-json\/wp\/v2\/media?parent=66821"}],"wp:term":[{"taxonomy":"product_brand","embeddable":true,"href":"https:\/\/www.dommodesto.com.br\/en\/wp-json\/wp\/v2\/product_brand?post=66821"},{"taxonomy":"product_cat","embeddable":true,"href":"https:\/\/www.dommodesto.com.br\/en\/wp-json\/wp\/v2\/product_cat?post=66821"},{"taxonomy":"product_tag","embeddable":true,"href":"https:\/\/www.dommodesto.com.br\/en\/wp-json\/wp\/v2\/product_tag?post=66821"}],"curies":[{"name":"wp","href":"https:\/\/api.w.org\/{rel}","templated":true}]}}