{"id":66819,"date":"2023-05-12T17:25:05","date_gmt":"2023-05-12T20:25:05","guid":{"rendered":"https:\/\/www.dommodesto.com.br\/?post_type=product&#038;p=66819"},"modified":"2023-05-12T17:25:05","modified_gmt":"2023-05-12T20:25:05","slug":"reproducao-humana-assistida-no-brasil-direito-a-identidade-genetica-x-direito-ao-anonimato-do-doador","status":"publish","type":"product","link":"https:\/\/www.dommodesto.com.br\/en\/product\/reproducao-humana-assistida-no-brasil-direito-a-identidade-genetica-x-direito-ao-anonimato-do-doador\/","title":{"rendered":"Reprodu\u00e7\u00e3o humana assistida no Brasil: direito \u00e0 identidade gen\u00e9tica x direito ao anonimato do doador"},"content":{"rendered":"<p>\u201cO livro que desponta nesse instante, nasce tratando de uma tem\u00e1tica \u00e1rdua e de interesses m\u00faltiplos, pois n\u00e3o s\u00f3 a academia jur\u00eddica adentra debates abissais sobre a Reprodu\u00e7\u00e3o Humana Assistida, mas tamb\u00e9m a sociedade est\u00e1 envolta nas pesquisas sobre a preserva\u00e7\u00e3o ou n\u00e3o da Identidade do doador, s\u00e3o intensos os embates interpretativos \u2013 de aceita\u00e7\u00e3o e contesta\u00e7\u00e3o \u2013 sobre o Direito ao anonimato dentro ou fora dos ambientes acad\u00eamicos.\u201d<\/p>\n<p><em>Tais Martins<\/em><\/p>\n<p>\u201cA partir de 1988, o reconhecimento da dignidade como direito fundamental passou a ser intr\u00ednseco, do nascer ao morrer, de todas as pessoas, quanto mais das mulheres, al\u00e9m de obriga\u00e7\u00e3o primeira e \u00faltima do Estado. E \u00e9 exatamente isso que as autoras atestam, fazendo-o com leveza e de forma t\u00e9cnica, explicitando o processo de emancipa\u00e7\u00e3o das mulheres at\u00e9 serem consideradas sujeitos de direitos, inclusive quanto ao exerc\u00edcio pleno dos direitos relacionados ao pr\u00f3prio corpo.\u201d<\/p>\n<p><em>Ana Paula Pellegrinello<\/em><\/p>","protected":false},"excerpt":{"rendered":"<p>Andr\u00e9a Arruda Vaz<br \/>\nSusimara Teixeira Bidin<\/p>\n<p><strong>Vers\u00e3o impressa &#8211; <a href=\"https:\/\/www.amazon.com.br\/Reprodu%C3%A7%C3%A3o-humana-assistida-Brasil-identidade\/dp\/658653786X\/ref=sr_1_2?__mk_pt_BR=%C3%85M%C3%85%C5%BD%C3%95%C3%91&#038;crid=3SPI8AMFKVRB9&#038;keywords=%22dom+modesto%22&#038;qid=1683922930&#038;sprefix=dom+modesto+%2Caps%2C295&#038;sr=8-2\">Clique aqui<\/a><br \/>\nVers\u00e3o digital (e-book) &#8211; ainda n\u00e3o dispon\u00edvel na vers\u00e3o eletr\u00f4nica.<\/strong><\/p>","protected":false},"featured_media":66820,"template":"","meta":{"_joinchat":[]},"product_brand":[],"product_cat":[57],"product_tag":[],"class_list":{"0":"post-66819","1":"product","2":"type-product","3":"status-publish","4":"has-post-thumbnail","6":"product_cat-ciencias-sociais-aplicadas","7":"align-center","8":"box-shadow-1","9":"box-shadow-3-hover","10":"ast-product-gallery-layout-horizontal","11":"ast-product-gallery-with-no-image","12":"ast-product-tabs-layout-horizontal","14":"first","15":"instock","16":"downloadable","17":"virtual","18":"product-type-simple"},"_links":{"self":[{"href":"https:\/\/www.dommodesto.com.br\/en\/wp-json\/wp\/v2\/product\/66819","targetHints":{"allow":["GET"]}}],"collection":[{"href":"https:\/\/www.dommodesto.com.br\/en\/wp-json\/wp\/v2\/product"}],"about":[{"href":"https:\/\/www.dommodesto.com.br\/en\/wp-json\/wp\/v2\/types\/product"}],"wp:featuredmedia":[{"embeddable":true,"href":"https:\/\/www.dommodesto.com.br\/en\/wp-json\/wp\/v2\/media\/66820"}],"wp:attachment":[{"href":"https:\/\/www.dommodesto.com.br\/en\/wp-json\/wp\/v2\/media?parent=66819"}],"wp:term":[{"taxonomy":"product_brand","embeddable":true,"href":"https:\/\/www.dommodesto.com.br\/en\/wp-json\/wp\/v2\/product_brand?post=66819"},{"taxonomy":"product_cat","embeddable":true,"href":"https:\/\/www.dommodesto.com.br\/en\/wp-json\/wp\/v2\/product_cat?post=66819"},{"taxonomy":"product_tag","embeddable":true,"href":"https:\/\/www.dommodesto.com.br\/en\/wp-json\/wp\/v2\/product_tag?post=66819"}],"curies":[{"name":"wp","href":"https:\/\/api.w.org\/{rel}","templated":true}]}}