{"id":66817,"date":"2023-05-12T17:09:40","date_gmt":"2023-05-12T20:09:40","guid":{"rendered":"https:\/\/www.dommodesto.com.br\/?post_type=product&#038;p=66817"},"modified":"2023-05-12T17:09:40","modified_gmt":"2023-05-12T20:09:40","slug":"as-multiplas-dimensoes-da-judicializacao-da-politica-e-os-usos-sociais-do-controle-de-constitucionalidade-uma-analise-do-ambito-municipal-de-porto-alegre-rs","status":"publish","type":"product","link":"https:\/\/www.dommodesto.com.br\/en\/product\/as-multiplas-dimensoes-da-judicializacao-da-politica-e-os-usos-sociais-do-controle-de-constitucionalidade-uma-analise-do-ambito-municipal-de-porto-alegre-rs\/","title":{"rendered":"As m\u00faltiplas dimens\u00f5es da judicializa\u00e7\u00e3o da pol\u00edtica e os usos sociais do controle de constitucionalidade: uma an\u00e1lise do \u00e2mbito municipal de Porto Alegre\/RS"},"content":{"rendered":"<p style=\"text-align: justify;\">\u201cA cl\u00e1ssica separa\u00e7\u00e3o dos poderes, idealizada por Montesquieu, durante um per\u00edodo hist\u00f3rico em que o absolutismo mon\u00e1rquico atribu\u00eda quase tudo a um \u00fanico indiv\u00edduo, d\u00e1 lugar a uma ideia de equil\u00edbrio entre poderes, mediante controles rec\u00edprocos e garantias institucionais. Muito j\u00e1 se falou sobre os perigos de um governo de ju\u00edzes, i.e, de uma juristocracia. Ativismo judicial \u00e9 tema amplamente explorado pela doutrina nas Am\u00e9ricas e na Europa h\u00e1 mais de meio s\u00e9culo. Ser\u00e1 neste espectro que a presente obra buscar\u00e1 abordar a tens\u00e3o entre direito e pol\u00edtica, mas sob a \u00f3tica do controle de constitucionalidade no \u00e2mbito municipal. Quais os limites democr\u00e1ticos da atua\u00e7\u00e3o do Poder Judici\u00e1rio? Quais os melhores mecanismos para uma decis\u00e3o judicial constitucionalmente adequada? Como a chamada \u2018jurisprudencializa\u00e7\u00e3o\u2019 da Constitui\u00e7\u00e3o leva a uma judicializa\u00e7\u00e3o da pol\u00edtica? S\u00e3o perguntas cujas respostas o leitor poder\u00e1 buscar neste livro.\u201d<\/p>\n<p><em>Prof. Dr. Anderson Vichinkeski Teixeira<\/em><\/p>","protected":false},"excerpt":{"rendered":"<p>Rog\u00e9rio Aparecido Fernandes de Carvalho<\/p>\n<p><strong>Vers\u00e3o impressa &#8211; em breve na Amazon e em outros grandes marketplaces<br \/>Vers\u00e3o digital (e-book) &#8211; ainda n\u00e3o dispon\u00edvel na vers\u00e3o eletr\u00f4nica.<\/strong><\/p>","protected":false},"featured_media":66818,"template":"","meta":{"_joinchat":[]},"product_brand":[],"product_cat":[57],"product_tag":[],"class_list":{"0":"post-66817","1":"product","2":"type-product","3":"status-publish","4":"has-post-thumbnail","6":"product_cat-ciencias-sociais-aplicadas","7":"align-center","8":"box-shadow-1","9":"box-shadow-3-hover","10":"ast-product-gallery-layout-horizontal","11":"ast-product-gallery-with-no-image","12":"ast-product-tabs-layout-horizontal","14":"first","15":"instock","16":"downloadable","17":"virtual","18":"product-type-simple"},"_links":{"self":[{"href":"https:\/\/www.dommodesto.com.br\/en\/wp-json\/wp\/v2\/product\/66817","targetHints":{"allow":["GET"]}}],"collection":[{"href":"https:\/\/www.dommodesto.com.br\/en\/wp-json\/wp\/v2\/product"}],"about":[{"href":"https:\/\/www.dommodesto.com.br\/en\/wp-json\/wp\/v2\/types\/product"}],"wp:featuredmedia":[{"embeddable":true,"href":"https:\/\/www.dommodesto.com.br\/en\/wp-json\/wp\/v2\/media\/66818"}],"wp:attachment":[{"href":"https:\/\/www.dommodesto.com.br\/en\/wp-json\/wp\/v2\/media?parent=66817"}],"wp:term":[{"taxonomy":"product_brand","embeddable":true,"href":"https:\/\/www.dommodesto.com.br\/en\/wp-json\/wp\/v2\/product_brand?post=66817"},{"taxonomy":"product_cat","embeddable":true,"href":"https:\/\/www.dommodesto.com.br\/en\/wp-json\/wp\/v2\/product_cat?post=66817"},{"taxonomy":"product_tag","embeddable":true,"href":"https:\/\/www.dommodesto.com.br\/en\/wp-json\/wp\/v2\/product_tag?post=66817"}],"curies":[{"name":"wp","href":"https:\/\/api.w.org\/{rel}","templated":true}]}}