{"id":66814,"date":"2023-05-12T16:45:48","date_gmt":"2023-05-12T19:45:48","guid":{"rendered":"https:\/\/www.dommodesto.com.br\/?post_type=product&#038;p=66814"},"modified":"2023-05-12T16:45:48","modified_gmt":"2023-05-12T19:45:48","slug":"presidencialismo-imperial-na-nova-republica-as-atribuicoes-do-chefe-do-executivo-na-constituicao-federal-de-1988","status":"publish","type":"product","link":"https:\/\/www.dommodesto.com.br\/en\/product\/presidencialismo-imperial-na-nova-republica-as-atribuicoes-do-chefe-do-executivo-na-constituicao-federal-de-1988\/","title":{"rendered":"Presidencialismo Imperial na Nova Rep\u00fablica? As atribui\u00e7\u00f5es do chefe do Executivo na Constitui\u00e7\u00e3o federal de 1988"},"content":{"rendered":"<p>A partir de uma perspectiva interdisciplinar, que conjuga as compreens\u00f5es das Ci\u00eancias Sociais e Humanas, esta obra conduz o leitor atrav\u00e9s de uma an\u00e1lise acerca do presidencialismo brasileiro, com foco na fase compreendida como Nova Rep\u00fablica (1985 em diante), refletindo sobre a configura\u00e7\u00e3o de um poss\u00edvel presidencialismo imperial face ao excessivo n\u00famero de atribui\u00e7\u00f5es concedidas ao Chefe do Poder Executivo pela Constitui\u00e7\u00e3o Federal de 1988, que legitimam a possibilidade de coordenar a vida pol\u00edtica nacional, conduzir a Administra\u00e7\u00e3o P\u00fablica, nomear os atores da c\u00fapula do Minist\u00e9rio P\u00fablico da Uni\u00e3o, indicar membros para o Poder Judici\u00e1rio e tamb\u00e9m ser o grande legislador da p\u00e1tria, caracter\u00edsticas semelhantes a outros momentos da trajet\u00f3ria nacional, tal qual o Imp\u00e9rio e os regimes autorit\u00e1rios.<\/p>","protected":false},"excerpt":{"rendered":"<p>Thieser da Silva Farias<\/p>\n<p><strong>Vers\u00e3o impressa &#8211; <a href=\"https:\/\/www.amazon.com.br\/Presidencialismo-Imperial-na-Nova-Rep%C3%BAblica\/dp\/658653772X\/ref=sr_1_23?__mk_pt_BR=%C3%85M%C3%85%C5%BD%C3%95%C3%91&amp;crid=3SPI8AMFKVRB9&amp;keywords=%22dom+modesto%22&amp;qid=1683920490&amp;sprefix=dom+modesto+%2Caps%2C295&amp;sr=8-23\">Clique aqui<\/a><br \/>Vers\u00e3o digital (e-book) &#8211; ainda n\u00e3o dispon\u00edvel na vers\u00e3o eletr\u00f4nica.<\/strong><\/p>","protected":false},"featured_media":66815,"template":"","meta":{"_joinchat":[]},"product_brand":[],"product_cat":[57],"product_tag":[],"class_list":{"0":"post-66814","1":"product","2":"type-product","3":"status-publish","4":"has-post-thumbnail","6":"product_cat-ciencias-sociais-aplicadas","7":"align-center","8":"box-shadow-1","9":"box-shadow-3-hover","10":"ast-product-gallery-layout-horizontal","11":"ast-product-gallery-with-no-image","12":"ast-product-tabs-layout-horizontal","14":"first","15":"instock","16":"downloadable","17":"virtual","18":"product-type-simple"},"_links":{"self":[{"href":"https:\/\/www.dommodesto.com.br\/en\/wp-json\/wp\/v2\/product\/66814","targetHints":{"allow":["GET"]}}],"collection":[{"href":"https:\/\/www.dommodesto.com.br\/en\/wp-json\/wp\/v2\/product"}],"about":[{"href":"https:\/\/www.dommodesto.com.br\/en\/wp-json\/wp\/v2\/types\/product"}],"wp:featuredmedia":[{"embeddable":true,"href":"https:\/\/www.dommodesto.com.br\/en\/wp-json\/wp\/v2\/media\/66815"}],"wp:attachment":[{"href":"https:\/\/www.dommodesto.com.br\/en\/wp-json\/wp\/v2\/media?parent=66814"}],"wp:term":[{"taxonomy":"product_brand","embeddable":true,"href":"https:\/\/www.dommodesto.com.br\/en\/wp-json\/wp\/v2\/product_brand?post=66814"},{"taxonomy":"product_cat","embeddable":true,"href":"https:\/\/www.dommodesto.com.br\/en\/wp-json\/wp\/v2\/product_cat?post=66814"},{"taxonomy":"product_tag","embeddable":true,"href":"https:\/\/www.dommodesto.com.br\/en\/wp-json\/wp\/v2\/product_tag?post=66814"}],"curies":[{"name":"wp","href":"https:\/\/api.w.org\/{rel}","templated":true}]}}