{"id":66809,"date":"2023-05-08T10:14:19","date_gmt":"2023-05-08T13:14:19","guid":{"rendered":"https:\/\/www.dommodesto.com.br\/?post_type=product&#038;p=66809"},"modified":"2023-05-08T10:14:20","modified_gmt":"2023-05-08T13:14:20","slug":"mulheres-e-meio-ambiente-nosso-papel-fundamental-vol-iv","status":"publish","type":"product","link":"https:\/\/www.dommodesto.com.br\/en\/product\/mulheres-e-meio-ambiente-nosso-papel-fundamental-vol-iv\/","title":{"rendered":"Mulheres e meio ambiente: nosso papel fundamental vol. IV"},"content":{"rendered":"<p><span style=\"font-weight: 400;\">\u201c<\/span><span style=\"font-weight: 400;\">As mulheres historicamente representam a vida, como a m\u00e3e-natureza, elas possuem a capacidade para sensibilizar o mundo da necessidade de preservar o ambiente no qual estamos inseridas.\u00a0<\/span><\/p>\n<p><span style=\"font-weight: 400;\">Essa magn\u00edfica obra \u00e9 um grande alerta para a necessidade de mudan\u00e7as. \u00c9 por meio do conhecimento que se prop\u00f5em as reflex\u00f5es cr\u00edticas para o agir. Urge de forma acelerada a necessidade de a\u00e7\u00f5es concretas que evitem ou diminuam as trag\u00e9dias que j\u00e1 est\u00e3o ocorrendo no Planeta, como os desastres ambientais, a fome e inseguran\u00e7a alimentar que ainda matam milh\u00f5es, a quest\u00e3o da \u00e1gua pot\u00e1vel e outras cat\u00e1strofes.<\/span><span style=\"font-weight: 400;\">\u201d<\/span><\/p>\n<p><i><span style=\"font-weight: 400;\">C\u00e1tia R M Liczbinski<\/span><\/i><\/p>","protected":false},"excerpt":{"rendered":"<p>Clarissa de Souza Guerra<br \/>Francieli Iung Izolani<br \/>Leura Dalla Riva<\/p>\n<p><strong>Vers\u00e3o impressa &#8211; em breve na Amazon e em outros grandes <em>marketplaces<\/em><br \/>Vers\u00e3o digital (e-book) &#8211; Clique no bot\u00e3o Comprar<\/strong><\/p>","protected":false},"featured_media":66811,"template":"","meta":{"_joinchat":[]},"product_brand":[],"product_cat":[57],"product_tag":[],"class_list":{"0":"post-66809","1":"product","2":"type-product","3":"status-publish","4":"has-post-thumbnail","6":"product_cat-ciencias-sociais-aplicadas","7":"align-center","8":"box-shadow-1","9":"box-shadow-3-hover","10":"ast-product-gallery-layout-horizontal","11":"ast-product-gallery-with-no-image","12":"ast-product-tabs-layout-horizontal","14":"first","15":"instock","16":"downloadable","17":"virtual","18":"purchasable","19":"product-type-simple"},"_links":{"self":[{"href":"https:\/\/www.dommodesto.com.br\/en\/wp-json\/wp\/v2\/product\/66809","targetHints":{"allow":["GET"]}}],"collection":[{"href":"https:\/\/www.dommodesto.com.br\/en\/wp-json\/wp\/v2\/product"}],"about":[{"href":"https:\/\/www.dommodesto.com.br\/en\/wp-json\/wp\/v2\/types\/product"}],"wp:featuredmedia":[{"embeddable":true,"href":"https:\/\/www.dommodesto.com.br\/en\/wp-json\/wp\/v2\/media\/66811"}],"wp:attachment":[{"href":"https:\/\/www.dommodesto.com.br\/en\/wp-json\/wp\/v2\/media?parent=66809"}],"wp:term":[{"taxonomy":"product_brand","embeddable":true,"href":"https:\/\/www.dommodesto.com.br\/en\/wp-json\/wp\/v2\/product_brand?post=66809"},{"taxonomy":"product_cat","embeddable":true,"href":"https:\/\/www.dommodesto.com.br\/en\/wp-json\/wp\/v2\/product_cat?post=66809"},{"taxonomy":"product_tag","embeddable":true,"href":"https:\/\/www.dommodesto.com.br\/en\/wp-json\/wp\/v2\/product_tag?post=66809"}],"curies":[{"name":"wp","href":"https:\/\/api.w.org\/{rel}","templated":true}]}}