{"id":66789,"date":"2023-03-02T13:13:02","date_gmt":"2023-03-02T16:13:02","guid":{"rendered":"https:\/\/www.dommodesto.com.br\/?post_type=product&#038;p=66789"},"modified":"2023-03-02T13:13:02","modified_gmt":"2023-03-02T16:13:02","slug":"direito-a-saude-e-migracao-uma-aposta-na-fraternidade","status":"publish","type":"product","link":"https:\/\/www.dommodesto.com.br\/en\/product\/direito-a-saude-e-migracao-uma-aposta-na-fraternidade\/","title":{"rendered":"Direito \u00e0 sa\u00fade e migra\u00e7\u00e3o: uma aposta na fraternidade"},"content":{"rendered":"<p>\u201cIl libro di Janaina Machado Sturza, Gabrielle Scola Dutra e di Sandra Regina Martini \u00e8 davvero una scommessa, pensata, meditata e entusiastica sulla fraternit\u00e0 e coinvolge tutte le tematiche centrali del diritto fraterno. L\u2019oggetto \u00e8 il bene fondamentale della salute, meglio, il diritto fondamentale alla salute, riferito ai migranti e non solo. Per questo coinvolge l\u2019analisi delle politiche pubbliche e la dimensione delle scelte politiche tout court di fronte a fenomeni quali la mobilit\u00e0 e i processi immunitari che vengono coinvolti. Il programma di lavoro intorno alla \u201ccentrale del bene\u201d e alla costituzione del \u201csoggetto umanit\u00e0\u201d, come \u00e8 noto, mette in gioco possibilit\u00e0 escluse ma non eliminate nel panorama delle politiche pubbliche; ed \u00e8 un obbligo politico, e morale, insistere per rimetterlo in gioco nei suoi aspetti irrisolti.\u201d<\/p>\n<p><strong>Eligio Resta<\/strong><\/p>","protected":false},"excerpt":{"rendered":"<p>Jana\u00edna Machado Sturza<br \/>Gabrielle Scola Dutra<br \/>Sandra Regina Martini<\/p>","protected":false},"featured_media":66791,"template":"","meta":{"_joinchat":[]},"product_brand":[],"product_cat":[57],"product_tag":[189],"class_list":{"0":"post-66789","1":"product","2":"type-product","3":"status-publish","4":"has-post-thumbnail","6":"product_cat-ciencias-sociais-aplicadas","7":"product_tag-direito-a-saude-e-migracao-uma-aposta-na-fraternidade","8":"align-center","9":"box-shadow-1","10":"box-shadow-3-hover","11":"ast-product-gallery-layout-horizontal","12":"ast-product-gallery-with-no-image","13":"ast-product-tabs-layout-horizontal","15":"first","16":"instock","17":"downloadable","18":"virtual","19":"purchasable","20":"product-type-simple"},"_links":{"self":[{"href":"https:\/\/www.dommodesto.com.br\/en\/wp-json\/wp\/v2\/product\/66789","targetHints":{"allow":["GET"]}}],"collection":[{"href":"https:\/\/www.dommodesto.com.br\/en\/wp-json\/wp\/v2\/product"}],"about":[{"href":"https:\/\/www.dommodesto.com.br\/en\/wp-json\/wp\/v2\/types\/product"}],"wp:featuredmedia":[{"embeddable":true,"href":"https:\/\/www.dommodesto.com.br\/en\/wp-json\/wp\/v2\/media\/66791"}],"wp:attachment":[{"href":"https:\/\/www.dommodesto.com.br\/en\/wp-json\/wp\/v2\/media?parent=66789"}],"wp:term":[{"taxonomy":"product_brand","embeddable":true,"href":"https:\/\/www.dommodesto.com.br\/en\/wp-json\/wp\/v2\/product_brand?post=66789"},{"taxonomy":"product_cat","embeddable":true,"href":"https:\/\/www.dommodesto.com.br\/en\/wp-json\/wp\/v2\/product_cat?post=66789"},{"taxonomy":"product_tag","embeddable":true,"href":"https:\/\/www.dommodesto.com.br\/en\/wp-json\/wp\/v2\/product_tag?post=66789"}],"curies":[{"name":"wp","href":"https:\/\/api.w.org\/{rel}","templated":true}]}}