{"id":66769,"date":"2023-02-03T20:55:09","date_gmt":"2023-02-03T23:55:09","guid":{"rendered":"https:\/\/www.dommodesto.com.br\/?post_type=product&#038;p=66769"},"modified":"2023-02-03T20:55:09","modified_gmt":"2023-02-03T23:55:09","slug":"o-estado-social-em-xeque-democracia-e-contemporaneidade-vol-ii","status":"publish","type":"product","link":"https:\/\/www.dommodesto.com.br\/en\/product\/o-estado-social-em-xeque-democracia-e-contemporaneidade-vol-ii\/","title":{"rendered":"O Estado Social em xeque: democracia e contemporaneidade &#8211; vol. II"},"content":{"rendered":"<p>&#8220;Estudar os rumos do Estado Social significa indagar de que modo o Estado se apresenta na contemporaneidade, o que reflete n\u00e3o somente na no problema da atua\u00e7\u00e3o jurisdicional, mas tamb\u00e9m na abordagem que se faz da fun\u00e7\u00e3o que as institui\u00e7\u00f5es desempenham em Estados Democr\u00e1ticos. Nesse sentido, muito se fala sobre as crises que atravessam o Estado Social o colocando em xeque &#8211; como o t\u00edtulo dessa obra prop\u00f5e -, mas um inc\u00f4modo permanece: acometido por crises, para onde se direciona a sua atua\u00e7\u00e3o? E mais: como construir uma base te\u00f3rica que reforce o compromisso do direito com a democracia num contexto em que ela se encontra sob amea\u00e7a?&#8221;<br \/><strong>Isadora Ferreira Neves<\/strong><\/p>","protected":false},"excerpt":{"rendered":"<p>Clarissa Tassinari<br \/>Giancarlo Montagner Copelli<br \/>Marcelo Dias Jaques<\/p>\n<p><strong>Vers\u00e3o impressa &#8211; em breve na Amazon e nos maiores <em>marketplaces<\/em> do Brasil<\/strong><br \/><strong>Vers\u00e3o digital (e-book) &#8211; Clique no bot\u00e3o Comprar<\/strong><\/p>","protected":false},"featured_media":66771,"template":"","meta":{"_joinchat":[]},"product_brand":[],"product_cat":[57],"product_tag":[],"class_list":{"0":"post-66769","1":"product","2":"type-product","3":"status-publish","4":"has-post-thumbnail","6":"product_cat-ciencias-sociais-aplicadas","7":"align-center","8":"box-shadow-1","9":"box-shadow-3-hover","10":"ast-product-gallery-layout-horizontal","11":"ast-product-gallery-with-no-image","12":"ast-product-tabs-layout-horizontal","14":"first","15":"instock","16":"downloadable","17":"virtual","18":"purchasable","19":"product-type-simple"},"_links":{"self":[{"href":"https:\/\/www.dommodesto.com.br\/en\/wp-json\/wp\/v2\/product\/66769","targetHints":{"allow":["GET"]}}],"collection":[{"href":"https:\/\/www.dommodesto.com.br\/en\/wp-json\/wp\/v2\/product"}],"about":[{"href":"https:\/\/www.dommodesto.com.br\/en\/wp-json\/wp\/v2\/types\/product"}],"wp:featuredmedia":[{"embeddable":true,"href":"https:\/\/www.dommodesto.com.br\/en\/wp-json\/wp\/v2\/media\/66771"}],"wp:attachment":[{"href":"https:\/\/www.dommodesto.com.br\/en\/wp-json\/wp\/v2\/media?parent=66769"}],"wp:term":[{"taxonomy":"product_brand","embeddable":true,"href":"https:\/\/www.dommodesto.com.br\/en\/wp-json\/wp\/v2\/product_brand?post=66769"},{"taxonomy":"product_cat","embeddable":true,"href":"https:\/\/www.dommodesto.com.br\/en\/wp-json\/wp\/v2\/product_cat?post=66769"},{"taxonomy":"product_tag","embeddable":true,"href":"https:\/\/www.dommodesto.com.br\/en\/wp-json\/wp\/v2\/product_tag?post=66769"}],"curies":[{"name":"wp","href":"https:\/\/api.w.org\/{rel}","templated":true}]}}