{"id":66766,"date":"2023-02-03T19:52:32","date_gmt":"2023-02-03T22:52:32","guid":{"rendered":"https:\/\/www.dommodesto.com.br\/?post_type=product&#038;p=66766"},"modified":"2023-03-24T11:19:12","modified_gmt":"2023-03-24T14:19:12","slug":"novas-tecnologias-sustentabilidade-e-direitos-sociais","status":"publish","type":"product","link":"https:\/\/www.dommodesto.com.br\/en\/product\/novas-tecnologias-sustentabilidade-e-direitos-sociais\/","title":{"rendered":"Novas tecnologias, sustentabilidade e direitos sociais: estudos multidisciplinares"},"content":{"rendered":"<p>\u201cA sustentabilidade engloba todos os assuntos no livro expostos, principalmente referente ao constitucionalismo baseado nos princ\u00edpios constitucionais, aos direitos sociais e pol\u00edticas p\u00fablicas efetivas, bem como as novas tecnologias de comunica\u00e7\u00e3o e informa\u00e7\u00e3o e suas an\u00e1lises cr\u00edticas no sentido de contribuir e servir de suporte te\u00f3rico para novos projetos. Nesse sentido a import\u00e2ncia das pol\u00edticas p\u00fablicas que promovam a preserva\u00e7\u00e3o do ambiente, a sa\u00fade e a educa\u00e7\u00e3o.<\/p>\n<p>Ressalta-se que n\u00e3o \u00e9 contradit\u00f3rio unir ambiente natural com ambiente tecnol\u00f3gico na busca da melhoria da qualidade de vida. A tecnologia j\u00e1 \u00e9 aliada para a redu\u00e7\u00e3o da polui\u00e7\u00e3o ambiental nas ind\u00fastrias, na quest\u00e3o do aproveitamento do dos res\u00edduos s\u00f3lidos e lixo, como na produ\u00e7\u00e3o de produtos biodegrad\u00e1veis e outros. Nesse sentido a import\u00e2ncia das pol\u00edticas p\u00fablicas que promovam a preserva\u00e7\u00e3o do ambiente, a sa\u00fade e a educa\u00e7\u00e3o.\u201d<\/p>\n<p><strong><em>C\u00e1tia Rejane Mainardi Liczbinski<\/em><\/strong><\/p>","protected":false},"excerpt":{"rendered":"<p>Angela Dias Mendes<br \/>Francieli Iung Izolani<br \/>Marcelo Dias Jaques<\/p>\n<p><strong>Vers\u00e3o impressa &#8211; em breve na Amazon e nos maiores <em>marketplaces<\/em> do Brasil<\/strong><br \/><strong>Vers\u00e3o digital (e-book) &#8211; Clique no bot\u00e3o Comprar<\/strong><\/p>","protected":false},"featured_media":66768,"template":"","meta":{"_joinchat":[]},"product_brand":[],"product_cat":[57],"product_tag":[],"class_list":{"0":"post-66766","1":"product","2":"type-product","3":"status-publish","4":"has-post-thumbnail","6":"product_cat-ciencias-sociais-aplicadas","7":"align-center","8":"box-shadow-1","9":"box-shadow-3-hover","10":"ast-product-gallery-layout-horizontal","11":"ast-product-gallery-with-no-image","12":"ast-product-tabs-layout-horizontal","14":"first","15":"instock","16":"downloadable","17":"virtual","18":"purchasable","19":"product-type-simple"},"_links":{"self":[{"href":"https:\/\/www.dommodesto.com.br\/en\/wp-json\/wp\/v2\/product\/66766","targetHints":{"allow":["GET"]}}],"collection":[{"href":"https:\/\/www.dommodesto.com.br\/en\/wp-json\/wp\/v2\/product"}],"about":[{"href":"https:\/\/www.dommodesto.com.br\/en\/wp-json\/wp\/v2\/types\/product"}],"wp:featuredmedia":[{"embeddable":true,"href":"https:\/\/www.dommodesto.com.br\/en\/wp-json\/wp\/v2\/media\/66768"}],"wp:attachment":[{"href":"https:\/\/www.dommodesto.com.br\/en\/wp-json\/wp\/v2\/media?parent=66766"}],"wp:term":[{"taxonomy":"product_brand","embeddable":true,"href":"https:\/\/www.dommodesto.com.br\/en\/wp-json\/wp\/v2\/product_brand?post=66766"},{"taxonomy":"product_cat","embeddable":true,"href":"https:\/\/www.dommodesto.com.br\/en\/wp-json\/wp\/v2\/product_cat?post=66766"},{"taxonomy":"product_tag","embeddable":true,"href":"https:\/\/www.dommodesto.com.br\/en\/wp-json\/wp\/v2\/product_tag?post=66766"}],"curies":[{"name":"wp","href":"https:\/\/api.w.org\/{rel}","templated":true}]}}