{"id":66759,"date":"2023-02-01T17:21:53","date_gmt":"2023-02-01T20:21:53","guid":{"rendered":"https:\/\/www.dommodesto.com.br\/?post_type=product&#038;p=66759"},"modified":"2023-02-01T17:21:53","modified_gmt":"2023-02-01T20:21:53","slug":"observatorio-do-futuro-resolucao-de-conflitos-alteridade-e-cidadania-vol-ii","status":"publish","type":"product","link":"https:\/\/www.dommodesto.com.br\/en\/product\/observatorio-do-futuro-resolucao-de-conflitos-alteridade-e-cidadania-vol-ii\/","title":{"rendered":"Observat\u00f3rio do Futuro: resolu\u00e7\u00e3o de conflitos, alteridade e cidadania &#8211; vol. II"},"content":{"rendered":"<p><span style=\"font-weight: 400;\">&#8220;Se habla de agotamiento de v\u00edas tradicionales y de cambio de paradigmas, de las diferencias entre las distintas ramas del Derecho, de la prestigiosa figura escandinava del Ombudsman, del sugestivo principio de colaboraci\u00f3n -que puede cambiar la configuraci\u00f3n procedimental por motivos plenamente justificados-, de su relaci\u00f3n con la indisponibilidad de los intereses p\u00fablicos, de las actividades diplom\u00e1ticas en los tiempos de la red de redes, del empuje que la pandemia ha provocado en la utilizaci\u00f3n de los medios digitales de composici\u00f3n de conflictos, de las infiltraciones sigilosas de las nuevas t\u00e9cnicas de poder, de los recursos especiales y extraordinarias en tiempos de reformas procesales, de los alcances de los conflictos internacionales en las complejidades de la sociedad actual, de las posibilidades de las mediaciones y conciliaciones ambientales, de la v\u00eda arbitral como cauce para conflictos sanitarios, de aspectos problem\u00e1ticos del Derecho de familia y de la adecuaci\u00f3n de los cauces de resoluci\u00f3n, del eterno problema de las dilaciones indebidas, de los l\u00edmites y posibilidades de la actividad notarial y, en general, de lo que significa la plenitud de la ciudadan\u00eda en un contexto de elevada desigualdad econ\u00f3mica y social, en un mundo cada vez m\u00e1s interrelacionado&#8221;<\/span><\/p>\n<p><strong>Lorenzo-Mateo Bujosa Vadell<\/strong><\/p>","protected":false},"excerpt":{"rendered":"<p>Lorenzo-Mateo Bujosa Vadell<br \/>Maria da Gl\u00f3ria Costa Gon\u00e7alves de Souza Aquino<br \/>Marcelo Dias Jaques<\/p>\n<p><strong>Vers\u00e3o impressa &#8211; em breve na Amazon e nos maiores <em>marketplaces<\/em> do Brasil<\/strong><br \/><strong>Vers\u00e3o digital (e-book) &#8211; Clique no bot\u00e3o Comprar<\/strong><\/p>","protected":false},"featured_media":66761,"template":"","meta":{"_joinchat":[]},"product_brand":[],"product_cat":[57],"product_tag":[],"class_list":{"0":"post-66759","1":"product","2":"type-product","3":"status-publish","4":"has-post-thumbnail","6":"product_cat-ciencias-sociais-aplicadas","7":"align-center","8":"box-shadow-1","9":"box-shadow-3-hover","10":"ast-product-gallery-layout-horizontal","11":"ast-product-gallery-with-no-image","12":"ast-product-tabs-layout-horizontal","14":"first","15":"instock","16":"downloadable","17":"virtual","18":"purchasable","19":"product-type-simple"},"_links":{"self":[{"href":"https:\/\/www.dommodesto.com.br\/en\/wp-json\/wp\/v2\/product\/66759","targetHints":{"allow":["GET"]}}],"collection":[{"href":"https:\/\/www.dommodesto.com.br\/en\/wp-json\/wp\/v2\/product"}],"about":[{"href":"https:\/\/www.dommodesto.com.br\/en\/wp-json\/wp\/v2\/types\/product"}],"wp:featuredmedia":[{"embeddable":true,"href":"https:\/\/www.dommodesto.com.br\/en\/wp-json\/wp\/v2\/media\/66761"}],"wp:attachment":[{"href":"https:\/\/www.dommodesto.com.br\/en\/wp-json\/wp\/v2\/media?parent=66759"}],"wp:term":[{"taxonomy":"product_brand","embeddable":true,"href":"https:\/\/www.dommodesto.com.br\/en\/wp-json\/wp\/v2\/product_brand?post=66759"},{"taxonomy":"product_cat","embeddable":true,"href":"https:\/\/www.dommodesto.com.br\/en\/wp-json\/wp\/v2\/product_cat?post=66759"},{"taxonomy":"product_tag","embeddable":true,"href":"https:\/\/www.dommodesto.com.br\/en\/wp-json\/wp\/v2\/product_tag?post=66759"}],"curies":[{"name":"wp","href":"https:\/\/api.w.org\/{rel}","templated":true}]}}