{"id":66750,"date":"2022-12-23T12:39:33","date_gmt":"2022-12-23T15:39:33","guid":{"rendered":"https:\/\/www.dommodesto.com.br\/?post_type=product&#038;p=66750"},"modified":"2022-12-23T12:39:33","modified_gmt":"2022-12-23T15:39:33","slug":"trafico-internacional-de-criancas-e-adolescentes-na-triplice-fronteira-do-cone-sul","status":"publish","type":"product","link":"https:\/\/www.dommodesto.com.br\/en\/product\/trafico-internacional-de-criancas-e-adolescentes-na-triplice-fronteira-do-cone-sul\/","title":{"rendered":"Tr\u00e1fico internacional de crian\u00e7as e adolescentes na Tr\u00edplice Fronteira do Cone Sul"},"content":{"rendered":"<p>\u201cA atua\u00e7\u00e3o estatal na regi\u00e3o da tr\u00edplice fronteira \u00e9 praticamente inoperante, devido a uma s\u00e9rie de car\u00eancias econ\u00f4micas e materiais que dificultam a efetiva\u00e7\u00e3o das pol\u00edticas p\u00fablicas de preven\u00e7\u00e3o e repress\u00e3o ao tr\u00e1fico de pessoas na regi\u00e3o. Estamos falando de pa\u00edses perif\u00e9ricos, inseridos num contexto cultural machista, sexista e racista, que est\u00e3o adstritos ao cuidado do capital (mercado) e esquecem seus deveres constitucionais para com os direitos sociais dos cidad\u00e3os.<br \/>(&#8230;)<br \/>A tem\u00e1tica abordada neste livro expressa o olhar cuidadoso e a inquieta\u00e7\u00e3o do autor com as quest\u00f5es sociais envolvendo crian\u00e7as e adolescentes v\u00edtimas do tr\u00e1fico, al\u00e9m de nos fazer refletir sobre o fato de que uma obra n\u00e3o esgota um tema, mas, sim, alcan\u00e7a conhecimentos necess\u00e1rios para uma prof\u00edcua reflex\u00e3o, capaz de despertar no leitor o interesse pelo prosseguimento no estudo e pela pesquisa na \u00e1rea, e na busca constante do conhecimento.\u201d<\/p>\n<p><strong>Prof\u00aa. Dr\u00aa. Marli M. M. da Costa<\/strong><\/p>","protected":false},"excerpt":{"rendered":"<p>Rodrigo Cristiano Diehl<\/p>\n<p><strong>Vers\u00e3o impressa &#8211; em breve na Amazon e nos maiores sites do Brasil<br \/>Vers\u00e3o digital (e-book) &#8211; Clique no bot\u00e3o Comprar<\/strong><\/p>","protected":false},"featured_media":66752,"template":"","meta":{"_joinchat":[]},"product_brand":[],"product_cat":[57],"product_tag":[],"class_list":{"0":"post-66750","1":"product","2":"type-product","3":"status-publish","4":"has-post-thumbnail","6":"product_cat-ciencias-sociais-aplicadas","7":"align-center","8":"box-shadow-1","9":"box-shadow-3-hover","10":"ast-product-gallery-layout-horizontal","11":"ast-product-gallery-with-no-image","12":"ast-product-tabs-layout-horizontal","14":"first","15":"instock","16":"downloadable","17":"virtual","18":"purchasable","19":"product-type-simple"},"_links":{"self":[{"href":"https:\/\/www.dommodesto.com.br\/en\/wp-json\/wp\/v2\/product\/66750","targetHints":{"allow":["GET"]}}],"collection":[{"href":"https:\/\/www.dommodesto.com.br\/en\/wp-json\/wp\/v2\/product"}],"about":[{"href":"https:\/\/www.dommodesto.com.br\/en\/wp-json\/wp\/v2\/types\/product"}],"wp:featuredmedia":[{"embeddable":true,"href":"https:\/\/www.dommodesto.com.br\/en\/wp-json\/wp\/v2\/media\/66752"}],"wp:attachment":[{"href":"https:\/\/www.dommodesto.com.br\/en\/wp-json\/wp\/v2\/media?parent=66750"}],"wp:term":[{"taxonomy":"product_brand","embeddable":true,"href":"https:\/\/www.dommodesto.com.br\/en\/wp-json\/wp\/v2\/product_brand?post=66750"},{"taxonomy":"product_cat","embeddable":true,"href":"https:\/\/www.dommodesto.com.br\/en\/wp-json\/wp\/v2\/product_cat?post=66750"},{"taxonomy":"product_tag","embeddable":true,"href":"https:\/\/www.dommodesto.com.br\/en\/wp-json\/wp\/v2\/product_tag?post=66750"}],"curies":[{"name":"wp","href":"https:\/\/api.w.org\/{rel}","templated":true}]}}