{"id":66732,"date":"2022-11-08T09:56:28","date_gmt":"2022-11-08T12:56:28","guid":{"rendered":"https:\/\/www.dommodesto.com.br\/?post_type=product&#038;p=66732"},"modified":"2022-11-08T09:56:28","modified_gmt":"2022-11-08T12:56:28","slug":"o-teletrabalho-na-pandemia-dialogos-necessarios-entre-brasil-chile-e-argentina","status":"publish","type":"product","link":"https:\/\/www.dommodesto.com.br\/en\/product\/o-teletrabalho-na-pandemia-dialogos-necessarios-entre-brasil-chile-e-argentina\/","title":{"rendered":"O teletrabalho na pandemia: di\u00e1logos necess\u00e1rios entre Brasil, Chile e Argentina"},"content":{"rendered":"<p>\u201cO livro O TELETRABALHO NA PANDEMIA: DI\u00c1LOGOS NECESS\u00c1RIOS ENTRE O BRASIL, CHILE E ARGENTINA debru\u00e7a-se sobre a an\u00e1lise de uma das consequ\u00eancias desse assim denominado \u2018novo normal\u2019 sob a perspectiva das rela\u00e7\u00f5es trabalhistas transladadas para o cen\u00e1rio tecnol\u00f3gico. O teletrabalho entra em cena sob uma perspectiva conceitual e dogm\u00e1tica, mas tamb\u00e9m \u2013 e principalmente \u2013 cr\u00edtica, na medida em que a obra aborda aspectos sens\u00edveis do tema, como, por exemplo, o custeio dos insumos para a realiza\u00e7\u00e3o do teletrabalho, o controle dos riscos labor-ambientais, a prote\u00e7\u00e3o de dados pessoais \u00e0 luz da LGPD e os aspectos excludentes do teletrabalho no Brasil, perspectivados a partir das demandas dos teletrabalhadores no contexto pand\u00eamico. E, n\u00e3o bastasse a atualidade dos temas, o livro se torna ainda mais instigante ao promover um estudo comparativo entre as realidades brasileira, argentina e chilena sobre a sua tem\u00e1tica central.&#8221;<\/p>\n<p><strong>Maiquel A. Dezordi Wermuth<\/strong><\/p>","protected":false},"excerpt":{"rendered":"<p>Rosane Teresinha Carvalho Porto<br \/>Ezequiel Cruz de Souza<br \/>Lauren Carolina Vieira Correia<\/p>","protected":false},"featured_media":66733,"template":"","meta":{"_joinchat":[]},"product_brand":[],"product_cat":[57],"product_tag":[175,174],"class_list":{"0":"post-66732","1":"product","2":"type-product","3":"status-publish","4":"has-post-thumbnail","6":"product_cat-ciencias-sociais-aplicadas","7":"product_tag-chile-e-argentina","8":"product_tag-o-teletrabalho-na-pandemia-dialogos-necessarios-entre-brasil","9":"align-center","10":"box-shadow-1","11":"box-shadow-3-hover","12":"ast-product-gallery-layout-horizontal","13":"ast-product-gallery-with-no-image","14":"ast-product-tabs-layout-horizontal","16":"first","17":"instock","18":"downloadable","19":"virtual","20":"purchasable","21":"product-type-simple"},"_links":{"self":[{"href":"https:\/\/www.dommodesto.com.br\/en\/wp-json\/wp\/v2\/product\/66732","targetHints":{"allow":["GET"]}}],"collection":[{"href":"https:\/\/www.dommodesto.com.br\/en\/wp-json\/wp\/v2\/product"}],"about":[{"href":"https:\/\/www.dommodesto.com.br\/en\/wp-json\/wp\/v2\/types\/product"}],"wp:featuredmedia":[{"embeddable":true,"href":"https:\/\/www.dommodesto.com.br\/en\/wp-json\/wp\/v2\/media\/66733"}],"wp:attachment":[{"href":"https:\/\/www.dommodesto.com.br\/en\/wp-json\/wp\/v2\/media?parent=66732"}],"wp:term":[{"taxonomy":"product_brand","embeddable":true,"href":"https:\/\/www.dommodesto.com.br\/en\/wp-json\/wp\/v2\/product_brand?post=66732"},{"taxonomy":"product_cat","embeddable":true,"href":"https:\/\/www.dommodesto.com.br\/en\/wp-json\/wp\/v2\/product_cat?post=66732"},{"taxonomy":"product_tag","embeddable":true,"href":"https:\/\/www.dommodesto.com.br\/en\/wp-json\/wp\/v2\/product_tag?post=66732"}],"curies":[{"name":"wp","href":"https:\/\/api.w.org\/{rel}","templated":true}]}}