{"id":66715,"date":"2022-09-28T22:07:10","date_gmt":"2022-09-29T01:07:10","guid":{"rendered":"https:\/\/www.dommodesto.com.br\/?post_type=product&#038;p=66715"},"modified":"2022-09-30T16:44:21","modified_gmt":"2022-09-30T19:44:21","slug":"constituicao-sistemas-sociais-e-hermeneutica-anuario-do-programa-de-pos-graduacao-em-direito-da-unisinos-ano-2021-n-18","status":"publish","type":"product","link":"https:\/\/www.dommodesto.com.br\/en\/product\/constituicao-sistemas-sociais-e-hermeneutica-anuario-do-programa-de-pos-graduacao-em-direito-da-unisinos-ano-2021-n-18\/","title":{"rendered":"Constitui\u00e7\u00e3o, Sistemas Sociais e Hermen\u00eautica \u2013 Anu\u00e1rio do Programa de P\u00f3s-Gradua\u00e7\u00e3o em Direito da UNISINOS \u2013 ano 2022 \u2013 n. 18"},"content":{"rendered":"<p style=\"text-align: justify;\">O Anu\u00e1rio do Programa de Po\u0301s-Graduac\u0327a\u0303o em Direito da Unisinos, <em>Constituic\u0327a\u0303o, Sistemas Sociais e Hermen\u00eautica<\/em>, chega a sua d\u00e9cima oitava edi\u00e7\u00e3o em plenas condi\u00e7\u00f5es de seguir apresentando a\u0300 comunidade acad\u00eamica brasileira a produ\u00e7\u00e3o cientifica de suas linhas de pesquisa, marcando a tradi\u00e7\u00e3o de excel\u00eancia da pesquisa realizada pelos professores deste Programa.<\/p>\n<p style=\"text-align: justify;\">O trabalho que aqui se apresenta est\u00e1 inserido em uma trajet\u00f3ria de 25 anos marcada pelo esfor\u00e7o de um grupo de professores organizados no ano de 1997, que criou um Programa de Po\u0301s-Graduac\u0327a\u0303o com a pretens\u00e3o de se tornar um polo irradiador de pr\u00e1ticas e pensadores inovadores na \u00e1rea do Direito, abrigados em uma Universidade de forte orienta\u00e7\u00e3o humanista. Um quarto de s\u00e9culo depois, verifica-se que esse Programa se afirmou com a contribui\u00e7\u00e3o de in\u00fameros outros pesquisadores que se somaram a essa iniciativa e que, juntos, ve\u0302m produzindo trabalhos de alt\u00edssima qualidade te\u00f3rica e de repercuss\u00e3o nacional e internacional, refletindo na consolida\u00e7\u00e3o de sua nota 6 nas avalia\u00e7\u00f5es da CAPES.<\/p>","protected":false},"excerpt":{"rendered":"<p>Anderson Vichinkeski Teixeira<br \/>Lenio Luiz Streck<br \/>Leonel Severo Rocha<\/p>","protected":false},"featured_media":66716,"template":"","meta":{"_joinchat":[]},"product_brand":[],"product_cat":[57],"product_tag":[170],"class_list":{"0":"post-66715","1":"product","2":"type-product","3":"status-publish","4":"has-post-thumbnail","6":"product_cat-ciencias-sociais-aplicadas","7":"product_tag-sistemas-sociais-e-hermeneutica-anuario-do-programa-de-pos-graduacao-em-direito-da-unisinos-ano-2021-n-18","8":"align-center","9":"box-shadow-1","10":"box-shadow-3-hover","11":"ast-product-gallery-layout-horizontal","12":"ast-product-gallery-with-no-image","13":"ast-product-tabs-layout-horizontal","15":"first","16":"instock","17":"downloadable","18":"virtual","19":"purchasable","20":"product-type-simple"},"_links":{"self":[{"href":"https:\/\/www.dommodesto.com.br\/en\/wp-json\/wp\/v2\/product\/66715","targetHints":{"allow":["GET"]}}],"collection":[{"href":"https:\/\/www.dommodesto.com.br\/en\/wp-json\/wp\/v2\/product"}],"about":[{"href":"https:\/\/www.dommodesto.com.br\/en\/wp-json\/wp\/v2\/types\/product"}],"wp:featuredmedia":[{"embeddable":true,"href":"https:\/\/www.dommodesto.com.br\/en\/wp-json\/wp\/v2\/media\/66716"}],"wp:attachment":[{"href":"https:\/\/www.dommodesto.com.br\/en\/wp-json\/wp\/v2\/media?parent=66715"}],"wp:term":[{"taxonomy":"product_brand","embeddable":true,"href":"https:\/\/www.dommodesto.com.br\/en\/wp-json\/wp\/v2\/product_brand?post=66715"},{"taxonomy":"product_cat","embeddable":true,"href":"https:\/\/www.dommodesto.com.br\/en\/wp-json\/wp\/v2\/product_cat?post=66715"},{"taxonomy":"product_tag","embeddable":true,"href":"https:\/\/www.dommodesto.com.br\/en\/wp-json\/wp\/v2\/product_tag?post=66715"}],"curies":[{"name":"wp","href":"https:\/\/api.w.org\/{rel}","templated":true}]}}