{"id":66665,"date":"2022-09-28T22:08:11","date_gmt":"2022-09-29T01:08:11","guid":{"rendered":"https:\/\/www.dommodesto.com.br\/?post_type=product&#038;p=66665"},"modified":"2022-09-29T14:14:07","modified_gmt":"2022-09-29T17:14:07","slug":"saude-genero-e-inclusao-social-dos-migrantes-propostas-de-dialogos-ao-encontro-dos-direitos-humanos-vol-iii","status":"publish","type":"product","link":"https:\/\/www.dommodesto.com.br\/en\/product\/saude-genero-e-inclusao-social-dos-migrantes-propostas-de-dialogos-ao-encontro-dos-direitos-humanos-vol-iii\/","title":{"rendered":"Sa\u00fade, g\u00eanero e inclus\u00e3o social dos migrantes: propostas de di\u00e1logos ao encontro dos Direitos Humanos \u2013 vol. III"},"content":{"rendered":"<p style=\"text-align: justify;\">O terceiro volume da obra SA\u00daDE, G\u00caNERO E INCLUS\u00c3O SOCIAL DOS MIGRANTES: propostas de di\u00e1logos ao encontro dos Direitos Humanos , \u00e9 fruto do projeto de pesquisa desenvolvido em atendimento ao Edital FAPERGS n\u00ba 05\/2019 \u2013 Programa Pesquisador Ga\u00facho (PqG) \u2013 Faixa A, intitulado \u201cSer migrante no estado do Rio Grande do Sul: sa\u00fade, g\u00eanero e inclus\u00e3o social dos migrantes residentes na Regi\u00e3o Noroeste do Estado\u201d e elaborado no \u00e2mbito do Programa de P\u00f3s-Gradua\u00e7\u00e3o Stricto Sensu em Direitos Humanos \u2013 Mestrado e Doutorado \u2013 da Universidade Regional do Noroeste do Estado do Rio Grande do Sul (UNIJU\u00cd).<\/p>\n<p>A partir de constru\u00e7\u00f5es te\u00f3ricas e reflexivas de s\u00f3lida fundamenta\u00e7\u00e3o \u2013 e que enfrentam o debate de importantes discuss\u00f5es pertinentes aos tr\u00eas eixos que norteiam a obra, quais sejam: sa\u00fade, g\u00eanero e inclus\u00e3o social \u2013, o grupo de pesquisadores apresenta \u00e0 comunidade acad\u00eamica uma obra composta por cap\u00edtulos de atual relev\u00e2ncia ao panorama social e jur\u00eddico, decorrentes e latentes \u00e0s quest\u00f5es m\u00faltiplas do universo jur\u00eddico e social. Ali\u00e1s, s\u00e3o abordagens que convocam o leitor a refletir sobre aspectos tocantes \u00e0 consolida\u00e7\u00e3o de uma sociedade igualit\u00e1ria, digna, plural e fraterna.<\/p>","protected":false},"excerpt":{"rendered":"<p>Jana\u00edna Machado Sturza<br \/>Sandra Regina Martini<\/p>","protected":false},"featured_media":66713,"template":"","meta":{"_joinchat":[]},"product_brand":[],"product_cat":[57],"product_tag":[171],"class_list":{"0":"post-66665","1":"product","2":"type-product","3":"status-publish","4":"has-post-thumbnail","6":"product_cat-ciencias-sociais-aplicadas","7":"product_tag-genero-e-inclusao-social-dos-migrantes-propostas-de-dialogos-ao-encontro-dos-direitos-humanos-vol-iii","8":"align-center","9":"box-shadow-1","10":"box-shadow-3-hover","11":"ast-product-gallery-layout-horizontal","12":"ast-product-gallery-with-no-image","13":"ast-product-tabs-layout-horizontal","15":"first","16":"instock","17":"downloadable","18":"virtual","19":"purchasable","20":"product-type-simple"},"_links":{"self":[{"href":"https:\/\/www.dommodesto.com.br\/en\/wp-json\/wp\/v2\/product\/66665","targetHints":{"allow":["GET"]}}],"collection":[{"href":"https:\/\/www.dommodesto.com.br\/en\/wp-json\/wp\/v2\/product"}],"about":[{"href":"https:\/\/www.dommodesto.com.br\/en\/wp-json\/wp\/v2\/types\/product"}],"wp:featuredmedia":[{"embeddable":true,"href":"https:\/\/www.dommodesto.com.br\/en\/wp-json\/wp\/v2\/media\/66713"}],"wp:attachment":[{"href":"https:\/\/www.dommodesto.com.br\/en\/wp-json\/wp\/v2\/media?parent=66665"}],"wp:term":[{"taxonomy":"product_brand","embeddable":true,"href":"https:\/\/www.dommodesto.com.br\/en\/wp-json\/wp\/v2\/product_brand?post=66665"},{"taxonomy":"product_cat","embeddable":true,"href":"https:\/\/www.dommodesto.com.br\/en\/wp-json\/wp\/v2\/product_cat?post=66665"},{"taxonomy":"product_tag","embeddable":true,"href":"https:\/\/www.dommodesto.com.br\/en\/wp-json\/wp\/v2\/product_tag?post=66665"}],"curies":[{"name":"wp","href":"https:\/\/api.w.org\/{rel}","templated":true}]}}