{"id":60122,"date":"2022-07-24T20:11:06","date_gmt":"2022-07-24T23:11:06","guid":{"rendered":"https:\/\/www.dommodesto.com.br\/?post_type=product&#038;p=60122"},"modified":"2022-07-24T20:11:06","modified_gmt":"2022-07-24T23:11:06","slug":"anais-do-ii-seminario-politicas-publicas-de-acesso-a-justica-e-direitos-humanos-em-tempos-de-covid-19","status":"publish","type":"product","link":"https:\/\/www.dommodesto.com.br\/en\/product\/anais-do-ii-seminario-politicas-publicas-de-acesso-a-justica-e-direitos-humanos-em-tempos-de-covid-19\/","title":{"rendered":"Anais do II Semin\u00e1rio Pol\u00edticas P\u00fablicas de Acesso \u00e0 Justi\u00e7a e Direitos Humanos em Tempos de Covid-19"},"content":{"rendered":"<p><span style=\"font-weight: 400;\">Este livro re\u00fane os trabalhos-destaque que foram apresentados durante a realiza\u00e7\u00e3o do \u201cII SEMIN\u00c1RIO: POL\u00cdTICAS P\u00daBLICAS DE ACESSO \u00c0 JUSTI\u00c7A E DIREITOS HUMANOS EM TEMPOS DE COVID-19\u201d, promovido pelo Grupo de Pesquisa Biopol\u00edtica e Direitos Humanos, vinculado \u00e0 Linha de Pesquisa \u201cFundamentos e Concretiza\u00e7\u00e3o dos Direitos Humanos\u201d, do Programa de P\u00f3s-Gradua\u00e7\u00e3o <\/span><i><span style=\"font-weight: 400;\">Stricto Sensu<\/span><\/i><span style=\"font-weight: 400;\"> em Direito da UNIJU\u00cd (Cursos de Mestrado e Doutorado em Direitos Humanos) entre os dias 4 e 5 de maio de 2022.\u00a0<\/span><\/p>\n<p><span style=\"font-weight: 400;\">Em sua segunda edi\u00e7\u00e3o, este evento, que contou com o apoio da Funda\u00e7\u00e3o de Amparo \u00e0 Pesquisa do Estado do Rio Grande do Sul (FAPERGS), serviu como um <\/span><i><span style=\"font-weight: 400;\">l\u00f3cus<\/span><\/i><span style=\"font-weight: 400;\"> privilegiado para a discuss\u00e3o desse necess\u00e1rio novo projeto civilizat\u00f3rio, nas suas mais diversas matizes, mas fundamentalmente comprometido com a efetiva\u00e7\u00e3o dos direitos humanos, o que se evidencia pelo riqu\u00edssimo sum\u00e1rio da obra: extens\u00e3o universit\u00e1ria no campo do acesso \u00e0 justi\u00e7a, servi\u00e7os extrajudiciais em tempos de pandemia, direito \u00e0 cidade das pessoas idosas, pol\u00edticas p\u00fablicas voltadas \u00e0 popula\u00e7\u00e3o LGBTQIAP+, viol\u00eancia no espa\u00e7o digital, novas configura\u00e7\u00f5es familiares, aliena\u00e7\u00e3o parental, sistema penitenci\u00e1rio feminino, processo eletr\u00f4nico, migra\u00e7\u00f5es internacionais, acesso \u00e0 sa\u00fade etc. s\u00e3o algumas das tem\u00e1ticas aqui debatidas com profundidade por autores e autoras de diferentes n\u00edveis de forma\u00e7\u00e3o, congregando pesquisadores da inicia\u00e7\u00e3o cient\u00edfica ao doutorado.<\/span><\/p>","protected":false},"excerpt":{"rendered":"<p>Rosane Teresinha Carvalho Porto<br \/>Jana\u00edna Machado Sturza<br \/>Maiquel \u00c2ngelo Dezordi Wermuth<br \/>Joice Graciele Nielsson<\/p>","protected":false},"featured_media":60146,"template":"","meta":{"_joinchat":[]},"product_brand":[],"product_cat":[57],"product_tag":[165],"class_list":{"0":"post-60122","1":"product","2":"type-product","3":"status-publish","4":"has-post-thumbnail","6":"product_cat-ciencias-sociais-aplicadas","7":"product_tag-anais-do-ii-seminario-politicas-publicas-de-acesso-a-justica-e-direitos-humanos-em-tempos-de-covid-19","8":"align-center","9":"box-shadow-1","10":"box-shadow-3-hover","11":"ast-product-gallery-layout-horizontal","12":"ast-product-gallery-with-no-image","13":"ast-product-tabs-layout-horizontal","15":"first","16":"instock","17":"downloadable","18":"virtual","19":"product-type-simple"},"_links":{"self":[{"href":"https:\/\/www.dommodesto.com.br\/en\/wp-json\/wp\/v2\/product\/60122","targetHints":{"allow":["GET"]}}],"collection":[{"href":"https:\/\/www.dommodesto.com.br\/en\/wp-json\/wp\/v2\/product"}],"about":[{"href":"https:\/\/www.dommodesto.com.br\/en\/wp-json\/wp\/v2\/types\/product"}],"wp:featuredmedia":[{"embeddable":true,"href":"https:\/\/www.dommodesto.com.br\/en\/wp-json\/wp\/v2\/media\/60146"}],"wp:attachment":[{"href":"https:\/\/www.dommodesto.com.br\/en\/wp-json\/wp\/v2\/media?parent=60122"}],"wp:term":[{"taxonomy":"product_brand","embeddable":true,"href":"https:\/\/www.dommodesto.com.br\/en\/wp-json\/wp\/v2\/product_brand?post=60122"},{"taxonomy":"product_cat","embeddable":true,"href":"https:\/\/www.dommodesto.com.br\/en\/wp-json\/wp\/v2\/product_cat?post=60122"},{"taxonomy":"product_tag","embeddable":true,"href":"https:\/\/www.dommodesto.com.br\/en\/wp-json\/wp\/v2\/product_tag?post=60122"}],"curies":[{"name":"wp","href":"https:\/\/api.w.org\/{rel}","templated":true}]}}