{"id":60000,"date":"2022-07-20T20:49:45","date_gmt":"2022-07-20T23:49:45","guid":{"rendered":"https:\/\/www.dommodesto.com.br\/?post_type=product&#038;p=60000"},"modified":"2022-07-21T11:45:57","modified_gmt":"2022-07-21T14:45:57","slug":"direitos-humanos-e-politicas-publicas-de-acesso-a-justica-em-tempos-de-covid-19-dialogosmultidisciplinares","status":"publish","type":"product","link":"https:\/\/www.dommodesto.com.br\/en\/product\/direitos-humanos-e-politicas-publicas-de-acesso-a-justica-em-tempos-de-covid-19-dialogosmultidisciplinares\/","title":{"rendered":"Direitos Humanos e pol\u00edticas p\u00fablicas de acesso \u00e0 justi\u00e7a em tempos de Covid-19: di\u00e1logos multidisciplinares"},"content":{"rendered":"<p><span style=\"font-weight: 400;\">\u201cAinda que os estudos sobre os direitos humanos possam ser recentes se comparados aos mil\u00eanios de hist\u00f3ria da humanidade, n\u00e3o restam d\u00favidas de que no \u00e2mbito formal eles alcan\u00e7aram patamares de excel\u00eancia, lan\u00e7ando o desafio da sua efetiva\u00e7\u00e3o em car\u00e1ter universal. Contudo, \u00e9 no campo da materialidade que os obst\u00e1culos para sua efetiva\u00e7\u00e3o se tornam cada vez mais evidentes, ainda mais quando utilizado como marco temporal a ocorr\u00eancia da pandemia da Covid-19 com todas as suas consequ\u00eancias e desafios.\u201d<\/span><\/p>\n<p><b><i>Rodrigo Cristiano Diehl<\/i><\/b><\/p>\n<p><span style=\"font-weight: 400;\">\u201cComo os leitores ter\u00e3o a oportunidade de apreciar, a obra resultante destes di\u00e1logos multidisciplinares coloca em evid\u00eancia a rela\u00e7\u00e3o entre as pol\u00edticas de sa\u00fade, o acesso \u00e0 justi\u00e7a e outras divis\u00f5es de interseccionalidade, como o g\u00eanero, a classe e a ra\u00e7a. Trata-se, portanto, de uma obra indispens\u00e1vel no contexto brasileiro, n\u00e3o apenas pela atualidade de seus temas, mas pela profundidade das an\u00e1lises, engrandecidas por um caleidosc\u00f3pio de vis\u00f5es te\u00f3ricas, cient\u00edficas e interdisciplinares.\u201d<\/span><\/p>\n<p><b><i>Daniela Silva Fontoura De Barcellos<\/i><\/b><\/p>","protected":false},"excerpt":{"rendered":"<p>Rosane Teresinha Carvalho Porto<br \/>Jana\u00edna Machado Sturza<br \/>T\u00e2nia Regina Silva Reckziegel<\/p>","protected":false},"featured_media":60021,"template":"","meta":{"_joinchat":[]},"product_brand":[],"product_cat":[57],"product_tag":[163],"class_list":{"0":"post-60000","1":"product","2":"type-product","3":"status-publish","4":"has-post-thumbnail","6":"product_cat-ciencias-sociais-aplicadas","7":"product_tag-direitos-humanos-e-politicas-publicas-de-acesso-a-justica-em-tempos-de-covid-19","8":"align-center","9":"box-shadow-1","10":"box-shadow-3-hover","11":"ast-product-gallery-layout-horizontal","12":"ast-product-gallery-with-no-image","13":"ast-product-tabs-layout-horizontal","15":"first","16":"instock","17":"downloadable","18":"virtual","19":"purchasable","20":"product-type-simple"},"_links":{"self":[{"href":"https:\/\/www.dommodesto.com.br\/en\/wp-json\/wp\/v2\/product\/60000","targetHints":{"allow":["GET"]}}],"collection":[{"href":"https:\/\/www.dommodesto.com.br\/en\/wp-json\/wp\/v2\/product"}],"about":[{"href":"https:\/\/www.dommodesto.com.br\/en\/wp-json\/wp\/v2\/types\/product"}],"wp:featuredmedia":[{"embeddable":true,"href":"https:\/\/www.dommodesto.com.br\/en\/wp-json\/wp\/v2\/media\/60021"}],"wp:attachment":[{"href":"https:\/\/www.dommodesto.com.br\/en\/wp-json\/wp\/v2\/media?parent=60000"}],"wp:term":[{"taxonomy":"product_brand","embeddable":true,"href":"https:\/\/www.dommodesto.com.br\/en\/wp-json\/wp\/v2\/product_brand?post=60000"},{"taxonomy":"product_cat","embeddable":true,"href":"https:\/\/www.dommodesto.com.br\/en\/wp-json\/wp\/v2\/product_cat?post=60000"},{"taxonomy":"product_tag","embeddable":true,"href":"https:\/\/www.dommodesto.com.br\/en\/wp-json\/wp\/v2\/product_tag?post=60000"}],"curies":[{"name":"wp","href":"https:\/\/api.w.org\/{rel}","templated":true}]}}