{"id":59723,"date":"2022-07-20T12:30:27","date_gmt":"2022-07-20T15:30:27","guid":{"rendered":"https:\/\/www.dommodesto.com.br\/?post_type=product&#038;p=59723"},"modified":"2022-07-20T12:30:27","modified_gmt":"2022-07-20T15:30:27","slug":"quem-foi-para-maracangalha-historias-e-memorias-de-trabalhadores-da-usina-cinco-rios-1930-1970","status":"publish","type":"product","link":"https:\/\/www.dommodesto.com.br\/en\/product\/quem-foi-para-maracangalha-historias-e-memorias-de-trabalhadores-da-usina-cinco-rios-1930-1970\/","title":{"rendered":"Quem foi para Maracangalha? Hist\u00f3rias e mem\u00f3rias de trabalhadores da Usina Cinco Rios (1930-1970)"},"content":{"rendered":"<p>\u201cPerseguindo o rastro de trabalhadores negros da Usina Cinco Rios entre as d\u00e9cadas de 1930-1970, no pequeno distrito de Maracangalha, Tatiana estende o olhar para al\u00e9m dos versos de Caymmi e aprofunda na an\u00e1lise hist\u00f3rica de trajet\u00f3rias de personagens como An\u00e1lias, \u00c1ureas, Adenilsons, Quintinos, dentre outros, buscando responder a partir de diferentes registros: \u201cQuem foi para Maracangalha?\u201d. A pergunta que intitula o trabalho, \u00e9 o fio condutor que a autora utiliza para debru\u00e7ar-se em uma tipologia documental instigante, s\u00e3o jornais, documentos manuscritos, carteiras de trabalho, documentos pessoais de ex-trabalhadores, tudo isso cruzado cuidadosamente com a produ\u00e7\u00e3o de fontes orais.<br \/>Aspectos como as redes de sociabilidade constru\u00eddas ao longo do tempo em um territ\u00f3rio marcado pela mem\u00f3ria das rela\u00e7\u00f5es escravistas, encontra no conceito de experi\u00eancia um terreno f\u00e9rtil para entender as lutas desses sujeitos por melhores condi\u00e7\u00f5es de trabalho, seus deslocamentos, arranjos familiares, negocia\u00e7\u00f5es e conflitos sempre pensados a partir de categorias como g\u00eanero, ra\u00e7a e trabalho.\u201d<\/p>\n<p><strong>Prof.\u00aa Dr.\u00aa Idalina Maria Almeida de Freitas<\/strong><\/p>","protected":false},"excerpt":{"rendered":"<p>Tatiana Florentino Santana<\/p>\n<p><strong>Vers\u00e3o impressa &#8211; <a href=\"https:\/\/www.amazon.com.br\/Maracangalha-Tatiana-Florentino-Autor-Santana\/dp\/6586537746\/ref=sr_1_27?__mk_pt_BR=%C3%85M%C3%85%C5%BD%C3%95%C3%91&amp;crid=3MVB9TVV0LN93&amp;keywords=%22dom+modesto%22&amp;qid=1658328673&amp;sprefix=dom+modesto+%2Caps%2C208&amp;sr=8-27&amp;ufe=app_do%3Aamzn1.fos.6a09f7ec-d911-4889-ad70-de8dd83c8a74\">Clique aqui<\/a><br \/>Vers\u00e3o digital (e-book) &#8211; Clique no bot\u00e3o Comprar<\/strong><\/p>","protected":false},"featured_media":59786,"template":"","meta":{"_joinchat":[]},"product_brand":[],"product_cat":[143],"product_tag":[],"class_list":{"0":"post-59723","1":"product","2":"type-product","3":"status-publish","4":"has-post-thumbnail","6":"product_cat-ciencias-humanas","7":"align-center","8":"box-shadow-1","9":"box-shadow-3-hover","10":"ast-product-gallery-layout-horizontal","11":"ast-product-gallery-with-no-image","12":"ast-product-tabs-layout-horizontal","14":"first","15":"instock","16":"downloadable","17":"virtual","18":"purchasable","19":"product-type-simple"},"_links":{"self":[{"href":"https:\/\/www.dommodesto.com.br\/en\/wp-json\/wp\/v2\/product\/59723","targetHints":{"allow":["GET"]}}],"collection":[{"href":"https:\/\/www.dommodesto.com.br\/en\/wp-json\/wp\/v2\/product"}],"about":[{"href":"https:\/\/www.dommodesto.com.br\/en\/wp-json\/wp\/v2\/types\/product"}],"wp:featuredmedia":[{"embeddable":true,"href":"https:\/\/www.dommodesto.com.br\/en\/wp-json\/wp\/v2\/media\/59786"}],"wp:attachment":[{"href":"https:\/\/www.dommodesto.com.br\/en\/wp-json\/wp\/v2\/media?parent=59723"}],"wp:term":[{"taxonomy":"product_brand","embeddable":true,"href":"https:\/\/www.dommodesto.com.br\/en\/wp-json\/wp\/v2\/product_brand?post=59723"},{"taxonomy":"product_cat","embeddable":true,"href":"https:\/\/www.dommodesto.com.br\/en\/wp-json\/wp\/v2\/product_cat?post=59723"},{"taxonomy":"product_tag","embeddable":true,"href":"https:\/\/www.dommodesto.com.br\/en\/wp-json\/wp\/v2\/product_tag?post=59723"}],"curies":[{"name":"wp","href":"https:\/\/api.w.org\/{rel}","templated":true}]}}