{"id":55884,"date":"2022-06-09T22:08:16","date_gmt":"2022-06-10T01:08:16","guid":{"rendered":"https:\/\/www.dommodesto.com.br\/?post_type=product&#038;p=55884"},"modified":"2022-06-09T22:08:49","modified_gmt":"2022-06-10T01:08:49","slug":"saude-genero-e-inclusao-social-dos-migrantes-propostas-de-dialogos-ao-encontro-dos-direitos-humanos-vol-ii","status":"publish","type":"product","link":"https:\/\/www.dommodesto.com.br\/en\/product\/saude-genero-e-inclusao-social-dos-migrantes-propostas-de-dialogos-ao-encontro-dos-direitos-humanos-vol-ii\/","title":{"rendered":"Sa\u00fade, g\u00eanero e inclus\u00e3o social dos migrantes: propostas de di\u00e1logos ao encontro dos Direitos Humanos \u2013 vol. II"},"content":{"rendered":"<p style=\"text-align: left;\" align=\"right\"><span style=\"font-family: Times New Roman, serif;\"><span style=\"font-size: medium;\"><b>Sinopse:<\/b><\/span><\/span><\/p>\n<p align=\"justify\"><span style=\"color: #000000;\">\u201c<span style=\"font-family: Times New Roman, serif;\"><span style=\"font-size: medium;\">Los migrantes que se encuentran en situaci\u00f3n irregular suelen ser sumamente vulnerables a la discriminaci\u00f3n, la explotaci\u00f3n y la marginaci\u00f3n, y a menudo viven y trabajan clandestinamente, tienen miedo a denunciar y se ven privados de sus derechos humanos y libertades fundamentales.<\/span><\/span><\/span><\/p>\n<p align=\"justify\"><span style=\"font-family: Times New Roman, serif;\"><span style=\"font-size: medium;\"><span style=\"color: #000000;\">Sin duda, uno de los problemas m\u00e1s transversales es la afectaci\u00f3n de la salud de los migrantes, ya que en virtud del principio \u201cprohomine\u201d es de los derechos humanos fundamentales que deben ser garantizados, ya que una persona sin salud no puede ejercer los dem\u00e1s derechos. Pensar en la salud de los migrantes es un desaf\u00edo humanitario en el campo sanitario en raz\u00f3n de la inexistencia de pol\u00edticas p\u00fablicas que tienda a dar respuestas adecuadas y eficientes.<\/span><\/span><\/span><\/p>\n<p align=\"justify\"><span style=\"font-family: Times New Roman, serif;\"><span style=\"font-size: medium;\"><span style=\"color: #000000;\">Y este tema ha quedado visualizado exponencialmente frente a la crisis mundial del COVID 19, que ha dejado en claro que la enfermedad y la tragedia no tienen fronteras. Pero tambi\u00e9n ha demostrado que el mundo puede unirse como una gran comunidad, son innumerables ejemplos de humanidad y amabilidad hacia los dem\u00e1s, lo que nos invita a pensar en el derecho fraterno como un mecanismo de efectivizaci\u00f3n de los derechos humanos, en donde la salud sea concebida como un bien com\u00fan de la humanidad.\u201d<\/span><\/span><\/span><\/p>\n<p align=\"right\"><span style=\"font-family: Times New Roman, serif;\"><span style=\"font-size: medium;\"><span style=\"color: #000000;\"><i>Claudia Zalazar<\/i><\/span><\/span><\/span><\/p>","protected":false},"excerpt":{"rendered":"<p class=\"western\" align=\"justify\"><span style=\"font-family: Times New Roman, serif;\"><span style=\"font-size: medium;\">Jana\u00edna Machado Sturza<br \/><\/span><\/span><span style=\"font-family: Times New Roman, serif;\"><span style=\"font-size: medium;\">Gabrielle Scola Dutra<\/span><\/span><\/p>","protected":false},"featured_media":55887,"template":"","meta":{"_joinchat":[]},"product_brand":[],"product_cat":[143],"product_tag":[158],"class_list":{"0":"post-55884","1":"product","2":"type-product","3":"status-publish","4":"has-post-thumbnail","6":"product_cat-ciencias-humanas","7":"product_tag-saude-genero-e-inclusao-social-dos-migrantes","8":"align-center","9":"box-shadow-1","10":"box-shadow-3-hover","11":"ast-product-gallery-layout-horizontal","12":"ast-product-gallery-with-no-image","13":"ast-product-tabs-layout-horizontal","15":"first","16":"instock","17":"shipping-taxable","18":"product-type-simple"},"_links":{"self":[{"href":"https:\/\/www.dommodesto.com.br\/en\/wp-json\/wp\/v2\/product\/55884","targetHints":{"allow":["GET"]}}],"collection":[{"href":"https:\/\/www.dommodesto.com.br\/en\/wp-json\/wp\/v2\/product"}],"about":[{"href":"https:\/\/www.dommodesto.com.br\/en\/wp-json\/wp\/v2\/types\/product"}],"wp:featuredmedia":[{"embeddable":true,"href":"https:\/\/www.dommodesto.com.br\/en\/wp-json\/wp\/v2\/media\/55887"}],"wp:attachment":[{"href":"https:\/\/www.dommodesto.com.br\/en\/wp-json\/wp\/v2\/media?parent=55884"}],"wp:term":[{"taxonomy":"product_brand","embeddable":true,"href":"https:\/\/www.dommodesto.com.br\/en\/wp-json\/wp\/v2\/product_brand?post=55884"},{"taxonomy":"product_cat","embeddable":true,"href":"https:\/\/www.dommodesto.com.br\/en\/wp-json\/wp\/v2\/product_cat?post=55884"},{"taxonomy":"product_tag","embeddable":true,"href":"https:\/\/www.dommodesto.com.br\/en\/wp-json\/wp\/v2\/product_tag?post=55884"}],"curies":[{"name":"wp","href":"https:\/\/api.w.org\/{rel}","templated":true}]}}