{"id":51008,"date":"2022-04-28T16:43:26","date_gmt":"2022-04-28T19:43:26","guid":{"rendered":"https:\/\/www.dommodesto.com.br\/?post_type=product&#038;p=51008"},"modified":"2022-04-28T16:43:27","modified_gmt":"2022-04-28T19:43:27","slug":"politicas-publicas-no-brasil-ensaios-para-uma-gestao-publica-voltada-a-tutela-dos-direitos-humanos-2","status":"publish","type":"product","link":"https:\/\/www.dommodesto.com.br\/en\/product\/politicas-publicas-no-brasil-ensaios-para-uma-gestao-publica-voltada-a-tutela-dos-direitos-humanos-2\/","title":{"rendered":"Pol\u00edticas p\u00fablicas no Brasil: ensaios para uma gest\u00e3o p\u00fablica voltada \u00e0 tutela dos Direitos Humanos"},"content":{"rendered":"<p><strong>Pol\u00edticas p\u00fablicas no Brasil: ensaios para uma gest\u00e3o p\u00fablica voltada \u00e0 tutela dos Direitos Humanos<\/strong> \u2013 chega a seu quarto volume evidenciando, na pluralidade das propostas que lhe emprestam forma, a necessidade de ter sempre muito clara as diferen\u00e7as e aproxima\u00e7\u00f5es conceituais entre \u201cpol\u00edticas de Estado\u201d e \u201cpol\u00edticas de Governo\u201d para o atingimento dos fins propostos por nossa Constitui\u00e7\u00e3o Cidad\u00e3.<br \/>Marcado pela cotidianidade de significativos gaps sociais \u2013 que v\u00e3o desde disparidades econ\u00f4micas at\u00e9 abissais diferen\u00e7as entre sistemas educacionais ou de sa\u00fade p\u00fablica, por exemplo \u2013 o Brasil entra na terceira d\u00e9cada do s\u00e9culo XXI com este preciso desafio: institucionalizar boas pr\u00e1ticas p\u00fablicas, encontrando meios para fins constitucionais e, por conseguinte, buscando um futuro mais justo e capaz de, finalmente, deixar seu passado desigual para tr\u00e1s.<br \/>No mundo das ideias e da transdisciplinaridade que lhe caracteriza desde o primeiro volume, contribuir para a discuss\u00e3o que perpassa o amplo cat\u00e1logo de temas em torno desse mesmo desafio \u00e9 o que move esta obra, delimitada pelo pensamento acad\u00eamico de pesquisadores inseridos nos quatro cantos desse imenso pa\u00eds.<\/p>","protected":false},"excerpt":{"rendered":"<p>Anderson Vichinkeski Teixeira<br \/>Marcelo Dias Jaques<br \/>Giancarlo Montagner Copelli<\/p>\n<p><strong>Vers\u00e3o impressa &#8211; em breve na Amazon e nos principais marketplaces da Internet<br \/>Vers\u00e3o digital (e-book) &#8211; Clique no bot\u00e3o Comprar<\/strong><\/p>","protected":false},"featured_media":51029,"template":"","meta":{"_joinchat":[]},"product_brand":[],"product_cat":[57],"product_tag":[],"class_list":{"0":"post-51008","1":"product","2":"type-product","3":"status-publish","4":"has-post-thumbnail","6":"product_cat-ciencias-sociais-aplicadas","7":"align-center","8":"box-shadow-1","9":"box-shadow-3-hover","10":"ast-product-gallery-layout-horizontal","11":"ast-product-gallery-with-no-image","12":"ast-product-tabs-layout-horizontal","14":"first","15":"instock","16":"downloadable","17":"virtual","18":"purchasable","19":"product-type-simple"},"_links":{"self":[{"href":"https:\/\/www.dommodesto.com.br\/en\/wp-json\/wp\/v2\/product\/51008","targetHints":{"allow":["GET"]}}],"collection":[{"href":"https:\/\/www.dommodesto.com.br\/en\/wp-json\/wp\/v2\/product"}],"about":[{"href":"https:\/\/www.dommodesto.com.br\/en\/wp-json\/wp\/v2\/types\/product"}],"wp:featuredmedia":[{"embeddable":true,"href":"https:\/\/www.dommodesto.com.br\/en\/wp-json\/wp\/v2\/media\/51029"}],"wp:attachment":[{"href":"https:\/\/www.dommodesto.com.br\/en\/wp-json\/wp\/v2\/media?parent=51008"}],"wp:term":[{"taxonomy":"product_brand","embeddable":true,"href":"https:\/\/www.dommodesto.com.br\/en\/wp-json\/wp\/v2\/product_brand?post=51008"},{"taxonomy":"product_cat","embeddable":true,"href":"https:\/\/www.dommodesto.com.br\/en\/wp-json\/wp\/v2\/product_cat?post=51008"},{"taxonomy":"product_tag","embeddable":true,"href":"https:\/\/www.dommodesto.com.br\/en\/wp-json\/wp\/v2\/product_tag?post=51008"}],"curies":[{"name":"wp","href":"https:\/\/api.w.org\/{rel}","templated":true}]}}