{"id":49161,"date":"2022-04-13T10:50:31","date_gmt":"2022-04-13T13:50:31","guid":{"rendered":"https:\/\/www.dommodesto.com.br\/?post_type=product&#038;p=49161"},"modified":"2022-05-05T11:22:45","modified_gmt":"2022-05-05T14:22:45","slug":"maye-yamuya-bugu-uma-abordagem-sociolinguistica-sobre-a-origem-do-bongo","status":"publish","type":"product","link":"https:\/\/www.dommodesto.com.br\/en\/product\/maye-yamuya-bugu-uma-abordagem-sociolinguistica-sobre-a-origem-do-bongo\/","title":{"rendered":"MAY\u00c9 YAMUY\u00c3 B\u0168GU: Uma abordagem sociolingu\u00edstica sobre a origem do bongo"},"content":{"rendered":"<p align=\"justify\"><span style=\"font-family: Times New Roman, serif;\"><span style=\"font-size: medium;\">The history of the origin of the wooden hull speaks about how people in the interior of the Amazonia make boats from a single tree trunk choosing the best wood to build one of the most used river transports in the colonial period of the Amazonia and still using in present time.<\/span><\/span><\/p>\n<p align=\"justify\"><span style=\"font-family: Times New Roman, serif;\"><span style=\"font-size: medium;\">Written in general Amazonian language, the Nheengatu and in Portuguese and English, the story about the origin of the hull, the oldest transport in the Amazon region is told from the histories of indigenous students from S\u00e3o Gabriel da Cachoeira, Amazonas, Brazil.<\/span><\/span><\/p>\n<p align=\"justify\"><span style=\"font-family: Times New Roman, serif;\"><span style=\"font-size: medium;\">This fascinating history about the origin of the hull will certainly show you a new conception of life in the Amazonia as well as the experiences of men who cross in their hulls (canoes) the Amazon region from North to South and from East to West with their <\/span><\/span><span style=\"font-family: Times New Roman, serif;\"><span style=\"font-size: medium;\">beautiful canoe also made of wood. A journey of experiences within a wooden trunk that can last a lifetime.<\/span><\/span><\/p>","protected":false},"excerpt":{"rendered":"<p><span style=\"font-family: Times New Roman, serif;\"><span style=\"font-size: medium;\">Flor\u00eancio Cordeiro da Silva<br \/>\n<\/span><\/span><span style=\"font-family: Times New Roman, serif;\"><span style=\"font-size: medium;\">Aline da Cruz<br \/>\n<\/span><\/span><span style=\"font-family: Times New Roman, serif;\"><span style=\"font-size: medium;\">Ademar dos Santos Lima<\/span><\/span><\/p>\n<p><strong>Vers\u00e3o impressa &#8211; Tiragem limitada, n\u00e3o comercial, destinada exclusivamente \u00e0 finalidade acad\u00eamica do projeto.<\/strong><br \/>\n<strong>Vers\u00e3o digital (e-book) &#8211; Clique no bot\u00e3o Download<\/strong><\/p>","protected":false},"featured_media":49175,"template":"","meta":{"_joinchat":[]},"product_brand":[],"product_cat":[120],"product_tag":[146],"class_list":{"0":"post-49161","1":"product","2":"type-product","3":"status-publish","4":"has-post-thumbnail","6":"product_cat-download-promo","7":"product_tag-maye-yamunha-bugu-uma-abordagem-sociolinguistica-sobre-a-origem-do-bongo","8":"align-center","9":"box-shadow-1","10":"box-shadow-3-hover","11":"ast-product-gallery-layout-horizontal","12":"ast-product-gallery-with-no-image","13":"ast-product-tabs-layout-horizontal","15":"first","16":"instock","17":"downloadable","18":"virtual","19":"product-type-simple"},"_links":{"self":[{"href":"https:\/\/www.dommodesto.com.br\/en\/wp-json\/wp\/v2\/product\/49161","targetHints":{"allow":["GET"]}}],"collection":[{"href":"https:\/\/www.dommodesto.com.br\/en\/wp-json\/wp\/v2\/product"}],"about":[{"href":"https:\/\/www.dommodesto.com.br\/en\/wp-json\/wp\/v2\/types\/product"}],"wp:featuredmedia":[{"embeddable":true,"href":"https:\/\/www.dommodesto.com.br\/en\/wp-json\/wp\/v2\/media\/49175"}],"wp:attachment":[{"href":"https:\/\/www.dommodesto.com.br\/en\/wp-json\/wp\/v2\/media?parent=49161"}],"wp:term":[{"taxonomy":"product_brand","embeddable":true,"href":"https:\/\/www.dommodesto.com.br\/en\/wp-json\/wp\/v2\/product_brand?post=49161"},{"taxonomy":"product_cat","embeddable":true,"href":"https:\/\/www.dommodesto.com.br\/en\/wp-json\/wp\/v2\/product_cat?post=49161"},{"taxonomy":"product_tag","embeddable":true,"href":"https:\/\/www.dommodesto.com.br\/en\/wp-json\/wp\/v2\/product_tag?post=49161"}],"curies":[{"name":"wp","href":"https:\/\/api.w.org\/{rel}","templated":true}]}}