{"id":47931,"date":"2022-04-01T19:02:18","date_gmt":"2022-04-01T22:02:18","guid":{"rendered":"https:\/\/www.dommodesto.com.br\/?post_type=product&#038;p=47931"},"modified":"2022-04-01T19:02:18","modified_gmt":"2022-04-01T22:02:18","slug":"interferencias-das-categorias-classe-e-genero-na-nao-escolha-dos-estudantes-pelo-curso-de-pedagogia-da-ufal","status":"publish","type":"product","link":"https:\/\/www.dommodesto.com.br\/en\/product\/interferencias-das-categorias-classe-e-genero-na-nao-escolha-dos-estudantes-pelo-curso-de-pedagogia-da-ufal\/","title":{"rendered":"Interfer\u00eancias das categorias classe e g\u00eanero na (n\u00e3o) escolha dos estudantes pelo curso de Pedagogia da UFAL"},"content":{"rendered":"<p>O estudo \u201cInterfer\u00eancias das categorias classe e g\u00eanero na (n\u00e3o) escolha dos estudantes pelo curso de Pedagogia: um estudo sobre os ingressantes do curso de Pedagogia da Ufal\u201d, ora materializado neste livro, \u00e9 carregado de originalidade e de relev\u00e2ncia acad\u00eamica e social, \u00e9 fundamentado teoricamente e \u00e9 ancorado na apreens\u00e3o problematizadora do real. Trata-se, portanto, de obra acad\u00eamica que dialoga apropriadamente com referenciais te\u00f3ricos e com estudos pret\u00e9ritos que articulam quest\u00f5es de classe e de g\u00eanero constitutivas e interferentes na escolha de estudantes pelo curso de Pedagogia. N\u00e3o sendo bastante, o estudo de Albuquerque adverte que a const\u00e2ncia da naturaliza\u00e7\u00e3o do referido curso como espa\u00e7o formativo priorit\u00e1rio de mulheres pobres exige a urg\u00eancia da compreens\u00e3o de processos que conservam e aprimoram rela\u00e7\u00f5es de desigualdade e de opress\u00e3o.<\/p>","protected":false},"excerpt":{"rendered":"<p>Maria Clara R\u00eago Ten\u00f3rio de Albuquerque<\/p>\n<p><strong>Vers\u00e3o impressa &#8211; <a href=\"https:\/\/www.amazon.com.br\/Interfer%C3%AAncias-categorias-classe-g%C3%AAnero-esco\/dp\/6586537576\/ref=sr_1_28?__mk_pt_BR=%C3%85M%C3%85%C5%BD%C3%95%C3%91&amp;crid=344IN0WWGW13D&amp;keywords=%22dom+modesto%22&amp;qid=1648835935&amp;sprefix=dom+modesto+%2Caps%2C282&amp;sr=8-28\">Clique aqui<\/a><br \/>Vers\u00e3o digital (e-book) &#8211; Clique no bot\u00e3o Comprar<\/strong><\/p>","protected":false},"featured_media":47947,"template":"","meta":{"_joinchat":[]},"product_brand":[],"product_cat":[143],"product_tag":[],"class_list":{"0":"post-47931","1":"product","2":"type-product","3":"status-publish","4":"has-post-thumbnail","6":"product_cat-ciencias-humanas","7":"align-center","8":"box-shadow-1","9":"box-shadow-3-hover","10":"ast-product-gallery-layout-horizontal","11":"ast-product-gallery-with-no-image","12":"ast-product-tabs-layout-horizontal","14":"first","15":"instock","16":"downloadable","17":"virtual","18":"purchasable","19":"product-type-simple"},"_links":{"self":[{"href":"https:\/\/www.dommodesto.com.br\/en\/wp-json\/wp\/v2\/product\/47931","targetHints":{"allow":["GET"]}}],"collection":[{"href":"https:\/\/www.dommodesto.com.br\/en\/wp-json\/wp\/v2\/product"}],"about":[{"href":"https:\/\/www.dommodesto.com.br\/en\/wp-json\/wp\/v2\/types\/product"}],"wp:featuredmedia":[{"embeddable":true,"href":"https:\/\/www.dommodesto.com.br\/en\/wp-json\/wp\/v2\/media\/47947"}],"wp:attachment":[{"href":"https:\/\/www.dommodesto.com.br\/en\/wp-json\/wp\/v2\/media?parent=47931"}],"wp:term":[{"taxonomy":"product_brand","embeddable":true,"href":"https:\/\/www.dommodesto.com.br\/en\/wp-json\/wp\/v2\/product_brand?post=47931"},{"taxonomy":"product_cat","embeddable":true,"href":"https:\/\/www.dommodesto.com.br\/en\/wp-json\/wp\/v2\/product_cat?post=47931"},{"taxonomy":"product_tag","embeddable":true,"href":"https:\/\/www.dommodesto.com.br\/en\/wp-json\/wp\/v2\/product_tag?post=47931"}],"curies":[{"name":"wp","href":"https:\/\/api.w.org\/{rel}","templated":true}]}}