{"id":46614,"date":"2022-03-24T16:31:56","date_gmt":"2022-03-24T19:31:56","guid":{"rendered":"https:\/\/www.dommodesto.com.br\/?post_type=product&#038;p=46614"},"modified":"2022-03-24T16:31:56","modified_gmt":"2022-03-24T19:31:56","slug":"as-transformacoes-no-mundo-do-trabalho-uma-analise-biopolitica-em-tempos-de-pandemia","status":"publish","type":"product","link":"https:\/\/www.dommodesto.com.br\/en\/product\/as-transformacoes-no-mundo-do-trabalho-uma-analise-biopolitica-em-tempos-de-pandemia\/","title":{"rendered":"As transforma\u00e7\u00f5es no mundo do trabalho: uma an\u00e1lise biopol\u00edtica em tempos de pandemia"},"content":{"rendered":"<p>O mundo do trabalho est\u00e1 passando por intensa e ampla transforma\u00e7\u00e3o, que envolve os aspectos mais importantes da ordem social institu\u00edda, notadamente quest\u00f5es culturais, econ\u00f4micas e pol\u00edticas. Tais transforma\u00e7\u00f5es impactam a forma como os atores sociais se relacionam entre si tanto na dimens\u00e3o cultural, expressa nas hierarquias de classe e no status, quanto na dimens\u00e3o econ\u00f4mica, especialmente na acumula\u00e7\u00e3o e na distribui\u00e7\u00e3o dos bens, como tamb\u00e9m na representa\u00e7\u00e3o pol\u00edtica, que envolve aspectos de formata\u00e7\u00e3o das leis e distribui\u00e7\u00e3o da justi\u00e7a social nos Estados, principalmente nas democracias. H\u00e1, por outro prisma, impactos significativos dessa transforma\u00e7\u00e3o mundial na forma como os humanos lidam com as situa\u00e7\u00f5es, isto \u00e9, as tecnologias, a propriedade, o trabalho e o meio ambiente.<\/p>\n<p>Neste cen\u00e1rio, sob o olhar da teoria tridimensional da justi\u00e7a, indaga-se qual pensamento reside na origem remota do desmonte do sistema jur\u00eddico de prote\u00e7\u00e3o dos trabalhadores e qual o impacto da biopol\u00edtica e da necropol\u00edtica neoliberal sobre as vidas de quem trabalha na pandemia de COVID-19. Eis a pergunta que este livro se prop\u00f5e a responder.<\/p>","protected":false},"excerpt":{"rendered":"<p>Ezequiel Cruz de Souza<br \/>Rosane Teresinha Carvalho Porto<\/p>\n<p><strong>Vers\u00e3o impressa &#8211; <a href=\"https:\/\/www.amazon.com.br\/transforma%C3%A7%C3%B5es-trabalho-Ezequiel-Teresinha-Carvalho\/dp\/6586537592\/ref=sr_1_15?__mk_pt_BR=%C3%85M%C3%85%C5%BD%C3%95%C3%91&amp;crid=38ASEFZU2TJI0&amp;keywords=%22dom+modesto%22&amp;qid=1648150280&amp;sprefix=dom+modesto+%2Caps%2C225&amp;sr=8-15\">Clique aqui<\/a><br \/>Vers\u00e3o digital (e-book) &#8211; Clique no bot\u00e3o Comprar<\/strong><\/p>","protected":false},"featured_media":46628,"template":"","meta":{"_joinchat":[]},"product_brand":[],"product_cat":[57],"product_tag":[],"class_list":{"0":"post-46614","1":"product","2":"type-product","3":"status-publish","4":"has-post-thumbnail","6":"product_cat-ciencias-sociais-aplicadas","7":"align-center","8":"box-shadow-1","9":"box-shadow-3-hover","10":"ast-product-gallery-layout-horizontal","11":"ast-product-gallery-with-no-image","12":"ast-product-tabs-layout-horizontal","14":"first","15":"instock","16":"downloadable","17":"virtual","18":"purchasable","19":"product-type-simple"},"_links":{"self":[{"href":"https:\/\/www.dommodesto.com.br\/en\/wp-json\/wp\/v2\/product\/46614","targetHints":{"allow":["GET"]}}],"collection":[{"href":"https:\/\/www.dommodesto.com.br\/en\/wp-json\/wp\/v2\/product"}],"about":[{"href":"https:\/\/www.dommodesto.com.br\/en\/wp-json\/wp\/v2\/types\/product"}],"wp:featuredmedia":[{"embeddable":true,"href":"https:\/\/www.dommodesto.com.br\/en\/wp-json\/wp\/v2\/media\/46628"}],"wp:attachment":[{"href":"https:\/\/www.dommodesto.com.br\/en\/wp-json\/wp\/v2\/media?parent=46614"}],"wp:term":[{"taxonomy":"product_brand","embeddable":true,"href":"https:\/\/www.dommodesto.com.br\/en\/wp-json\/wp\/v2\/product_brand?post=46614"},{"taxonomy":"product_cat","embeddable":true,"href":"https:\/\/www.dommodesto.com.br\/en\/wp-json\/wp\/v2\/product_cat?post=46614"},{"taxonomy":"product_tag","embeddable":true,"href":"https:\/\/www.dommodesto.com.br\/en\/wp-json\/wp\/v2\/product_tag?post=46614"}],"curies":[{"name":"wp","href":"https:\/\/api.w.org\/{rel}","templated":true}]}}