{"id":38446,"date":"2021-12-27T17:40:27","date_gmt":"2021-12-27T20:40:27","guid":{"rendered":"https:\/\/www.dommodesto.com.br\/?post_type=product&#038;p=38446"},"modified":"2022-05-05T11:22:49","modified_gmt":"2022-05-05T14:22:49","slug":"pensando-o-populismo","status":"publish","type":"product","link":"https:\/\/www.dommodesto.com.br\/en\/product\/pensando-o-populismo\/","title":{"rendered":"Pensando o Populismo"},"content":{"rendered":"<p align=\"justify\"><span style=\"font-family: Times New Roman, serif;\"><span style=\"font-size: medium;\">Seja pelo an\u00fancio de \u201cuma nova pol\u00edtica\u201d, pela recorr\u00eancia que passa a ter o termo \u201cpopulismo\u201d no vocabul\u00e1rio da pol\u00edtica, pelas tens\u00f5es institucionais entre os tr\u00eas Poderes no Brasil (existentes antes mesmo do cen\u00e1rio pand\u00eamico, mas tamb\u00e9m intensificadas por ele) ou pela conjun\u00e7\u00e3o de todos esses fatores, o fato \u00e9 que, nessa tentativa de esbo\u00e7ar um pano de fundo para as reflex\u00f5es sobre populismo, existe um ponto central: a sensibilidade democr\u00e1tica de nosso pa\u00eds ao recebimento de ataques. Em outras palavras: na raiz do populismo \u2013 e de diversos outros fen\u00f4menos que afetam as nossas institui\u00e7\u00f5es, como \u00e9 o caso tamb\u00e9m do ativismo judicial, por exemplo, t\u00e3o bem denunciado por Lenio Streck \u2013 est\u00e1 o problema democr\u00e1tico, est\u00e3o as nossas dificuldades democr\u00e1ticas, que v\u00eam de longa data, mas que se agudizam de forma crescente na atual conjuntura pol\u00edtica.<\/span><\/span><\/p>","protected":false},"excerpt":{"rendered":"<p>Clarissa Tassinari e Giancarlo Montagner Copelli<\/p>\n<p><strong>Download gratuito &#8211; projeto financiado pela Funda\u00e7\u00e3o de Amparo \u00e0 Pesquisa do Estado do RS (FAPERGS)<\/strong><\/p>\n<p><strong>Vers\u00e3o impressa &#8211; Tiragem limitada, n\u00e3o comercial, destinada exclusivamente \u00e0 finalidade acad\u00eamica do projeto.<\/strong><br \/>\n<strong>Vers\u00e3o digital (e-book) &#8211; Clique no bot\u00e3o Download<\/strong><\/p>","protected":false},"featured_media":38659,"template":"","meta":{"_joinchat":[]},"product_brand":[],"product_cat":[57],"product_tag":[132],"class_list":{"0":"post-38446","1":"product","2":"type-product","3":"status-publish","4":"has-post-thumbnail","6":"product_cat-ciencias-sociais-aplicadas","7":"product_tag-pensando-o-populismo","8":"align-center","9":"box-shadow-1","10":"box-shadow-3-hover","11":"ast-product-gallery-layout-horizontal","12":"ast-product-gallery-with-no-image","13":"ast-product-tabs-layout-horizontal","15":"first","16":"instock","17":"downloadable","18":"virtual","19":"purchasable","20":"product-type-simple"},"_links":{"self":[{"href":"https:\/\/www.dommodesto.com.br\/en\/wp-json\/wp\/v2\/product\/38446","targetHints":{"allow":["GET"]}}],"collection":[{"href":"https:\/\/www.dommodesto.com.br\/en\/wp-json\/wp\/v2\/product"}],"about":[{"href":"https:\/\/www.dommodesto.com.br\/en\/wp-json\/wp\/v2\/types\/product"}],"wp:featuredmedia":[{"embeddable":true,"href":"https:\/\/www.dommodesto.com.br\/en\/wp-json\/wp\/v2\/media\/38659"}],"wp:attachment":[{"href":"https:\/\/www.dommodesto.com.br\/en\/wp-json\/wp\/v2\/media?parent=38446"}],"wp:term":[{"taxonomy":"product_brand","embeddable":true,"href":"https:\/\/www.dommodesto.com.br\/en\/wp-json\/wp\/v2\/product_brand?post=38446"},{"taxonomy":"product_cat","embeddable":true,"href":"https:\/\/www.dommodesto.com.br\/en\/wp-json\/wp\/v2\/product_cat?post=38446"},{"taxonomy":"product_tag","embeddable":true,"href":"https:\/\/www.dommodesto.com.br\/en\/wp-json\/wp\/v2\/product_tag?post=38446"}],"curies":[{"name":"wp","href":"https:\/\/api.w.org\/{rel}","templated":true}]}}