{"id":37659,"date":"2021-12-23T20:52:08","date_gmt":"2021-12-23T23:52:08","guid":{"rendered":"https:\/\/www.dommodesto.com.br\/?post_type=product&#038;p=37659"},"modified":"2021-12-23T20:52:08","modified_gmt":"2021-12-23T23:52:08","slug":"observatorio-do-futuro-a-mediacao-na-vanguarda-da-composicao-de-conflitos","status":"publish","type":"product","link":"https:\/\/www.dommodesto.com.br\/en\/product\/observatorio-do-futuro-a-mediacao-na-vanguarda-da-composicao-de-conflitos\/","title":{"rendered":"Observat\u00f3rio do Futuro: a media\u00e7\u00e3o na vanguarda da composi\u00e7\u00e3o de conflitos"},"content":{"rendered":"<p>\u201cA lo largo del tiempo el proceso ha mostrado claramente sus disfunciones y eso ha fortalecido la b\u00fasqueda de alternativas para la resoluci\u00f3n de los conflictos en el tr\u00e1fico jur\u00eddico. Para ello, sin embargo, es necesario um cambio cultural, sin el cual corremos el riesgo de que estas v\u00edas complementarias no vayan m\u00e1s all\u00e1 de lo anecd\u00f3tico. Es cierto que la formaci\u00f3n de los juristas ha<\/p>\n<p>estado demasiado vinculada con el proceso jurisdiccional, v\u00eda traum\u00e1tica para desafiar las patolog\u00edas en el cumplimiento de las normas jur\u00eddicas. Se han estimulado estrategias de confrontaci\u00f3n, cuando en un porcentaje determinado de casos pueden ser m\u00e1s constructivos los procedimientos amistosos, que permitan llegar a soluciones plausibles para ambas partes, y as\u00ed evitar p\u00edrricos triunfos que, en ocasiones, no hacen m\u00e1s que prolongar la tensi\u00f3n en uma comunidad social determinada.<\/p>\n<p>(&#8230;)<\/p>\n<p>La doctrina jur\u00eddica iberoamericana y, en particular, la Academia brasile\u00f1a, siempre a la vanguardia de las reflexiones jur\u00eddicoprocesales, merece felicitaciones sinceras por la publicaci\u00f3n de este amplio conjunto de estudios, que conforman una mirada bien fundamentada hacia el inmediato futuro.\u201d<\/p>\n<p>\u00a0<\/p>\n<p>Lorenzo-Mateo Bujosa Vadell<br \/>Presidente del Instituto Iberoamericano de Derecho Procesal<br \/>Catedr\u00e1tico de Derecho Procesal de la Universidad de Salamanca<\/p>","protected":false},"excerpt":{"rendered":"<p>Lorenzo-Mateo Bujosa Vadell<br \/>Maria da Gl\u00f3ria Costa Gon\u00e7alves de Sousa Aquino<br \/>Marcelo Dias Jaques<\/p>\n<p><strong>Vers\u00e3o impressa &#8211; em breve nos principais marketplaces<br \/>Vers\u00e3o digital (e-book) &#8211; Clique no bot\u00e3o Comprar<\/strong><\/p>","protected":false},"featured_media":37673,"template":"","meta":{"_joinchat":[]},"product_brand":[],"product_cat":[57],"product_tag":[],"class_list":{"0":"post-37659","1":"product","2":"type-product","3":"status-publish","4":"has-post-thumbnail","6":"product_cat-ciencias-sociais-aplicadas","7":"align-center","8":"box-shadow-1","9":"box-shadow-3-hover","10":"ast-product-gallery-layout-horizontal","11":"ast-product-gallery-with-no-image","12":"ast-product-tabs-layout-horizontal","14":"first","15":"instock","16":"downloadable","17":"virtual","18":"purchasable","19":"product-type-simple"},"_links":{"self":[{"href":"https:\/\/www.dommodesto.com.br\/en\/wp-json\/wp\/v2\/product\/37659","targetHints":{"allow":["GET"]}}],"collection":[{"href":"https:\/\/www.dommodesto.com.br\/en\/wp-json\/wp\/v2\/product"}],"about":[{"href":"https:\/\/www.dommodesto.com.br\/en\/wp-json\/wp\/v2\/types\/product"}],"wp:featuredmedia":[{"embeddable":true,"href":"https:\/\/www.dommodesto.com.br\/en\/wp-json\/wp\/v2\/media\/37673"}],"wp:attachment":[{"href":"https:\/\/www.dommodesto.com.br\/en\/wp-json\/wp\/v2\/media?parent=37659"}],"wp:term":[{"taxonomy":"product_brand","embeddable":true,"href":"https:\/\/www.dommodesto.com.br\/en\/wp-json\/wp\/v2\/product_brand?post=37659"},{"taxonomy":"product_cat","embeddable":true,"href":"https:\/\/www.dommodesto.com.br\/en\/wp-json\/wp\/v2\/product_cat?post=37659"},{"taxonomy":"product_tag","embeddable":true,"href":"https:\/\/www.dommodesto.com.br\/en\/wp-json\/wp\/v2\/product_tag?post=37659"}],"curies":[{"name":"wp","href":"https:\/\/api.w.org\/{rel}","templated":true}]}}