{"id":2878,"date":"2019-12-09T11:14:53","date_gmt":"2019-12-09T13:14:53","guid":{"rendered":"https:\/\/loja.dommodesto.com.br\/?post_type=product&#038;p=2878"},"modified":"2019-12-24T01:45:33","modified_gmt":"2019-12-24T03:45:33","slug":"reconstruindo-pontes-para-uma-nova-justica","status":"publish","type":"product","link":"https:\/\/www.dommodesto.com.br\/en\/product\/reconstruindo-pontes-para-uma-nova-justica\/","title":{"rendered":"Reconstruindo pontes para uma nova justi\u00e7a: estudos do I Semin\u00e1rio de Media\u00e7\u00e3o"},"content":{"rendered":"<p style=\"text-align: justify !important;\">Se, por um lado, a crescente judicializa\u00e7\u00e3o das rela\u00e7\u00f5es sociais enquanto fen\u00f4meno caracter\u00edstico das sociedades de massa na p\u00f3s-modernidade poderia indicar um aumento progressivo da atua\u00e7\u00e3o advocat\u00edcia, verifica-se, por outro lado, uma s\u00e9rie de efeitos nocivos decorrentes desse mesmo fen\u00f4meno, dentre eles a demora na presta\u00e7\u00e3o jurisdicional e os altos custos que um processo judicial pode acarretar \u00e0s partes. Assim, m\u00e9todos alternativos de resolu\u00e7\u00e3o dos conflitos ganham cada vez mais relevo e possibilidades de atua\u00e7\u00e3o profissional aos advogados. A media\u00e7\u00e3o surge como um desses poss\u00edveis\u00a0 m\u00e9todos capazes de potencializar o acesso \u00e0 justi\u00e7a e, al\u00e7ada \u00e0 condi\u00e7\u00e3o de pol\u00edtica p\u00fablica em \u00e2mbito nacional positivada na legisla\u00e7\u00e3o brasileira, vem ganhando espa\u00e7os e campos dentro do Direito. Nessa raz\u00e3o, Reconstruindo pontes para uma nova justi\u00e7a, conta com contribui\u00e7\u00f5es sobre diversas tem\u00e1ticas atinentes \u00e0 media\u00e7\u00e3o e aos m\u00e9todos alternativos de resolu\u00e7\u00e3o de conflitos, oferecendo ao leitor instigantes abordagens sobre um tema muito atual.<\/p>","protected":false},"excerpt":{"rendered":"<p>Marcelo Dias Jaques<br \/>\nCharlise Paula Colet Gimenez<br \/>\nElisa Berton Eidt<\/p>","protected":false},"featured_media":2802,"template":"","meta":{"_joinchat":[]},"product_brand":[],"product_cat":[57],"product_tag":[],"class_list":{"0":"post-2878","1":"product","2":"type-product","3":"status-publish","4":"has-post-thumbnail","6":"product_cat-ciencias-sociais-aplicadas","7":"product_shipping_class-geral","8":"align-center","9":"box-shadow-1","10":"box-shadow-3-hover","11":"ast-product-gallery-layout-horizontal","12":"ast-product-gallery-with-no-image","13":"ast-product-tabs-layout-horizontal","15":"first","16":"instock","17":"shipping-taxable","18":"purchasable","19":"product-type-variable"},"_links":{"self":[{"href":"https:\/\/www.dommodesto.com.br\/en\/wp-json\/wp\/v2\/product\/2878","targetHints":{"allow":["GET"]}}],"collection":[{"href":"https:\/\/www.dommodesto.com.br\/en\/wp-json\/wp\/v2\/product"}],"about":[{"href":"https:\/\/www.dommodesto.com.br\/en\/wp-json\/wp\/v2\/types\/product"}],"wp:featuredmedia":[{"embeddable":true,"href":"https:\/\/www.dommodesto.com.br\/en\/wp-json\/wp\/v2\/media\/2802"}],"wp:attachment":[{"href":"https:\/\/www.dommodesto.com.br\/en\/wp-json\/wp\/v2\/media?parent=2878"}],"wp:term":[{"taxonomy":"product_brand","embeddable":true,"href":"https:\/\/www.dommodesto.com.br\/en\/wp-json\/wp\/v2\/product_brand?post=2878"},{"taxonomy":"product_cat","embeddable":true,"href":"https:\/\/www.dommodesto.com.br\/en\/wp-json\/wp\/v2\/product_cat?post=2878"},{"taxonomy":"product_tag","embeddable":true,"href":"https:\/\/www.dommodesto.com.br\/en\/wp-json\/wp\/v2\/product_tag?post=2878"}],"curies":[{"name":"wp","href":"https:\/\/api.w.org\/{rel}","templated":true}]}}