{"id":27865,"date":"2021-08-22T23:07:17","date_gmt":"2021-08-23T02:07:17","guid":{"rendered":"https:\/\/www.dommodesto.com.br\/?post_type=product&#038;p=27865"},"modified":"2021-08-22T23:07:17","modified_gmt":"2021-08-23T02:07:17","slug":"consorcio-publico-construindo-capacidades","status":"publish","type":"product","link":"https:\/\/www.dommodesto.com.br\/en\/product\/consorcio-publico-construindo-capacidades\/","title":{"rendered":"Cons\u00f3rcio P\u00fablico: construindo capacidades"},"content":{"rendered":"<p>&#8220;Assim, sejam as tarefas imediatas relacionadas ao combate aos efeitos da pandemia do Covid-19. As mediatas, relacionadas \u00e0 reindustrializa\u00e7\u00e3o para atender \u00e0 Internet das Coisas e ao padr\u00e3o 5G\/6G. Ou mesmo as de natureza transcendental e hist\u00f3rica, como \u00e9 o caso da constru\u00e7\u00e3o do Estado Cibern\u00e9tico. Todas certamente estar\u00e3o associadas \u00e0 novas formas de financiamento e organiza\u00e7\u00e3o de gest\u00e3o do Estado e da Economia. Por certo, os cons\u00f3rcios de Salles n\u00e3o s\u00e3o um deus ex machina, uma panaceia para todos os males. Mas, a forma como os associa ao desenvolvimento e \u00e0 prepara\u00e7\u00e3o militar \u2013 resgatando o papel do Sujeito \u2013 \u00e9 inovadora. Trata-se, pelo menos, de um passo na dire\u00e7\u00e3o correta: engendrar solu\u00e7\u00f5es brasileiras para o Brasil. Isso deve ser suficiente para que a obra mere\u00e7a, do leitor, sua devida aten\u00e7\u00e3o.&#8221;<\/p>\n<p><em>Prof. Dr. Jos\u00e9 Miguel Quedi Martins<br \/>Maj. Jean-Pier de Vasconcellos Esquia<\/em><\/p>","protected":false},"excerpt":{"rendered":"<p>Alexsandro Souza de Salles<\/p>\n<p><strong>Vers\u00e3o impressa &#8211; <a href=\"https:\/\/www.amazon.com.br\/Cons%C3%B3rcio-P%C3%BAblico-Alexsandro-Souza-Salles\/dp\/6586537320\/ref=sr_1_18?__mk_pt_BR=%C3%85M%C3%85%C5%BD%C3%95%C3%91&amp;dchild=1&amp;keywords=%22dom+modesto%22&amp;qid=1629683025&amp;sr=8-18\">Clique aqui<\/a><br \/>Vers\u00e3o digital (e-book) &#8211; Clique no bot\u00e3o Comprar<\/strong><\/p>","protected":false},"featured_media":27882,"template":"","meta":{"_joinchat":[]},"product_brand":[],"product_cat":[57],"product_tag":[],"class_list":{"0":"post-27865","1":"product","2":"type-product","3":"status-publish","4":"has-post-thumbnail","6":"product_cat-ciencias-sociais-aplicadas","7":"align-center","8":"box-shadow-1","9":"box-shadow-3-hover","10":"ast-product-gallery-layout-horizontal","11":"ast-product-gallery-with-no-image","12":"ast-product-tabs-layout-horizontal","14":"first","15":"instock","16":"downloadable","17":"virtual","18":"purchasable","19":"product-type-simple"},"_links":{"self":[{"href":"https:\/\/www.dommodesto.com.br\/en\/wp-json\/wp\/v2\/product\/27865","targetHints":{"allow":["GET"]}}],"collection":[{"href":"https:\/\/www.dommodesto.com.br\/en\/wp-json\/wp\/v2\/product"}],"about":[{"href":"https:\/\/www.dommodesto.com.br\/en\/wp-json\/wp\/v2\/types\/product"}],"wp:featuredmedia":[{"embeddable":true,"href":"https:\/\/www.dommodesto.com.br\/en\/wp-json\/wp\/v2\/media\/27882"}],"wp:attachment":[{"href":"https:\/\/www.dommodesto.com.br\/en\/wp-json\/wp\/v2\/media?parent=27865"}],"wp:term":[{"taxonomy":"product_brand","embeddable":true,"href":"https:\/\/www.dommodesto.com.br\/en\/wp-json\/wp\/v2\/product_brand?post=27865"},{"taxonomy":"product_cat","embeddable":true,"href":"https:\/\/www.dommodesto.com.br\/en\/wp-json\/wp\/v2\/product_cat?post=27865"},{"taxonomy":"product_tag","embeddable":true,"href":"https:\/\/www.dommodesto.com.br\/en\/wp-json\/wp\/v2\/product_tag?post=27865"}],"curies":[{"name":"wp","href":"https:\/\/api.w.org\/{rel}","templated":true}]}}