{"id":25431,"date":"2021-07-22T00:29:52","date_gmt":"2021-07-22T03:29:52","guid":{"rendered":"https:\/\/www.dommodesto.com.br\/?post_type=product&#038;p=25431"},"modified":"2021-07-22T00:31:36","modified_gmt":"2021-07-22T03:31:36","slug":"nem-um-passo-atras-proibicao-de-retrocesso-e-direito-a-educacao-frente-ao-novo-regime-fiscal","status":"publish","type":"product","link":"https:\/\/www.dommodesto.com.br\/en\/product\/nem-um-passo-atras-proibicao-de-retrocesso-e-direito-a-educacao-frente-ao-novo-regime-fiscal\/","title":{"rendered":"Nem um passo atr\u00e1s: proibi\u00e7\u00e3o de retrocesso e direito \u00e0 educa\u00e7\u00e3o frente ao Novo Regime Fiscal"},"content":{"rendered":"<p>&#8220;Apesar de solenemente proclamados nas cartas constitucionais da maioria dos pa\u00edses do Ocidente, os direitos sociais s\u00e3o reiteradamente atacados e constantemente restringidos no que concerne \u00e0 sua plena efetividade. O argumento usado \u00e9 o de sempre: a concretiza\u00e7\u00e3o dos direitos sociais estaria condicionada a limites f\u00e1ticos, ou seja, dependeria de presta\u00e7\u00f5es positivas, de recursos financeiros do Estado para sua realiza\u00e7\u00e3o, enquanto os direitos-liberdades gerariam exclusivamente obriga\u00e7\u00f5es negativas. Com base nesse argumento, sustenta-se que existem diferen\u00e7as entre esses dois grupos de direitos. Contraditando tal tese, Abramovich e Courtis afirmam que n\u00e3o existe nenhuma diferen\u00e7a de estrutura entre os diferentes tipos de direitos fundamentais, que a ambos correspondem presta\u00e7\u00f5es positivas e negativas exig\u00edveis em ju\u00edzo, e que a diferen\u00e7a entre expectativas positivas e negativas \u00e9 somente de grau. No mesmo sentido, Herrera Flores observa que s\u00f3 h\u00e1 uma classe de direitos: os direitos humanos. A liberdade e a igualdade s\u00e3o as duas faces da mesma moeda, uma sem a outra nada s\u00e3o.<\/p>\n<p>&#8216;Nenhum passo atr\u00e1s&#8217;, disserta\u00e7\u00e3o aprovada pelo Programa de P\u00f3s-Gradua\u00e7\u00e3o em Direito da UFPel, a qual foi atribu\u00edda a classifica\u00e7\u00e3o <em>Summa Cum Laude<\/em>, trata da efic\u00e1cia e da efetividade dos direitos fundamentais sociais, um dos temas mais pol\u00eamicos e controvertidos atinentes aos direitos sociais. Com rara capacidade anal\u00edtica e argumentativa, o autor aborda a efetividade do direito fundamental social \u00e0 educa\u00e7\u00e3o sob o prisma da proibi\u00e7\u00e3o de retrocesso, princ\u00edpio expresso nos tratados internacionais dos quais o Brasil \u00e9 signat\u00e1rio.&#8221;<\/p>\n<p><em>Prof. Dra. Maria das Gra\u00e7as Pinto de Britto<\/em><\/p>","protected":false},"excerpt":{"rendered":"<p>Laerte Radtke Karnopp<\/p>\n<p><strong>Vers\u00e3o impressa &#8211; <a href=\"https:\/\/www.amazon.com.br\/Nem-passo-atr%C3%A1s-Proibi%C3%A7%C3%A3o-retrocesso\/dp\/6586537304\/ref=sr_1_1?__mk_pt_BR=%C3%85M%C3%85%C5%BD%C3%95%C3%91&amp;dchild=1&amp;keywords=nem+um+passo+atras&amp;qid=1626924368&amp;sr=8-1\">Clique aqui<\/a><br \/>Vers\u00e3o digital (e-book) &#8211; Clique no bot\u00e3o Comprar<\/strong><\/p>","protected":false},"featured_media":25450,"template":"","meta":{"_joinchat":[]},"product_brand":[],"product_cat":[57],"product_tag":[],"class_list":{"0":"post-25431","1":"product","2":"type-product","3":"status-publish","4":"has-post-thumbnail","6":"product_cat-ciencias-sociais-aplicadas","7":"align-center","8":"box-shadow-1","9":"box-shadow-3-hover","10":"ast-product-gallery-layout-horizontal","11":"ast-product-gallery-with-no-image","12":"ast-product-tabs-layout-horizontal","14":"first","15":"instock","16":"downloadable","17":"virtual","18":"purchasable","19":"product-type-simple"},"_links":{"self":[{"href":"https:\/\/www.dommodesto.com.br\/en\/wp-json\/wp\/v2\/product\/25431","targetHints":{"allow":["GET"]}}],"collection":[{"href":"https:\/\/www.dommodesto.com.br\/en\/wp-json\/wp\/v2\/product"}],"about":[{"href":"https:\/\/www.dommodesto.com.br\/en\/wp-json\/wp\/v2\/types\/product"}],"wp:featuredmedia":[{"embeddable":true,"href":"https:\/\/www.dommodesto.com.br\/en\/wp-json\/wp\/v2\/media\/25450"}],"wp:attachment":[{"href":"https:\/\/www.dommodesto.com.br\/en\/wp-json\/wp\/v2\/media?parent=25431"}],"wp:term":[{"taxonomy":"product_brand","embeddable":true,"href":"https:\/\/www.dommodesto.com.br\/en\/wp-json\/wp\/v2\/product_brand?post=25431"},{"taxonomy":"product_cat","embeddable":true,"href":"https:\/\/www.dommodesto.com.br\/en\/wp-json\/wp\/v2\/product_cat?post=25431"},{"taxonomy":"product_tag","embeddable":true,"href":"https:\/\/www.dommodesto.com.br\/en\/wp-json\/wp\/v2\/product_tag?post=25431"}],"curies":[{"name":"wp","href":"https:\/\/api.w.org\/{rel}","templated":true}]}}