{"id":13541,"date":"2020-12-22T16:37:13","date_gmt":"2020-12-22T19:37:13","guid":{"rendered":"https:\/\/www.dommodesto.com.br\/?post_type=product&#038;p=13541"},"modified":"2020-12-25T10:44:07","modified_gmt":"2020-12-25T13:44:07","slug":"estado-de-direito-contemporaneo-reflexoes-criticas","status":"publish","type":"product","link":"https:\/\/www.dommodesto.com.br\/en\/product\/estado-de-direito-contemporaneo-reflexoes-criticas\/","title":{"rendered":"Estado de Direito Contempor\u00e2neo: reflex\u00f5es cr\u00edticas"},"content":{"rendered":"<p>N\u00e3o se pode negar o fato que h\u00e1 o risco latente de o Estado Democr\u00e1tico de Direito chegar ao seu fim no Brasil: em verdade, se o Direito \u00e9 a primeira v\u00edtima, a segunda \u00e9 a democracia; \u00e9 nessa ordem que os eventos se sucedem. Com efeito, v\u00ea-se, ultimamente, um ataque sem igual \u00e0s garantias do Direito, o que requer uma resist\u00eancia em igual intensidade para reafirmar os valores b\u00e1sicos da Constitui\u00e7\u00e3o de 1988. Ademais disso, \u00e9 preciso aten\u00e7\u00e3o com a quest\u00e3o do clamor social quando este pretende afastar a densidade principiol\u00f3gica plasmada na Constitui\u00e7\u00e3o, enquanto garantia de direitos. Portanto, reconhecendo o papel relevant\u00edssimo pertencente \u00e0 Doutrina \u2013 que deve doutrinar &#8211; , a presente obra entrega \u00e0 comunidade jur\u00eddica um fecundo debate sobre os principais elementos que gravitam em torno do Estado de Direito, numa perspectiva contempor\u00e2nea.<\/p>","protected":false},"excerpt":{"rendered":"<p>Gabriel Wedy, Isaac Ronaltii Sarah da Costa Saraiva<\/p>\n<p><strong>Vers\u00e3o impressa &#8211; <a href=\"https:\/\/www.amazon.com.br\/\">Clique aqui<\/a><br \/>Vers\u00e3o digital (e-book) &#8211; Clique no bot\u00e3o Comprar<\/strong><\/p>","protected":false},"featured_media":13543,"template":"","meta":{"_joinchat":[]},"product_brand":[],"product_cat":[15],"product_tag":[],"class_list":{"0":"post-13541","1":"product","2":"type-product","3":"status-publish","4":"has-post-thumbnail","6":"product_cat-sem-categoria","7":"product_shipping_class-geral","8":"align-center","9":"box-shadow-1","10":"box-shadow-3-hover","11":"ast-product-gallery-layout-horizontal","12":"ast-product-gallery-with-no-image","13":"ast-product-tabs-layout-horizontal","15":"first","16":"instock","17":"downloadable","18":"virtual","19":"purchasable","20":"product-type-simple"},"_links":{"self":[{"href":"https:\/\/www.dommodesto.com.br\/en\/wp-json\/wp\/v2\/product\/13541","targetHints":{"allow":["GET"]}}],"collection":[{"href":"https:\/\/www.dommodesto.com.br\/en\/wp-json\/wp\/v2\/product"}],"about":[{"href":"https:\/\/www.dommodesto.com.br\/en\/wp-json\/wp\/v2\/types\/product"}],"wp:featuredmedia":[{"embeddable":true,"href":"https:\/\/www.dommodesto.com.br\/en\/wp-json\/wp\/v2\/media\/13543"}],"wp:attachment":[{"href":"https:\/\/www.dommodesto.com.br\/en\/wp-json\/wp\/v2\/media?parent=13541"}],"wp:term":[{"taxonomy":"product_brand","embeddable":true,"href":"https:\/\/www.dommodesto.com.br\/en\/wp-json\/wp\/v2\/product_brand?post=13541"},{"taxonomy":"product_cat","embeddable":true,"href":"https:\/\/www.dommodesto.com.br\/en\/wp-json\/wp\/v2\/product_cat?post=13541"},{"taxonomy":"product_tag","embeddable":true,"href":"https:\/\/www.dommodesto.com.br\/en\/wp-json\/wp\/v2\/product_tag?post=13541"}],"curies":[{"name":"wp","href":"https:\/\/api.w.org\/{rel}","templated":true}]}}