{"id":11003,"date":"2020-09-19T16:05:22","date_gmt":"2020-09-19T19:05:22","guid":{"rendered":"https:\/\/www.dommodesto.com.br\/?post_type=product&#038;p=11003"},"modified":"2020-09-19T16:16:14","modified_gmt":"2020-09-19T19:16:14","slug":"gestao-da-saude-publica-no-brasil-controle-social-intervencao-judicial-e-propostas-de-harmonizacao","status":"publish","type":"product","link":"https:\/\/www.dommodesto.com.br\/en\/product\/gestao-da-saude-publica-no-brasil-controle-social-intervencao-judicial-e-propostas-de-harmonizacao\/","title":{"rendered":"Gest\u00e3o da sa\u00fade p\u00fablica no Brasil: controle social, interven\u00e7\u00e3o judicial e propostas de harmoniza\u00e7\u00e3o"},"content":{"rendered":"<p>Em um cen\u00e1rio jur\u00eddico e social no qual o processo de judicializa\u00e7\u00e3o da sa\u00fade no Brasil e a atua\u00e7\u00e3o interventiva do Poder Judici\u00e1rio no \u00e2mbito do funcionamento do SUS acabam invertendo a dogm\u00e1tica constitucional desse direito, que \u00e9 conformado essencialmente pela l\u00f3gica da participa\u00e7\u00e3o, a proposta inovadora a que essa obra convida o leitor \u00e9 a de se interpretar que o direito \u00e0 sa\u00fade, como posto na Constitui\u00e7\u00e3o Federal de 1988, s\u00f3 se concretiza com a efetiva participa\u00e7\u00e3o social na confec\u00e7\u00e3o e respectivo controle social na execu\u00e7\u00e3o da pol\u00edtica p\u00fablica por ela prevista e que isto deve ser respeitado pelo Poder Judici\u00e1rio quando as quest\u00f5es de direito \u00e0 sa\u00fade s\u00e3o a ele submetidas. Para al\u00e9m da an\u00e1lise cr\u00edtica aprofundada que instiga a reflex\u00e3o sobre um tema t\u00e3o relevante, a obra ainda avan\u00e7a na constru\u00e7\u00e3o de propostas de harmoniza\u00e7\u00e3o da atua\u00e7\u00e3o judicial para uma melhor conforma\u00e7\u00e3o da gest\u00e3o das pol\u00edticas p\u00fablicas de sa\u00fade.<\/p>","protected":false},"excerpt":{"rendered":"<p>Mauro Lu\u00eds Silva de Souza<\/p>","protected":false},"featured_media":11005,"template":"","meta":{"_joinchat":[]},"product_brand":[],"product_cat":[15],"product_tag":[],"class_list":{"0":"post-11003","1":"product","2":"type-product","3":"status-publish","4":"has-post-thumbnail","6":"product_cat-sem-categoria","7":"product_shipping_class-geral","8":"align-center","9":"box-shadow-1","10":"box-shadow-3-hover","11":"ast-product-gallery-layout-horizontal","12":"ast-product-gallery-with-no-image","13":"ast-product-tabs-layout-horizontal","15":"first","16":"instock","17":"shipping-taxable","18":"purchasable","19":"product-type-variable"},"_links":{"self":[{"href":"https:\/\/www.dommodesto.com.br\/en\/wp-json\/wp\/v2\/product\/11003","targetHints":{"allow":["GET"]}}],"collection":[{"href":"https:\/\/www.dommodesto.com.br\/en\/wp-json\/wp\/v2\/product"}],"about":[{"href":"https:\/\/www.dommodesto.com.br\/en\/wp-json\/wp\/v2\/types\/product"}],"wp:featuredmedia":[{"embeddable":true,"href":"https:\/\/www.dommodesto.com.br\/en\/wp-json\/wp\/v2\/media\/11005"}],"wp:attachment":[{"href":"https:\/\/www.dommodesto.com.br\/en\/wp-json\/wp\/v2\/media?parent=11003"}],"wp:term":[{"taxonomy":"product_brand","embeddable":true,"href":"https:\/\/www.dommodesto.com.br\/en\/wp-json\/wp\/v2\/product_brand?post=11003"},{"taxonomy":"product_cat","embeddable":true,"href":"https:\/\/www.dommodesto.com.br\/en\/wp-json\/wp\/v2\/product_cat?post=11003"},{"taxonomy":"product_tag","embeddable":true,"href":"https:\/\/www.dommodesto.com.br\/en\/wp-json\/wp\/v2\/product_tag?post=11003"}],"curies":[{"name":"wp","href":"https:\/\/api.w.org\/{rel}","templated":true}]}}