{"id":2724,"date":"2019-12-07T11:23:29","date_gmt":"2019-12-07T13:23:29","guid":{"rendered":"https:\/\/loja.dommodesto.com.br\/?page_id=2724"},"modified":"2020-05-24T15:45:14","modified_gmt":"2020-05-24T18:45:14","slug":"qualis-livros","status":"publish","type":"page","link":"https:\/\/www.dommodesto.com.br\/en\/qualis-livros\/","title":{"rendered":"Qualis livros"},"content":{"rendered":"<div data-elementor-type=\"wp-post\" data-elementor-id=\"2724\" class=\"elementor elementor-2724\" data-elementor-post-type=\"page\">\n\t\t\t\t\t\t<section class=\"elementor-section elementor-top-section elementor-element elementor-element-7af1913 elementor-section-content-middle elementor-section-boxed elementor-section-height-default elementor-section-height-default\" data-id=\"7af1913\" data-element_type=\"section\" data-settings=\"{&quot;background_background&quot;:&quot;classic&quot;}\">\n\t\t\t\t\t\t\t<div class=\"elementor-background-overlay\"><\/div>\n\t\t\t\t\t\t\t<div class=\"elementor-container elementor-column-gap-default\">\n\t\t\t\t\t<div class=\"elementor-column elementor-col-100 elementor-top-column elementor-element elementor-element-6ed6cac\" data-id=\"6ed6cac\" data-element_type=\"column\">\n\t\t\t<div class=\"elementor-widget-wrap elementor-element-populated\">\n\t\t\t\t\t\t<div class=\"elementor-element elementor-element-285c924 elementor-widget elementor-widget-heading\" data-id=\"285c924\" data-element_type=\"widget\" data-widget_type=\"heading.default\">\n\t\t\t\t<div class=\"elementor-widget-container\">\n\t\t\t\t\t<h1 class=\"elementor-heading-title elementor-size-default\">Qualis  livros<\/h1>\t\t\t\t<\/div>\n\t\t\t\t<\/div>\n\t\t\t\t\t<\/div>\n\t\t<\/div>\n\t\t\t\t\t<\/div>\n\t\t<\/section>\n\t\t\t\t<section class=\"elementor-section elementor-top-section elementor-element elementor-element-7d33ea6 elementor-section-boxed elementor-section-height-default elementor-section-height-default\" data-id=\"7d33ea6\" data-element_type=\"section\">\n\t\t\t\t\t\t<div class=\"elementor-container elementor-column-gap-default\">\n\t\t\t\t\t<div class=\"elementor-column elementor-col-100 elementor-top-column elementor-element elementor-element-827726c\" data-id=\"827726c\" data-element_type=\"column\" data-settings=\"{&quot;background_background&quot;:&quot;classic&quot;}\">\n\t\t\t<div class=\"elementor-widget-wrap elementor-element-populated\">\n\t\t\t\t\t\t<section class=\"elementor-section elementor-inner-section elementor-element elementor-element-ac995aa elementor-section-full_width elementor-section-content-middle elementor-section-height-default elementor-section-height-default\" data-id=\"ac995aa\" data-element_type=\"section\">\n\t\t\t\t\t\t<div class=\"elementor-container elementor-column-gap-no\">\n\t\t\t\t\t<div class=\"elementor-column elementor-col-50 elementor-inner-column elementor-element elementor-element-7f38b0a\" data-id=\"7f38b0a\" data-element_type=\"column\" data-settings=\"{&quot;background_background&quot;:&quot;classic&quot;}\">\n\t\t\t<div class=\"elementor-widget-wrap elementor-element-populated\">\n\t\t\t\t\t\t<div class=\"elementor-element elementor-element-f70f2dc elementor-drop-cap-yes elementor-drop-cap-view-default elementor-widget elementor-widget-text-editor\" data-id=\"f70f2dc\" data-element_type=\"widget\" data-settings=\"{&quot;drop_cap&quot;:&quot;yes&quot;}\" data-widget_type=\"text-editor.default\">\n\t\t\t\t<div class=\"elementor-widget-container\">\n\t\t\t\t\t\t\t\t\t<p>Voc\u00ea conhece o Qualis Livros e sabe o que fazer para que seu livro tenha uma boa estratifica\u00e7\u00e3o?<\/p><p>O Qualis \u00e9 uma ferramenta para a avalia\u00e7\u00e3o de programas de p\u00f3s-gradua\u00e7\u00e3o no que se refere aos artigos publicados em peri\u00f3dicos cient\u00edficos (Qualis Peri\u00f3dicos), \u00e0 produ\u00e7\u00e3o art\u00edstica (Qualis Art\u00edstico) e \u00e0 publica\u00e7\u00e3o em livros (Qualis livros).<\/p><p>A classifica\u00e7\u00e3o das obras atrav\u00e9s do Qualis Livros segue a estratifica\u00e7\u00e3o crescente L1, L2, L3, L4, sendo este \u00faltimo o estrato superior. H\u00e1 tamb\u00e9m exemplares n\u00e3o considerados para fins de avalia\u00e7\u00e3o que recebem o estrato LNC.<\/p><p>No entanto, A CAPES n\u00e3o possui cadastro de editoras, nem faz avalia\u00e7\u00e3o sobre sua qualidade. Da mesma forma, a estratifica\u00e7\u00e3o n\u00e3o depende apenas do atendimento de requisitos por parte das editoras, afinal perpassa tamb\u00e9m uma s\u00e9rie de crit\u00e9rios relacionados aos autores e \u00e0 qualidade t\u00e9cnica esperada para o texto, considerando, por exemplo, a relev\u00e2ncia cient\u00edfica da obra, sua inova\u00e7\u00e3o e potencialidade de impacto.<\/p><p>Por isso a Editora Dom Modesto possui um Editorial capacitado e interessado em auxiliar os autores para que seus livros atinjam a estratifica\u00e7\u00e3o m\u00e1xima (L4)!<\/p><p>Mas \u00e9 importante salientar que, por uma limita\u00e7\u00e3o t\u00e9cnico-operacional da CAPES, a classifica\u00e7\u00e3o de livros est\u00e1 sendo utilizada exclusivamente para fins do processo de avalia\u00e7\u00e3o de programas de p\u00f3s-gradua\u00e7\u00e3o. Ou seja, nesse momento n\u00e3o se divulga a rela\u00e7\u00e3o dos livros classificados. As \u00e1reas que se utilizam da classifica\u00e7\u00e3o de livros para a Avalia\u00e7\u00e3o dos Programas t\u00eam feito o procedimento diretamente por meio dos cadernos de indicadores, para avalia\u00e7\u00e3o dos programas de p\u00f3s-gradua\u00e7\u00e3o e\/ou planilhas espec\u00edficas e sua divulga\u00e7\u00e3o tem acontecido dentro da \u00e1rea, ou seja, diretamente aos programas.<\/p><p>Para entender melhor o Qualis Livros veja a Considera\u00e7\u00f5es sobre Classifica\u00e7\u00e3o de Livros do Minist\u00e9rio da Educa\u00e7\u00e3o ou fale conosco, estamos \u00e0 disposi\u00e7\u00e3o para lhe atender.<\/p>\t\t\t\t\t\t\t\t<\/div>\n\t\t\t\t<\/div>\n\t\t\t\t\t<\/div>\n\t\t<\/div>\n\t\t\t\t<div class=\"elementor-column elementor-col-50 elementor-inner-column elementor-element elementor-element-dd45772\" data-id=\"dd45772\" data-element_type=\"column\" data-settings=\"{&quot;background_background&quot;:&quot;classic&quot;}\">\n\t\t\t<div class=\"elementor-widget-wrap elementor-element-populated\">\n\t\t\t\t\t<div class=\"elementor-background-overlay\"><\/div>\n\t\t\t\t\t\t<div class=\"elementor-element elementor-element-9d4d9b0 elementor-widget elementor-widget-spacer\" data-id=\"9d4d9b0\" data-element_type=\"widget\" data-widget_type=\"spacer.default\">\n\t\t\t\t<div class=\"elementor-widget-container\">\n\t\t\t\t\t\t\t<div class=\"elementor-spacer\">\n\t\t\t<div class=\"elementor-spacer-inner\"><\/div>\n\t\t<\/div>\n\t\t\t\t\t\t<\/div>\n\t\t\t\t<\/div>\n\t\t\t\t\t<\/div>\n\t\t<\/div>\n\t\t\t\t\t<\/div>\n\t\t<\/section>\n\t\t\t\t\t<\/div>\n\t\t<\/div>\n\t\t\t\t\t<\/div>\n\t\t<\/section>\n\t\t\t\t<\/div>","protected":false},"excerpt":{"rendered":"<p>Qualis livros Voc\u00ea conhece o Qualis Livros e sabe o que fazer para que seu livro tenha uma boa estratifica\u00e7\u00e3o? O Qualis \u00e9 uma ferramenta para a avalia\u00e7\u00e3o de programas de p\u00f3s-gradua\u00e7\u00e3o no que se refere aos artigos publicados em peri\u00f3dicos cient\u00edficos (Qualis Peri\u00f3dicos), \u00e0 produ\u00e7\u00e3o art\u00edstica (Qualis Art\u00edstico) e \u00e0 publica\u00e7\u00e3o em livros (Qualis &hellip;<\/p>\n<p class=\"read-more\"> <a class=\"\" href=\"https:\/\/www.dommodesto.com.br\/en\/qualis-livros\/\"> <span class=\"screen-reader-text\">Qualis livros<\/span> Read More &raquo;<\/a><\/p>","protected":false},"author":1,"featured_media":0,"parent":0,"menu_order":0,"comment_status":"closed","ping_status":"closed","template":"","meta":{"_joinchat":[],"footnotes":""},"class_list":["post-2724","page","type-page","status-publish","hentry"],"_links":{"self":[{"href":"https:\/\/www.dommodesto.com.br\/en\/wp-json\/wp\/v2\/pages\/2724","targetHints":{"allow":["GET"]}}],"collection":[{"href":"https:\/\/www.dommodesto.com.br\/en\/wp-json\/wp\/v2\/pages"}],"about":[{"href":"https:\/\/www.dommodesto.com.br\/en\/wp-json\/wp\/v2\/types\/page"}],"author":[{"embeddable":true,"href":"https:\/\/www.dommodesto.com.br\/en\/wp-json\/wp\/v2\/users\/1"}],"replies":[{"embeddable":true,"href":"https:\/\/www.dommodesto.com.br\/en\/wp-json\/wp\/v2\/comments?post=2724"}],"version-history":[{"count":5,"href":"https:\/\/www.dommodesto.com.br\/en\/wp-json\/wp\/v2\/pages\/2724\/revisions"}],"predecessor-version":[{"id":8739,"href":"https:\/\/www.dommodesto.com.br\/en\/wp-json\/wp\/v2\/pages\/2724\/revisions\/8739"}],"wp:attachment":[{"href":"https:\/\/www.dommodesto.com.br\/en\/wp-json\/wp\/v2\/media?parent=2724"}],"curies":[{"name":"wp","href":"https:\/\/api.w.org\/{rel}","templated":true}]}}